{"id":12927,"date":"2024-12-30T03:10:15","date_gmt":"2024-12-30T01:10:15","guid":{"rendered":"https:\/\/www.ocshop.ch\/produkt\/oto-fresh-set-nettoyage\/"},"modified":"2026-03-20T10:42:21","modified_gmt":"2026-03-20T08:42:21","slug":"oto-fresh-set-nettoyage","status":"publish","type":"product","link":"https:\/\/www.ocshop.ch\/fr\/produkt\/oto-fresh-set-nettoyage\/","title":{"rendered":"oto-fresh\u00ae SET NETTOYAGE"},"content":{"rendered":"&#13;\n<p>Le SET NETTOYAGE <sup>oto-fresh\u00ae<\/sup> sert \u00e0 nettoyer rapidement et efficacement les otoplastiques HDO, les protections auditives passives et les protections contre le bruit. Tous les produits <sup>oto-fresh\u00ae<\/sup> de ce kit (s\u00e9rie 1 \u00e0 4) sont parfaitement adapt\u00e9s les uns aux autres et peuvent \u00eatre combin\u00e9s facilement et simplement. Dans le sac de transport compact et pratique, tous les produits peuvent \u00eatre rang\u00e9s de mani\u00e8re claire gr\u00e2ce \u00e0 une r\u00e9partition intelligente des compartiments et sont ainsi toujours \u00e0 port\u00e9e de main. Un nettoyage, un s\u00e9chage et un entretien corrects garantissent non seulement une image sonore parfaite et une longue dur\u00e9e de vie des embouts, mais assurent \u00e9galement une hygi\u00e8ne optimale dans l&rsquo;oreille.   <\/p>&#13;\n\r\n<div class=\"wp-block-spacer\" style=\"height: 10px;\" aria-hidden=\"true\">\u00a0<\/div>\r\n&#13;\n<p>Parfait pour les voyages | avec accroche int\u00e9gr\u00e9e | compartimentage pratique | design sportif | mat\u00e9riau r\u00e9sistant<\/p>&#13;\n\r\n<div class=\"wp-block-spacer\" style=\"height: 20px;\" aria-hidden=\"true\">\u00a0<\/div>\r\n&#13;\n<h2 id=\"h-features\" class=\"wp-block-heading\">Caract\u00e9ristiques<\/h2>&#13;\n&#13;\n<p>1 NETTOYAGE : <sup>oto-fresh\u00ae<\/sup> VAPEUR NETTOYANT 30 ml (art. n\u00b0 6190), <sup>oto-fresh\u00ae<\/sup> LINGE NETTOYANT, individuel x 3 (art. n\u00b0 6140), <sup>oto-fresh\u00ae<\/sup> TABLEAUX NETTOYANTS x 4 (art. n\u00b0 6131)<\/p>&#13;\n&#13;\n<p>2 OUTILS : <sup>oto-fresh\u00ae<\/sup> TAMIS DE C\u00c9RUMENCE (art. n\u00b0 4306), <sup>oto-fresh\u00ae<\/sup> D\u00c9TERGENT DE VENTILATION (art. n\u00b0 6184), <sup>oto-fresh\u00ae<\/sup> Godet (art. n\u00b0 6130)<\/p>&#13;\n&#13;\n<p>3 S\u00c9CHAGE : <sup>oto-fresh\u00ae<\/sup> PUSTER DE CANALISATION SONORE (art. n\u00b0 6133)<\/p>&#13;\n&#13;\n<p>4 SOIN : <sup>oto-fresh\u00ae<\/sup> CREME (art. n\u00b0 6075),<\/p>&#13;\n&#13;\n<p>Le sac <sup>oto-fresh\u00ae<\/sup> en d\u00e9tail : 1 compartiment principal zipp\u00e9, 1 compartiment zipp\u00e9 \u00e0 l&rsquo;ext\u00e9rieur, 2 compartiments en filet \u00e0 l&rsquo;int\u00e9rieur, 1 crochet de suspension<\/p>&#13;\n&#13;\n<p>Dimensions du sac : hauteur : 10 cm * profondeur : 10 cm * longueur : 20 cm<\/p>&#13;\n&#13;\n<p>Mat\u00e9riau ext\u00e9rieur du sac : nylon mesh (100%), couleur : gris<\/p>&#13;\n&#13;\n<p>Mat\u00e9riau int\u00e9rieur du sac : synth\u00e9tique, couleur : noir<\/p>&#13;\n","protected":false},"excerpt":{"rendered":"<p>Le SET NETTOYAGE <sup>oto-fresh\u00ae<\/sup> sert \u00e0 nettoyer rapidement et efficacement les otoplastiques HDO, les protections auditives passives et les protections contre le bruit. Tous les produits <sup>oto-fresh\u00ae<\/sup> de ce kit (s\u00e9rie 1 \u00e0 4) sont parfaitement adapt\u00e9s les uns aux autres et peuvent \u00eatre combin\u00e9s facilement et simplement. <\/p>\n","protected":false},"featured_media":12837,"template":"","meta":[],"product_brand":[],"product_cat":[493,467,491],"product_tag":[1093,1099,1102,1095,1090,1107,1092,1100,1096,1106,1097,1094,1109,1091,1103,1101,1105,1098,1104,1108],"class_list":{"0":"post-12927","1":"product","2":"type-product","3":"status-publish","4":"has-post-thumbnail","6":"product_cat-accessoires-pour-embouts-auriculaires","7":"product_cat-atelier-empreintes","8":"product_cat-nettoyage-et-entretien","9":"product_tag-acheter-un-kit-dentretien-pour-aides-auditives","10":"product_tag-kit-complet-dentretien-quotidien-pour-aides-auditives","11":"product_tag-kit-daccessoires-de-nettoyage-pour-aides-auditives","12":"product_tag-kit-de-maintenance-complet-pour-aides-auditives","13":"product_tag-kit-de-nettoyage-complet-pour-aides-auditives","14":"product_tag-kit-de-nettoyage-de-cerumen-pour-embouts-auriculaires","15":"product_tag-kit-de-nettoyage-dembouts-et-retrait-du-cerumen","16":"product_tag-kit-de-nettoyage-efficace-pour-aides-auditives","17":"product_tag-kit-de-nettoyage-pour-embouts-de-contours-doreille","18":"product_tag-kit-de-nettoyage-pour-events-daides-auditives","19":"product_tag-kit-de-nettoyage-pour-protections-auditives","20":"product_tag-kit-de-nettoyage-pour-systemes-auditifs-en-cabinet","21":"product_tag-kit-de-nettoyage-professionnel-pour-aides-auditives","22":"product_tag-kit-de-nettoyage-professionnel-pour-laudioprothese","23":"product_tag-kit-de-service-et-nettoyage-en-audioprothese","24":"product_tag-kit-dentretien-hygienique-pour-embouts-auriculaires","25":"product_tag-kit-dentretien-pour-prolonger-la-duree-de-vie-des-aides-auditives","26":"product_tag-kit-dextraction-de-cerumen-pour-aides-auditives","27":"product_tag-solution-complete-et-simple-de-nettoyage-pour-systemes-auditifs","28":"product_tag-trousse-dentretien-nomade-pour-aides-auditives","29":"tm-no-options","31":"first","32":"instock","33":"taxable","34":"shipping-taxable","35":"product-type-simple"},"_links":{"self":[{"href":"https:\/\/www.ocshop.ch\/fr\/wp-json\/wp\/v2\/product\/12927","targetHints":{"allow":["GET"]}}],"collection":[{"href":"https:\/\/www.ocshop.ch\/fr\/wp-json\/wp\/v2\/product"}],"about":[{"href":"https:\/\/www.ocshop.ch\/fr\/wp-json\/wp\/v2\/types\/product"}],"wp:featuredmedia":[{"embeddable":true,"href":"https:\/\/www.ocshop.ch\/fr\/wp-json\/wp\/v2\/media\/12837"}],"wp:attachment":[{"href":"https:\/\/www.ocshop.ch\/fr\/wp-json\/wp\/v2\/media?parent=12927"}],"wp:term":[{"taxonomy":"product_brand","embeddable":true,"href":"https:\/\/www.ocshop.ch\/fr\/wp-json\/wp\/v2\/product_brand?post=12927"},{"taxonomy":"product_cat","embeddable":true,"href":"https:\/\/www.ocshop.ch\/fr\/wp-json\/wp\/v2\/product_cat?post=12927"},{"taxonomy":"product_tag","embeddable":true,"href":"https:\/\/www.ocshop.ch\/fr\/wp-json\/wp\/v2\/product_tag?post=12927"}],"curies":[{"name":"wp","href":"https:\/\/api.w.org\/{rel}","templated":true}]}}