{"id":12924,"date":"2024-12-30T03:39:49","date_gmt":"2024-12-30T01:39:49","guid":{"rendered":"https:\/\/www.ocshop.ch\/produkt\/oto-fresh-linge-de-nettoyage-en-distributeur-petit\/"},"modified":"2026-03-20T12:22:28","modified_gmt":"2026-03-20T10:22:28","slug":"oto-fresh-linge-de-nettoyage-en-distributeur-petit","status":"publish","type":"product","link":"https:\/\/www.ocshop.ch\/fr\/produkt\/oto-fresh-linge-de-nettoyage-en-distributeur-petit\/","title":{"rendered":"oto-fresh\u00ae LINGE DE NETTOYAGE en distributeur petit"},"content":{"rendered":"&#13;\n<p>Les lingettes nettoyantes oto-fresh\u00ae dans le petit distributeur ECS sont une solution efficace pour le nettoyage ext\u00e9rieur et l&rsquo;entretien des aides auditives, des protections auditives et des syst\u00e8mes d&rsquo;\u00e9coute intra-auriculaires. Ce kit compact contient 30 lingettes nettoyantes humides dans un distributeur pratique, id\u00e9al pour une utilisation \u00e0 la maison ou en d\u00e9placement.  Les lingettes de nettoyage oto-fresh\u00ae ont \u00e9t\u00e9 sp\u00e9cialement con\u00e7ues pour \u00e9liminer en douceur, mais efficacement, les salissures et le c\u00e9rumen (cire doreille), sans endommager les surfaces sensibles des appareils. Les appareils sont ainsi non seulement nettoy\u00e9s, mais aussi entretenus, ce qui prolonge leur dur\u00e9e de vie. Chaque lingette est impr\u00e9gn\u00e9e dune solution \u00e0 s\u00e9chage rapide qui ne laisse aucun r\u00e9sidu. Lutilisation est simple : prenez une lingette dans la bo\u00eete, essuyez la surface, puis laissez s\u00e9cher bri\u00e8vement.<\/p>&#13;\n\r\n<div class=\"wp-block-spacer\" style=\"height: 20px;\" aria-hidden=\"true\">\u00a0<\/div>\r\n&#13;\n<h2 id=\"h-features\" class=\"wp-block-heading\">Caract\u00e9ristiques<\/h2>&#13;\n&#13;\n<p>Taille de la toile : 120 x 95 mm<\/p>&#13;\n&#13;\n<p>Mat\u00e9riau du tissu : cr\u00eape<\/p>&#13;\n&#13;\n<p>Solution de trempage : 1,5g par lingette<\/p>&#13;\n&#13;\n<p>Contenu : bo\u00eete distributrice de 30 Lingettes nettoyantes oto-fresh\u00ae.<\/p>&#13;\n&#13;\n<p>Pour les grosses commandes : nombre de pi\u00e8ces par carton d&#8217;emballage : 20 bo\u00eetes<\/p>&#13;\n","protected":false},"excerpt":{"rendered":"<p>Les lingettes nettoyantes oto-fresh\u00ae dans le petit distributeur ECS sont une solution efficace pour le nettoyage ext\u00e9rieur et l&rsquo;entretien des aides auditives, des protections auditives et des syst\u00e8mes d&rsquo;\u00e9coute intra-auriculaires. Ce kit compact contient 30 lingettes nettoyantes humides dans un distributeur pratique, id\u00e9al pour une utilisation \u00e0 la maison ou en d\u00e9placement. <\/p>\n","protected":false},"featured_media":12849,"template":"","meta":[],"product_brand":[],"product_cat":[493,467,491],"product_tag":[1271,1276,1266,1274,1279,1265,1275,1270,1268,1263,1262,1264,1214,1278,1280,1269,1272,1277,1267,1273],"class_list":{"0":"post-12924","1":"product","2":"type-product","3":"status-publish","4":"has-post-thumbnail","6":"product_cat-accessoires-pour-embouts-auriculaires","7":"product_cat-atelier-empreintes","8":"product_cat-nettoyage-et-entretien","9":"product_tag-boite-distributrice-daccessoires-dhygiene-pour-aides-auditives","10":"product_tag-distributeur-de-lingettes-de-nettoyage-pour-cabinet-daudioprothese","11":"product_tag-distributeur-de-lingettes-pour-retirer-le-cerumen-des-aides-auditives","12":"product_tag-distributeur-pour-le-nettoyage-du-cerumen-des-embouts-auriculaires","13":"product_tag-entretien-lingettes-hygieniques-pour-la-surface-des-aides-auditives","14":"product_tag-entretien-des-aides-auditives-lingettes-en-distributeur-pour-cabinet","15":"product_tag-entretien-des-aides-auditives-nettoyage-pour-prolonger-la-duree-de-vie","16":"product_tag-entretien-et-nettoyage-des-embouts-auriculaires-petit-distributeur","17":"product_tag-entretien-quotidien-des-aides-auditives-solution-en-distributeur","18":"product_tag-lingettes-de-nettoyage-pour-aides-auditives-distributeur-compact","19":"product_tag-lingettes-de-nettoyage-pour-aides-auditives-petit-distributeur","20":"product_tag-lingettes-de-nettoyage-pour-embouts-auriculaires-petite-boite-distributrice","21":"product_tag-lingettes-hygieniques-pour-le-nettoyage-des-appareils-auditifs-intra-auriculaires-ido","22":"product_tag-maintenance-et-nettoyage-des-aides-auditives-accessoires-en-distributeur","23":"product_tag-nettoyage-des-aides-auditives-solution-distributrice-pratique","24":"product_tag-nettoyage-des-aides-auditives-contour-doreille-lingettes-en-distributeur","25":"product_tag-nettoyage-des-protections-auditives-lingettes-en-distributeur-compact","26":"product_tag-nettoyage-des-systemes-auditifs-sans-residus-lingettes","27":"product_tag-nettoyage-hygienique-des-systemes-auditifs-boite-distributrice","28":"product_tag-nettoyer-les-aides-auditives-rapidement-et-de-facon-hygienique-lingettes","29":"tm-no-options","31":"first","32":"instock","33":"taxable","34":"shipping-taxable","35":"product-type-simple"},"_links":{"self":[{"href":"https:\/\/www.ocshop.ch\/fr\/wp-json\/wp\/v2\/product\/12924","targetHints":{"allow":["GET"]}}],"collection":[{"href":"https:\/\/www.ocshop.ch\/fr\/wp-json\/wp\/v2\/product"}],"about":[{"href":"https:\/\/www.ocshop.ch\/fr\/wp-json\/wp\/v2\/types\/product"}],"wp:featuredmedia":[{"embeddable":true,"href":"https:\/\/www.ocshop.ch\/fr\/wp-json\/wp\/v2\/media\/12849"}],"wp:attachment":[{"href":"https:\/\/www.ocshop.ch\/fr\/wp-json\/wp\/v2\/media?parent=12924"}],"wp:term":[{"taxonomy":"product_brand","embeddable":true,"href":"https:\/\/www.ocshop.ch\/fr\/wp-json\/wp\/v2\/product_brand?post=12924"},{"taxonomy":"product_cat","embeddable":true,"href":"https:\/\/www.ocshop.ch\/fr\/wp-json\/wp\/v2\/product_cat?post=12924"},{"taxonomy":"product_tag","embeddable":true,"href":"https:\/\/www.ocshop.ch\/fr\/wp-json\/wp\/v2\/product_tag?post=12924"}],"curies":[{"name":"wp","href":"https:\/\/api.w.org\/{rel}","templated":true}]}}