{"id":12921,"date":"2024-12-30T02:17:06","date_gmt":"2024-12-30T00:17:06","guid":{"rendered":"https:\/\/www.ocshop.ch\/produkt\/oto-fresh-tableaux-de-nettoyage\/"},"modified":"2025-01-07T14:23:48","modified_gmt":"2025-01-07T12:23:48","slug":"oto-fresh-tableaux-de-nettoyage","status":"publish","type":"product","link":"https:\/\/www.ocshop.ch\/fr\/produkt\/oto-fresh-tableaux-de-nettoyage\/","title":{"rendered":"oto-fresh\u00ae TABLEAUX DE NETTOYAGE"},"content":{"rendered":"\n<p>D\u00e9couvre le nettoyage en profondeur et en douceur de tes appareils auditifs BTE avec les TABS DE NETTOYAGE oto-fresh\u00ae. Sp\u00e9cialement con\u00e7us pour nettoyer efficacement les embouts des appareils auditifs contour d&rsquo;oreille, ces tabs garantissent un fonctionnement optimal de ton appareil auditif. Avec les TABS DE NETTOYAGE oto-fresh\u00ae, tu t&rsquo;assures un port hygi\u00e9nique et agr\u00e9able. L&rsquo;utilisation est tr\u00e8s simple : dissous un TABLEAU DE NETTOYAGE oto-fresh\u00ae dans de l&rsquo;eau en le versant dans le BOUILLON oto-fresh\u00ae sp\u00e9cialement con\u00e7u \u00e0 cet effet. Ce bain nettoyant efficace assure un nettoyage et un soin en profondeur des embouts auriculaires. 20 TABLEAUX NETTOYANTS oto-fresh\u00ae sont inclus dans la livraison.       <\/p>\n\n<p>Attention : ces pastilles de nettoyage ne sont pas con\u00e7ues pour les appareils intra-auriculaires. Ils ont \u00e9t\u00e9 sp\u00e9cialement con\u00e7us pour r\u00e9pondre aux besoins des syst\u00e8mes derri\u00e8re l&rsquo;oreille. <\/p>\n\n<div style=\"height:20px\" aria-hidden=\"true\" class=\"wp-block-spacer\"><\/div>\n\n<h2 class=\"wp-block-heading\" id=\"h-features\">Caract\u00e9ristiques<\/h2>\n\n<p>La formule tr\u00e8s efficace \u00e9limine sans effort tous les r\u00e9sidus de c\u00e9rumen sans pour autant agresser le mat\u00e9riau de l&rsquo;oreille.<\/p>\n\n<p>La combinaison d&rsquo;oxyg\u00e8ne actif et d&rsquo;agents nettoyants actifs garantit une propret\u00e9 fiable<\/p>\n\n<p>Couleur des onglets : blanc<\/p>\n\n<p>Contenu de la livraison : 20 tablettes de nettoyage (emball\u00e9es individuellement) dans un carton fin<\/p>\n\n<p>Pour les grosses commandes : nombre de pi\u00e8ces par carton d&#8217;emballage : 24 paquets<\/p>\n\n<p>Le bain nettoyant ne convient pas aux appareils intra-auriculaires !<\/p>\n","protected":false},"excerpt":{"rendered":"<p>D\u00e9couvre le nettoyage en profondeur et en douceur de tes appareils auditifs BTE avec les TABS DE NETTOYAGE oto-fresh\u00ae. Sp\u00e9cialement con\u00e7us pour nettoyer efficacement les embouts des appareils auditifs contour d&rsquo;oreille, ces tabs garantissent un fonctionnement optimal de ton appareil auditif. Avec les TABS DE NETTOYAGE oto-fresh\u00ae, tu t&rsquo;assures un port hygi\u00e9nique et agr\u00e9able.  <\/p>\n","protected":false},"featured_media":12821,"template":"","meta":[],"product_brand":[],"product_cat":[493,491],"product_tag":[],"class_list":{"0":"post-12921","1":"product","2":"type-product","3":"status-publish","4":"has-post-thumbnail","6":"product_cat-accessoires-pour-embouts-auriculaires","7":"product_cat-nettoyage-et-entretien","8":"tm-no-options","10":"first","11":"instock","12":"taxable","13":"shipping-taxable","14":"product-type-simple"},"_links":{"self":[{"href":"https:\/\/www.ocshop.ch\/fr\/wp-json\/wp\/v2\/product\/12921","targetHints":{"allow":["GET"]}}],"collection":[{"href":"https:\/\/www.ocshop.ch\/fr\/wp-json\/wp\/v2\/product"}],"about":[{"href":"https:\/\/www.ocshop.ch\/fr\/wp-json\/wp\/v2\/types\/product"}],"wp:featuredmedia":[{"embeddable":true,"href":"https:\/\/www.ocshop.ch\/fr\/wp-json\/wp\/v2\/media\/12821"}],"wp:attachment":[{"href":"https:\/\/www.ocshop.ch\/fr\/wp-json\/wp\/v2\/media?parent=12921"}],"wp:term":[{"taxonomy":"product_brand","embeddable":true,"href":"https:\/\/www.ocshop.ch\/fr\/wp-json\/wp\/v2\/product_brand?post=12921"},{"taxonomy":"product_cat","embeddable":true,"href":"https:\/\/www.ocshop.ch\/fr\/wp-json\/wp\/v2\/product_cat?post=12921"},{"taxonomy":"product_tag","embeddable":true,"href":"https:\/\/www.ocshop.ch\/fr\/wp-json\/wp\/v2\/product_tag?post=12921"}],"curies":[{"name":"wp","href":"https:\/\/api.w.org\/{rel}","templated":true}]}}