{"id":12920,"date":"2024-12-30T04:28:37","date_gmt":"2024-12-30T02:28:37","guid":{"rendered":"https:\/\/www.ocshop.ch\/produkt\/oto-fresh-tampons-de-cerumen\/"},"modified":"2026-03-20T12:40:40","modified_gmt":"2026-03-20T10:40:40","slug":"oto-fresh-tampons-de-cerumen","status":"publish","type":"product","link":"https:\/\/www.ocshop.ch\/fr\/produkt\/oto-fresh-tampons-de-cerumen\/","title":{"rendered":"oto-fresh\u00ae Tampons de c\u00e9rumen"},"content":{"rendered":"&#13;\n<p>L&rsquo;ETIQUETTE CERUMINEUSE oto-fresh\u00ae est sp\u00e9cialement con\u00e7ue pour \u00e9liminer efficacement et en toute s\u00e9curit\u00e9 le c\u00e9rumen du conduit auditif de l&#8217;embout. Il permet non seulement un nettoyage en profondeur, mais facilite \u00e9galement le retrait sans effort du filtre de l&#8217;embout auriculaire. D\u00e9velopp\u00e9 pour une utilisation en douceur, l&rsquo;OUTIL CERUMINAIRE oto-fresh\u00ae garantit un soin efficace pour tes appareils auditifs et otoplastiques. Nos clients re\u00e7oivent gratuitement un b\u00e2tonnet de c\u00e9rumen pour chaque commande de protection auditive !   <\/p>&#13;\n&#13;\n<h2 id=\"h-features\" class=\"wp-block-heading\">Caract\u00e9ristiques<\/h2>&#13;\n&#13;\n<p>Mat\u00e9riau : plastique<\/p>&#13;\n&#13;\n<p>couleur : noir<\/p>&#13;\n&#13;\n<p>Longueur : 5 cm (pointe 0,7 cm)<\/p>&#13;\n","protected":false},"excerpt":{"rendered":"<p>L&rsquo;ETIQUETTE CERUMINEUSE oto-fresh\u00ae est sp\u00e9cialement con\u00e7ue pour \u00e9liminer efficacement et en toute s\u00e9curit\u00e9 le c\u00e9rumen du conduit auditif de l&#8217;embout. Il permet non seulement un nettoyage en profondeur, mais facilite \u00e9galement le retrait sans effort du filtre de l&#8217;embout de protection auditive. <\/p>\n","protected":false},"featured_media":12875,"template":"","meta":[],"product_brand":[],"product_cat":[467,491],"product_tag":[1506,1497,1498,1499,1515,1508,1507,1502,1512,1510,1513,1504,1501,1509,1511,1503,1400,1514,1505,1500],"class_list":{"0":"post-12920","1":"product","2":"type-product","3":"status-publish","4":"has-post-thumbnail","6":"product_cat-atelier-empreintes","7":"product_cat-nettoyage-et-entretien","8":"product_tag-accessoires-de-maintenance-pour-aides-auditives-batonnets","9":"product_tag-batonnets-de-cerumen-pour-aides-auditives","10":"product_tag-batonnets-de-nettoyage-pour-aides-auditives-retirer-le-cerumen","11":"product_tag-batonnets-de-nettoyage-pour-embouts-auriculaires-audioprothese","12":"product_tag-nettoyage-des-aides-auditives-batonnets-de-precision","13":"product_tag-nettoyage-des-aides-auditives-contour-doreille-outil-de-precision","14":"product_tag-nettoyage-des-aides-auditives-intra-auriculaires-batonnets","15":"product_tag-nettoyage-des-systemes-auditifs-ouvertures-fines-batonnets","16":"product_tag-nettoyage-des-systemes-auditifs-petites-ouvertures-outil","17":"product_tag-nettoyage-du-cerumen-embout-auriculaire-batonnets-surs","18":"product_tag-nettoyage-hygienique-des-embouts-auriculaires-batonnets","19":"product_tag-nettoyer-le-canal-de-percage-de-lembout-auriculaire-batonnets","20":"product_tag-outil-batonnets-pour-changer-les-filtres-daides-auditives","21":"product_tag-outil-daudioprothese-retirer-le-cerumen","22":"product_tag-outil-de-service-pour-aides-auditives-changement-de-filtre","23":"product_tag-outil-dentretien-des-aides-auditives-nettoyage-precis","24":"product_tag-outil-dentretien-quotidien-pour-aides-auditives","25":"product_tag-retirer-le-cerumen-efficacement-accessoires-pour-aides-auditives","26":"product_tag-retirer-le-cerumen-outil-pour-canal-auditif","27":"product_tag-retirer-le-cerumen-outil-pour-embout-auriculaire","28":"tm-no-options","30":"first","31":"instock","32":"taxable","33":"shipping-taxable","34":"product-type-simple"},"_links":{"self":[{"href":"https:\/\/www.ocshop.ch\/fr\/wp-json\/wp\/v2\/product\/12920","targetHints":{"allow":["GET"]}}],"collection":[{"href":"https:\/\/www.ocshop.ch\/fr\/wp-json\/wp\/v2\/product"}],"about":[{"href":"https:\/\/www.ocshop.ch\/fr\/wp-json\/wp\/v2\/types\/product"}],"wp:featuredmedia":[{"embeddable":true,"href":"https:\/\/www.ocshop.ch\/fr\/wp-json\/wp\/v2\/media\/12875"}],"wp:attachment":[{"href":"https:\/\/www.ocshop.ch\/fr\/wp-json\/wp\/v2\/media?parent=12920"}],"wp:term":[{"taxonomy":"product_brand","embeddable":true,"href":"https:\/\/www.ocshop.ch\/fr\/wp-json\/wp\/v2\/product_brand?post=12920"},{"taxonomy":"product_cat","embeddable":true,"href":"https:\/\/www.ocshop.ch\/fr\/wp-json\/wp\/v2\/product_cat?post=12920"},{"taxonomy":"product_tag","embeddable":true,"href":"https:\/\/www.ocshop.ch\/fr\/wp-json\/wp\/v2\/product_tag?post=12920"}],"curies":[{"name":"wp","href":"https:\/\/api.w.org\/{rel}","templated":true}]}}