{"id":12919,"date":"2024-12-30T03:19:27","date_gmt":"2024-12-30T01:19:27","guid":{"rendered":"https:\/\/www.ocshop.ch\/produkt\/oto-fresh-set-nettoyage-sechage\/"},"modified":"2026-03-20T10:44:38","modified_gmt":"2026-03-20T08:44:38","slug":"oto-fresh-set-nettoyage-sechage","status":"publish","type":"product","link":"https:\/\/www.ocshop.ch\/fr\/produkt\/oto-fresh-set-nettoyage-sechage\/","title":{"rendered":"oto-fresh\u00ae SET NETTOYAGE + S\u00c9CHAGE"},"content":{"rendered":"&#13;\n<p>Le SET <sup>oto-fresh\u00ae<\/sup> NETTOYAGE + S\u00c9CHAGE sert \u00e0 nettoyer rapidement et efficacement les \u00e9couteurs Ex, les In Ears et les protections auditives actives. Tous les produits <sup>oto-fresh\u00ae<\/sup> de ce kit (s\u00e9rie 1 \u00e0 4) sont parfaitement adapt\u00e9s les uns aux autres et peuvent \u00eatre combin\u00e9s facilement et simplement. Dans le sac de transport compact et pratique, tous les produits peuvent \u00eatre rang\u00e9s de mani\u00e8re claire gr\u00e2ce \u00e0 une r\u00e9partition intelligente des compartiments et sont ainsi toujours \u00e0 port\u00e9e de main. Un nettoyage, un s\u00e9chage et un entretien corrects garantissent non seulement une image sonore parfaite et une longue dur\u00e9e de vie des embouts, mais assurent \u00e9galement une hygi\u00e8ne optimale dans l&rsquo;oreille.   <\/p>&#13;\n\r\n<div class=\"wp-block-spacer\" style=\"height: 10px;\" aria-hidden=\"true\">\u00a0<\/div>\r\n&#13;\n<p>parfait pour les voyages | avec accroche int\u00e9gr\u00e9e | compartimentage pratique | design sportif | mat\u00e9riau r\u00e9sistant<\/p>&#13;\n\r\n<div class=\"wp-block-spacer\" style=\"height: 20px;\" aria-hidden=\"true\">\u00a0<\/div>\r\n&#13;\n<h2 id=\"h-features\" class=\"wp-block-heading\">Caract\u00e9ristiques<\/h2>&#13;\n&#13;\n<p>NETTOYAGE : oto-fresh\u00ae VAPEUR NETTOYANT 30 ml (r\u00e9f. 6190), oto-fresh\u00ae LINGE NETTOYANT individuel x 5 (r\u00e9f. 6140)<\/p>&#13;\n&#13;\n<p>OUTILS : oto-fresh\u00ae BOUCHET (art. n\u00b0 6130), oto-fresh\u00ae BROSSE CERUMENE (art. n\u00b0 4369), oto-fresh\u00ae D\u00c9TERGENT (art. n\u00b0 6184)<\/p>&#13;\n&#13;\n<p>S\u00c9CHAGE : oto-fresh\u00ae GACHETTES S\u00c9CHANTES x 2 (art. n\u00b0 6129)<\/p>&#13;\n&#13;\n<p>SOIN : oto-fresh\u00ae CREME (art. n\u00b0 6075)<\/p>&#13;\n&#13;\n<p>Le sac <sup>oto-fresh\u00ae<\/sup> en d\u00e9tail : 1 compartiment principal zipp\u00e9, 1 compartiment zipp\u00e9 \u00e0 l&rsquo;ext\u00e9rieur, 2 compartiments en filet \u00e0 l&rsquo;int\u00e9rieur, 1 crochet de suspension<\/p>&#13;\n&#13;\n<p>Sac <sup>oto-fresh\u00ae<\/sup> hauteur : 10 cm * profondeur : 10 cm * longueur : 20 cm<\/p>&#13;\n&#13;\n<p>Sac <sup>oto-fresh\u00ae<\/sup> Mat\u00e9riau ext\u00e9rieur : nylon mesh (100%), couleur : gris<\/p>&#13;\n&#13;\n<p><sup>oto-fresh\u00ae<\/sup> sac Mat\u00e9riau int\u00e9rieur : synth\u00e9tique, couleur : noir<\/p>&#13;\n","protected":false},"excerpt":{"rendered":"<p>Le SET <sup>oto-fresh\u00ae<\/sup> NETTOYAGE + S\u00c9CHAGE sert \u00e0 nettoyer rapidement et efficacement les \u00e9couteurs Ex, les In Ears et les protections auditives actives. Tous les produits <sup>oto-fresh\u00ae<\/sup> de ce kit (s\u00e9rie 1 \u00e0 4) sont parfaitement adapt\u00e9s les uns aux autres et peuvent \u00eatre combin\u00e9s facilement et simplement. <\/p>\n","protected":false},"featured_media":12841,"template":"","meta":[],"product_brand":[],"product_cat":[493,467,491],"product_tag":[1156,1149,1153,1146,1148,1162,1157,1159,1161,1151,1147,1155,1152,1154,1105,1160,1150,1158,1163,1108],"class_list":{"0":"post-12919","1":"product","2":"type-product","3":"status-publish","4":"has-post-thumbnail","6":"product_cat-accessoires-pour-embouts-auriculaires","7":"product_cat-atelier-empreintes","8":"product_cat-nettoyage-et-entretien","9":"product_tag-accessoires-de-nettoyage-et-de-sechage-pour-aides-auditives","10":"product_tag-acheter-un-kit-dentretien-complet-pour-aides-auditives","11":"product_tag-kit-complet-de-nettoyage-pour-aides-auditives-bte-et-ite","12":"product_tag-kit-de-nettoyage-et-de-sechage-pour-aides-auditives","13":"product_tag-kit-de-nettoyage-et-de-sechage-pour-otoplastiques","14":"product_tag-kit-de-nettoyage-et-de-sechage-pour-protections-auditives","15":"product_tag-kit-de-nettoyage-pour-aides-auditives-et-ecouteurs-deportes","16":"product_tag-kit-de-protection-contre-lhumidite-pour-systemes-auditifs","17":"product_tag-kit-de-service-complet-pour-aides-auditives-entretien","18":"product_tag-kit-delimination-du-cerumen-et-de-sechage-pour-aides-auditives","19":"product_tag-kit-dentretien-complet-pour-aides-auditives-nettoyage-et-sechage","20":"product_tag-kit-dentretien-pour-aides-auditives-elimination-de-lhumidite","21":"product_tag-kit-dentretien-pour-aides-auditives-nettoyage-et-sechage","22":"product_tag-kit-dentretien-pour-otoplastiques-sechage-hygienique","23":"product_tag-kit-dentretien-pour-prolonger-la-duree-de-vie-des-aides-auditives","24":"product_tag-nettoyage-du-conduit-auditif-et-sechage-des-otoplastiques","25":"product_tag-nettoyage-et-sechage-professionnels-des-systemes-auditifs","26":"product_tag-solution-complete-dhygiene-et-de-sechage-pour-aides-auditives","27":"product_tag-solution-professionnelle-complete-dentretien-pour-aides-auditives","28":"product_tag-trousse-dentretien-nomade-pour-aides-auditives","29":"tm-no-options","31":"first","32":"instock","33":"taxable","34":"shipping-taxable","35":"product-type-simple"},"_links":{"self":[{"href":"https:\/\/www.ocshop.ch\/fr\/wp-json\/wp\/v2\/product\/12919","targetHints":{"allow":["GET"]}}],"collection":[{"href":"https:\/\/www.ocshop.ch\/fr\/wp-json\/wp\/v2\/product"}],"about":[{"href":"https:\/\/www.ocshop.ch\/fr\/wp-json\/wp\/v2\/types\/product"}],"wp:featuredmedia":[{"embeddable":true,"href":"https:\/\/www.ocshop.ch\/fr\/wp-json\/wp\/v2\/media\/12841"}],"wp:attachment":[{"href":"https:\/\/www.ocshop.ch\/fr\/wp-json\/wp\/v2\/media?parent=12919"}],"wp:term":[{"taxonomy":"product_brand","embeddable":true,"href":"https:\/\/www.ocshop.ch\/fr\/wp-json\/wp\/v2\/product_brand?post=12919"},{"taxonomy":"product_cat","embeddable":true,"href":"https:\/\/www.ocshop.ch\/fr\/wp-json\/wp\/v2\/product_cat?post=12919"},{"taxonomy":"product_tag","embeddable":true,"href":"https:\/\/www.ocshop.ch\/fr\/wp-json\/wp\/v2\/product_tag?post=12919"}],"curies":[{"name":"wp","href":"https:\/\/api.w.org\/{rel}","templated":true}]}}