{"id":12918,"date":"2024-12-30T02:20:56","date_gmt":"2024-12-30T00:20:56","guid":{"rendered":"https:\/\/www.ocshop.ch\/produkt\/oto-fresh-nettoyant-pour-tubes\/"},"modified":"2025-01-07T14:23:46","modified_gmt":"2025-01-07T12:23:46","slug":"oto-fresh-nettoyant-pour-tubes","status":"publish","type":"product","link":"https:\/\/www.ocshop.ch\/fr\/produkt\/oto-fresh-nettoyant-pour-tubes\/","title":{"rendered":"oto-fresh\u00ae NETTOYANT POUR TUBES"},"content":{"rendered":"\n<h2 class=\"wp-block-heading\" id=\"h-details\">D\u00e9tails<\/h2>\n\n<p>Le nettoyant pour tubes oto-fresh\u00ae a \u00e9t\u00e9 sp\u00e9cialement con\u00e7u pour prendre soin de mani\u00e8re optimale des aides auditives Slimtube. Avec son utilisation simple &#8211; \u00ab\u00a0enfiler, passer, c&rsquo;est fini ! &#8211; Ce nettoyant pour tubes offre une solution rapide et simple pour garantir la long\u00e9vit\u00e9 et la fonctionnalit\u00e9 de ton appareil auditif. Une bo\u00eete distributrice de 100 pi\u00e8ces est incluse dans la livraison.  <\/p>\n\n<div style=\"height:20px\" aria-hidden=\"true\" class=\"wp-block-spacer\"><\/div>\n\n<h2 class=\"wp-block-heading\" id=\"h-features\">Caract\u00e9ristiques<\/h2>\n\n<p>Couleur : blanc<\/p>\n\n<p>Contenu : 100 pi\u00e8ces<\/p>\n\n<p>Longueur : 60 cm<\/p>\n\n<p>Longueur du fil de nettoyage : 14 cm<\/p>\n\n<p>Pour les grosses commandes : Nombre de pi\u00e8ces par carton d&#8217;emballage : 15 paquets de 100 pi\u00e8ces<\/p>\n","protected":false},"excerpt":{"rendered":"<p>Le nettoyant pour tubes oto-fresh\u00ae a \u00e9t\u00e9 sp\u00e9cialement con\u00e7u pour prendre soin de mani\u00e8re optimale des aides auditives Slimtube. Avec son utilisation simple &#8211; \u00ab\u00a0enfiler, passer, c&rsquo;est fini ! &#8211; Ce nettoyeur de tube offre une solution rapide et simple pour garantir la long\u00e9vit\u00e9 et la fonctionnalit\u00e9 de ton appareil auditif. <\/p>\n","protected":false},"featured_media":12825,"template":"","meta":[],"product_brand":[],"product_cat":[493,467,491],"product_tag":[],"class_list":{"0":"post-12918","1":"product","2":"type-product","3":"status-publish","4":"has-post-thumbnail","6":"product_cat-accessoires-pour-embouts-auriculaires","7":"product_cat-atelier-empreintes","8":"product_cat-nettoyage-et-entretien","9":"tm-no-options","11":"first","12":"instock","13":"taxable","14":"shipping-taxable","15":"product-type-simple"},"_links":{"self":[{"href":"https:\/\/www.ocshop.ch\/fr\/wp-json\/wp\/v2\/product\/12918","targetHints":{"allow":["GET"]}}],"collection":[{"href":"https:\/\/www.ocshop.ch\/fr\/wp-json\/wp\/v2\/product"}],"about":[{"href":"https:\/\/www.ocshop.ch\/fr\/wp-json\/wp\/v2\/types\/product"}],"wp:featuredmedia":[{"embeddable":true,"href":"https:\/\/www.ocshop.ch\/fr\/wp-json\/wp\/v2\/media\/12825"}],"wp:attachment":[{"href":"https:\/\/www.ocshop.ch\/fr\/wp-json\/wp\/v2\/media?parent=12918"}],"wp:term":[{"taxonomy":"product_brand","embeddable":true,"href":"https:\/\/www.ocshop.ch\/fr\/wp-json\/wp\/v2\/product_brand?post=12918"},{"taxonomy":"product_cat","embeddable":true,"href":"https:\/\/www.ocshop.ch\/fr\/wp-json\/wp\/v2\/product_cat?post=12918"},{"taxonomy":"product_tag","embeddable":true,"href":"https:\/\/www.ocshop.ch\/fr\/wp-json\/wp\/v2\/product_tag?post=12918"}],"curies":[{"name":"wp","href":"https:\/\/api.w.org\/{rel}","templated":true}]}}