{"id":12915,"date":"2024-12-30T03:27:48","date_gmt":"2024-12-30T01:27:48","guid":{"rendered":"https:\/\/www.ocshop.ch\/produkt\/oto-fresh-linge-de-nettoyage-a-lunite\/"},"modified":"2026-03-20T12:18:06","modified_gmt":"2026-03-20T10:18:06","slug":"oto-fresh-linge-de-nettoyage-a-lunite","status":"publish","type":"product","link":"https:\/\/www.ocshop.ch\/fr\/produkt\/oto-fresh-linge-de-nettoyage-a-lunite\/","title":{"rendered":"oto-fresh\u00ae LINGE DE NETTOYAGE \u00e0 l&rsquo;unit\u00e9"},"content":{"rendered":"&#13;\n<p>D\u00e9couvre les lingettes nettoyantes oto-fresh\u00ae pour un nettoyage ext\u00e9rieur en profondeur et en douceur de tes aides auditives, de tes protections auditives et de tes moniteurs intra-auriculaires. Chacune des 15 lingettes emball\u00e9es individuellement \u00e9limine rapidement et de mani\u00e8re fiable les salet\u00e9s ainsi que le c\u00e9rumen (cire d&rsquo;oreille). Les lingettes humides permettent un nettoyage en douceur qui ne fait pas que nettoyer, mais qui prend aussi soin. Cela contribue \u00e0 prolonger la dur\u00e9e de vie de tes appareils. Les lingettes nettoyantes oto-fresh\u00ae sont id\u00e9ales pour une utilisation quotidienne et, gr\u00e2ce \u00e0 leur emballage individuel pratique, elles constituent un excellent moyen de prendre soin de tes aides auditives m\u00eame en d\u00e9placement. Que ce soit dans ton sac \u00e0 main, dans ta trousse de toilette ou dans la bo\u00eete \u00e0 gants de ta voiture, ces lingettes sont toujours \u00e0 port\u00e9e de main et assurent un entretien hygi\u00e9nique et efficace. La livraison comprend 15 lingettes nettoyantes oto-fresh\u00ae.      <\/p>&#13;\n\r\n<div class=\"wp-block-spacer\" style=\"height: 20px;\" aria-hidden=\"true\">\u00a0<\/div>\r\n&#13;\n<h2 id=\"h-features\" class=\"wp-block-heading\">Caract\u00e9ristiques<\/h2>&#13;\n&#13;\n<p>Taille de la toile : 140 x 120 mm (d\u00e9pli\u00e9e)<\/p>&#13;\n&#13;\n<p>Mat\u00e9riau du tissu : cr\u00eape<\/p>&#13;\n&#13;\n<p>Solution de trempage : 1,5g par lingette<\/p>&#13;\n&#13;\n<p>Contenu : Carton fin de 15 Lingettes nettoyantes <sup>oto-fresh\u00ae<\/sup>, emball\u00e9es individuellement<\/p>&#13;\n&#13;\n<p>Pour les grosses commandes : nombre de pi\u00e8ces par carton d&#8217;emballage : 20 paquets<\/p>&#13;\n","protected":false},"excerpt":{"rendered":"<p>D\u00e9couvre les lingettes nettoyantes oto-fresh\u00ae pour un nettoyage ext\u00e9rieur en profondeur et en douceur de tes aides auditives, de tes protections auditives et de tes moniteurs intra-auriculaires. Chacune des 15 lingettes emball\u00e9es individuellement \u00e9limine rapidement et de mani\u00e8re fiable les salet\u00e9s ainsi que le c\u00e9rumen (cire d&rsquo;oreille). <\/p>\n","protected":false},"featured_media":12845,"template":"","meta":[],"product_brand":[],"product_cat":[493,467,491],"product_tag":[1220,1215,1207,1212,1217,1205,1204,1206,1216,1214,1208,1221,1213,1211,1219,1222,1218,1209,1210,1223],"class_list":{"0":"post-12915","1":"product","2":"type-product","3":"status-publish","4":"has-post-thumbnail","6":"product_cat-accessoires-pour-embouts-auriculaires","7":"product_cat-atelier-empreintes","8":"product_cat-nettoyage-et-entretien","9":"product_tag-composant-de-kit-de-voyage-pour-lentretien-des-appareils-auditifs","10":"product_tag-entretien-quotidien-des-appareils-auditifs-en-deplacement","11":"product_tag-lingettes-dentretien-individuelles-et-hygieniques-pour-appareils-auditifs","12":"product_tag-lingettes-dhygiene-pour-appareils-auditifs-emballage-individuel","13":"product_tag-lingettes-de-nettoyage-individuelles-pour-accessoires-daudioprothese","14":"product_tag-lingettes-de-nettoyage-pour-appareils-auditifs-nomades","15":"product_tag-lingettes-de-nettoyage-pour-appareils-auditifs-emballees-individuellement","16":"product_tag-lingettes-de-nettoyage-pour-otoplastiques-emballage-individuel","17":"product_tag-lingettes-de-nettoyage-pour-protections-auditives-nomades","18":"product_tag-lingettes-hygieniques-pour-le-nettoyage-des-appareils-auditifs-intra-auriculaires-ido","19":"product_tag-lingettes-individuelles-pour-lelimination-du-cerumen-des-appareils-auditifs","20":"product_tag-lingettes-simples-pour-le-nettoyage-du-cerumen-des-systemes-auditifs","21":"product_tag-nettoyage-des-appareils-auditifs-contour-doreille-hdo-en-deplacement","22":"product_tag-nettoyage-et-entretien-des-otoplastiques-en-deplacement","23":"product_tag-nettoyage-hygienique-des-otoplastiques-emballage-individuel","24":"product_tag-nettoyage-nomade-pour-prolonger-la-duree-de-vie-des-appareils-auditifs","25":"product_tag-nettoyage-rapide-des-appareils-auditifs-en-deplacement","26":"product_tag-nettoyage-simple-des-systemes-auditifs-en-deplacement","27":"product_tag-solution-de-nettoyage-des-appareils-auditifs-en-deplacement","28":"product_tag-solution-pratique-de-nettoyage-des-appareils-auditifs-en-deplacement","29":"tm-no-options","31":"first","32":"instock","33":"taxable","34":"shipping-taxable","35":"product-type-simple"},"_links":{"self":[{"href":"https:\/\/www.ocshop.ch\/fr\/wp-json\/wp\/v2\/product\/12915","targetHints":{"allow":["GET"]}}],"collection":[{"href":"https:\/\/www.ocshop.ch\/fr\/wp-json\/wp\/v2\/product"}],"about":[{"href":"https:\/\/www.ocshop.ch\/fr\/wp-json\/wp\/v2\/types\/product"}],"wp:featuredmedia":[{"embeddable":true,"href":"https:\/\/www.ocshop.ch\/fr\/wp-json\/wp\/v2\/media\/12845"}],"wp:attachment":[{"href":"https:\/\/www.ocshop.ch\/fr\/wp-json\/wp\/v2\/media?parent=12915"}],"wp:term":[{"taxonomy":"product_brand","embeddable":true,"href":"https:\/\/www.ocshop.ch\/fr\/wp-json\/wp\/v2\/product_brand?post=12915"},{"taxonomy":"product_cat","embeddable":true,"href":"https:\/\/www.ocshop.ch\/fr\/wp-json\/wp\/v2\/product_cat?post=12915"},{"taxonomy":"product_tag","embeddable":true,"href":"https:\/\/www.ocshop.ch\/fr\/wp-json\/wp\/v2\/product_tag?post=12915"}],"curies":[{"name":"wp","href":"https:\/\/api.w.org\/{rel}","templated":true}]}}