{"id":12914,"date":"2024-12-30T04:33:38","date_gmt":"2024-12-30T02:33:38","guid":{"rendered":"https:\/\/www.ocshop.ch\/produkt\/oto-fresh-boucle-de-cerme\/"},"modified":"2026-03-20T12:42:01","modified_gmt":"2026-03-20T10:42:01","slug":"oto-fresh-boucle-de-cerme","status":"publish","type":"product","link":"https:\/\/www.ocshop.ch\/fr\/produkt\/oto-fresh-boucle-de-cerme\/","title":{"rendered":"oto-fresh\u00ae BOUCLE DE CERME"},"content":{"rendered":"&#13;\n<p>La boucle de c\u00e9rumen polyvalente oto-fresh\u00ae avec fonction 2 en 1 : id\u00e9ale pour nettoyer efficacement les embouts auriculaires ainsi que pour une utilisation pratique comme boucle de collage. Cet outil multifonctionnel offre une solution compl\u00e8te pour l&rsquo;entretien quotidien des embouts auriculaires tout en am\u00e9liorant la manipulation lors de l&rsquo;insertion et du retrait des aides auditives. <\/p>&#13;\n\r\n<div class=\"wp-block-spacer\" style=\"height: 20px;\" aria-hidden=\"true\">\u00a0<\/div>\r\n&#13;\n<h2 id=\"h-features\" class=\"wp-block-heading\">Caract\u00e9ristiques<\/h2>&#13;\n&#13;\n<p>Mat\u00e9riau : poign\u00e9e en plastique avec boucle m\u00e9tallique<\/p>&#13;\n&#13;\n<p>couleur : noir<\/p>&#13;\n&#13;\n<p>Longueur : 4 cm<\/p>&#13;\n","protected":false},"excerpt":{"rendered":"<p>L&rsquo;anse \u00e0 c\u00e9rumen polyvalente oto-fresh\u00ae avec fonction 2 en 1 : id\u00e9ale pour nettoyer efficacement les embouts auriculaires ainsi que pour une utilisation pratique comme anse adh\u00e9sive.<\/p>\n","protected":false},"featured_media":12879,"template":"","meta":[],"product_brand":[],"product_cat":[467,491],"product_tag":[1567,1568,1554,1569,1566,1564,1555,1508,1556,1559,1560,1563,1561,1570,1565,1558,1572,1571,1562,1557],"class_list":{"0":"post-12914","1":"product","2":"type-product","3":"status-publish","4":"has-post-thumbnail","6":"product_cat-atelier-empreintes","7":"product_cat-nettoyage-et-entretien","8":"product_tag-aide-a-linsertion-daides-auditives-curette","9":"product_tag-aide-au-retrait-daides-auditives-outil","10":"product_tag-curette-a-cerumen-pour-aides-auditives","11":"product_tag-curette-adhesive-utilisation-avec-aides-auditives","12":"product_tag-entretien-dotoplastique-curette-hygienique","13":"product_tag-nettoyage-daides-auditives-intra-auriculaires-curette","14":"product_tag-nettoyage-daides-auditives-curette-retrait-de-cerumen","15":"product_tag-nettoyage-des-aides-auditives-contour-doreille-outil-de-precision","16":"product_tag-nettoyage-dotoplastique-curette-audioprothesie","17":"product_tag-nettoyage-precis-de-systemes-auditifs-curette","18":"product_tag-otoplastique-retrait-de-cerumen-curette-outil","19":"product_tag-outil-daudioprothesie-curette-a-cerumen","20":"product_tag-outil-de-maintenance-daides-auditives-curette","21":"product_tag-outil-de-manipulation-daides-auditives-curette","22":"product_tag-outil-de-service-pour-aides-auditives-retrait-de-cerumen","23":"product_tag-outil-dentretien-daides-auditives-curette","24":"product_tag-outil-dentretien-quotidien-daides-auditives-curette","25":"product_tag-retrait-de-cerumen-sur-accessoires-pour-aides-auditives","26":"product_tag-retrait-de-cerumen-conduit-auditif-otoplastique","27":"product_tag-retrait-de-cerumen-outil-pour-aides-auditives-curette","28":"tm-no-options","30":"first","31":"instock","32":"taxable","33":"shipping-taxable","34":"product-type-simple"},"_links":{"self":[{"href":"https:\/\/www.ocshop.ch\/fr\/wp-json\/wp\/v2\/product\/12914","targetHints":{"allow":["GET"]}}],"collection":[{"href":"https:\/\/www.ocshop.ch\/fr\/wp-json\/wp\/v2\/product"}],"about":[{"href":"https:\/\/www.ocshop.ch\/fr\/wp-json\/wp\/v2\/types\/product"}],"wp:featuredmedia":[{"embeddable":true,"href":"https:\/\/www.ocshop.ch\/fr\/wp-json\/wp\/v2\/media\/12879"}],"wp:attachment":[{"href":"https:\/\/www.ocshop.ch\/fr\/wp-json\/wp\/v2\/media?parent=12914"}],"wp:term":[{"taxonomy":"product_brand","embeddable":true,"href":"https:\/\/www.ocshop.ch\/fr\/wp-json\/wp\/v2\/product_brand?post=12914"},{"taxonomy":"product_cat","embeddable":true,"href":"https:\/\/www.ocshop.ch\/fr\/wp-json\/wp\/v2\/product_cat?post=12914"},{"taxonomy":"product_tag","embeddable":true,"href":"https:\/\/www.ocshop.ch\/fr\/wp-json\/wp\/v2\/product_tag?post=12914"}],"curies":[{"name":"wp","href":"https:\/\/api.w.org\/{rel}","templated":true}]}}