{"id":12168,"date":"2023-08-18T22:38:00","date_gmt":"2023-08-18T20:38:00","guid":{"rendered":"https:\/\/www.ocshop.ch\/produkt\/petit-compresseur-silent-30\/"},"modified":"2024-09-05T08:13:00","modified_gmt":"2024-09-05T06:13:00","slug":"petit-compresseur-silent-30","status":"publish","type":"product","link":"https:\/\/www.ocshop.ch\/fr\/produkt\/petit-compresseur-silent-30\/","title":{"rendered":"Petit compresseur \u00ab\u00a0Silent 30"},"content":{"rendered":"\n<p>Portable, avec moteur \u00e0 piston de conception compacte, fonctionnement silencieux (environ 30 dB), d\u00e9bit d&rsquo;aspiration de 30 l\/min, pression r\u00e9glable individuellement jusqu&rsquo;\u00e0 8 bars, puissance du moteur 200 W, r\u00e9servoir de 4 l, fonctionnement automatique \u00e9quip\u00e9 d&rsquo;un raccord rapide pour le raccordement d&rsquo;accessoires \u00e0 air comprim\u00e9 &#8211; suffisant pour 1 prise d&rsquo;air comprim\u00e9 !<\/p>\n\n<p><\/p>\n\n<p>Poids : 20,5 kg<\/p>\n\n<p>Dimensions : 410 x 190 x 435 mm<\/p>\n","protected":false},"excerpt":{"rendered":"<p>Portable, avec moteur \u00e0 piston de conception compacte, fonctionnement silencieux (environ 30 dB), d\u00e9bit d&rsquo;aspiration de 30 l\/min, pression r\u00e9glable individuellement jusqu&rsquo;\u00e0 8 bars, puissance du moteur 200 W, r\u00e9servoir de 4 l, fonctionnement automatique \u00e9quip\u00e9 d&rsquo;un raccord rapide pour le raccordement d&rsquo;accessoires \u00e0 air comprim\u00e9 &#8211; suffisant pour 1 prise d&rsquo;air comprim\u00e9 ! Poids [&hellip;]<\/p>\n","protected":false},"featured_media":11551,"template":"","meta":[],"product_brand":[],"product_cat":[467],"product_tag":[],"class_list":{"0":"post-12168","1":"product","2":"type-product","3":"status-publish","4":"has-post-thumbnail","6":"product_cat-atelier-empreintes","7":"tm-no-options","9":"first","10":"instock","11":"taxable","12":"shipping-taxable","13":"product-type-simple"},"_links":{"self":[{"href":"https:\/\/www.ocshop.ch\/fr\/wp-json\/wp\/v2\/product\/12168","targetHints":{"allow":["GET"]}}],"collection":[{"href":"https:\/\/www.ocshop.ch\/fr\/wp-json\/wp\/v2\/product"}],"about":[{"href":"https:\/\/www.ocshop.ch\/fr\/wp-json\/wp\/v2\/types\/product"}],"wp:featuredmedia":[{"embeddable":true,"href":"https:\/\/www.ocshop.ch\/fr\/wp-json\/wp\/v2\/media\/11551"}],"wp:attachment":[{"href":"https:\/\/www.ocshop.ch\/fr\/wp-json\/wp\/v2\/media?parent=12168"}],"wp:term":[{"taxonomy":"product_brand","embeddable":true,"href":"https:\/\/www.ocshop.ch\/fr\/wp-json\/wp\/v2\/product_brand?post=12168"},{"taxonomy":"product_cat","embeddable":true,"href":"https:\/\/www.ocshop.ch\/fr\/wp-json\/wp\/v2\/product_cat?post=12168"},{"taxonomy":"product_tag","embeddable":true,"href":"https:\/\/www.ocshop.ch\/fr\/wp-json\/wp\/v2\/product_tag?post=12168"}],"curies":[{"name":"wp","href":"https:\/\/api.w.org\/{rel}","templated":true}]}}