{"id":12167,"date":"2023-08-18T23:02:00","date_gmt":"2023-08-18T21:02:00","guid":{"rendered":"https:\/\/www.ocshop.ch\/produkt\/instrument-de-modelage\/"},"modified":"2024-09-05T08:13:00","modified_gmt":"2024-09-05T06:13:00","slug":"instrument-de-modelage","status":"publish","type":"product","link":"https:\/\/www.ocshop.ch\/fr\/produkt\/instrument-de-modelage\/","title":{"rendered":"Instrument de modelage"},"content":{"rendered":"\n<p>Pour modeler facilement la p\u00e2te \u00e0 modeler photopolym\u00e9risable, par exemple pour les ventings dans les coques IdO.<\/p>\n","protected":false},"excerpt":{"rendered":"<p>Pour modeler facilement la p\u00e2te \u00e0 modeler photopolym\u00e9risable, par exemple pour les ventings dans les coques IdO.<\/p>\n","protected":false},"featured_media":11563,"template":"","meta":[],"product_brand":[],"product_cat":[467],"product_tag":[],"class_list":{"0":"post-12167","1":"product","2":"type-product","3":"status-publish","4":"has-post-thumbnail","6":"product_cat-atelier-empreintes","7":"tm-no-options","9":"first","10":"instock","11":"taxable","12":"shipping-taxable","13":"product-type-simple"},"_links":{"self":[{"href":"https:\/\/www.ocshop.ch\/fr\/wp-json\/wp\/v2\/product\/12167","targetHints":{"allow":["GET"]}}],"collection":[{"href":"https:\/\/www.ocshop.ch\/fr\/wp-json\/wp\/v2\/product"}],"about":[{"href":"https:\/\/www.ocshop.ch\/fr\/wp-json\/wp\/v2\/types\/product"}],"wp:featuredmedia":[{"embeddable":true,"href":"https:\/\/www.ocshop.ch\/fr\/wp-json\/wp\/v2\/media\/11563"}],"wp:attachment":[{"href":"https:\/\/www.ocshop.ch\/fr\/wp-json\/wp\/v2\/media?parent=12167"}],"wp:term":[{"taxonomy":"product_brand","embeddable":true,"href":"https:\/\/www.ocshop.ch\/fr\/wp-json\/wp\/v2\/product_brand?post=12167"},{"taxonomy":"product_cat","embeddable":true,"href":"https:\/\/www.ocshop.ch\/fr\/wp-json\/wp\/v2\/product_cat?post=12167"},{"taxonomy":"product_tag","embeddable":true,"href":"https:\/\/www.ocshop.ch\/fr\/wp-json\/wp\/v2\/product_tag?post=12167"}],"curies":[{"name":"wp","href":"https:\/\/api.w.org\/{rel}","templated":true}]}}