{"id":12165,"date":"2023-08-18T22:40:00","date_gmt":"2023-08-18T20:40:00","guid":{"rendered":"https:\/\/www.ocshop.ch\/produkt\/compresseur-silencieux-silver-line-l-s50-15-230-v\/"},"modified":"2024-09-05T08:13:00","modified_gmt":"2024-09-05T06:13:00","slug":"compresseur-silencieux-silver-line-l-s50-15-230-v","status":"publish","type":"product","link":"https:\/\/www.ocshop.ch\/fr\/produkt\/compresseur-silencieux-silver-line-l-s50-15-230-v\/","title":{"rendered":"Compresseur silencieux Silver-Line L-S50-15, 230 V"},"content":{"rendered":"\n<p>Fonctionne presque sans bruit (environ 45 dB), d\u00e9bit d&rsquo;aspiration de 50 l\/min, pression r\u00e9glable individuellement jusqu&rsquo;\u00e0 8 bars, puissance du moteur 340 W, r\u00e9servoir de 15 l, fonctionnement automatique, \u00e9quip\u00e9 d&rsquo;un raccord rapide pour le raccordement d&rsquo;accessoires pneumatiques.<\/p>\n\n<p><\/p>\n\n<p>Dimensions : 400 x 400 x 490 mm<\/p>\n\n<p>Poids : 27,0 kg<\/p>\n\n<p>* pas de r\u00e9duction possible<\/p>\n","protected":false},"excerpt":{"rendered":"<p>Fonctionne presque sans bruit (environ 45 dB), d\u00e9bit d&rsquo;aspiration de 50 l\/min, pression r\u00e9glable individuellement jusqu&rsquo;\u00e0 8 bars, puissance du moteur 340 W, r\u00e9servoir de 15 l, fonctionnement automatique, \u00e9quip\u00e9 d&rsquo;un raccord rapide pour le raccordement d&rsquo;accessoires pneumatiques. Dimensions : 400 x 400 x 490 mm Poids : 27,0 kg * pas de r\u00e9duction possible<\/p>\n","protected":false},"featured_media":11555,"template":"","meta":[],"product_brand":[],"product_cat":[467],"product_tag":[],"class_list":{"0":"post-12165","1":"product","2":"type-product","3":"status-publish","4":"has-post-thumbnail","6":"product_cat-atelier-empreintes","7":"tm-no-options","9":"first","10":"instock","11":"taxable","12":"shipping-taxable","13":"product-type-simple"},"_links":{"self":[{"href":"https:\/\/www.ocshop.ch\/fr\/wp-json\/wp\/v2\/product\/12165","targetHints":{"allow":["GET"]}}],"collection":[{"href":"https:\/\/www.ocshop.ch\/fr\/wp-json\/wp\/v2\/product"}],"about":[{"href":"https:\/\/www.ocshop.ch\/fr\/wp-json\/wp\/v2\/types\/product"}],"wp:featuredmedia":[{"embeddable":true,"href":"https:\/\/www.ocshop.ch\/fr\/wp-json\/wp\/v2\/media\/11555"}],"wp:attachment":[{"href":"https:\/\/www.ocshop.ch\/fr\/wp-json\/wp\/v2\/media?parent=12165"}],"wp:term":[{"taxonomy":"product_brand","embeddable":true,"href":"https:\/\/www.ocshop.ch\/fr\/wp-json\/wp\/v2\/product_brand?post=12165"},{"taxonomy":"product_cat","embeddable":true,"href":"https:\/\/www.ocshop.ch\/fr\/wp-json\/wp\/v2\/product_cat?post=12165"},{"taxonomy":"product_tag","embeddable":true,"href":"https:\/\/www.ocshop.ch\/fr\/wp-json\/wp\/v2\/product_tag?post=12165"}],"curies":[{"name":"wp","href":"https:\/\/api.w.org\/{rel}","templated":true}]}}