{"id":12154,"date":"2023-08-18T21:43:00","date_gmt":"2023-08-18T19:43:00","guid":{"rendered":"https:\/\/www.ocshop.ch\/produkt\/kit-de-service-et-de-reparation-egger-eled-lp3-avec-moteur-reversible-etm-ps3-avec-alimentation\/"},"modified":"2024-09-05T08:12:25","modified_gmt":"2024-09-05T06:12:25","slug":"kit-de-service-et-de-reparation-egger-eled-lp3-avec-moteur-reversible-etm-ps3-avec-alimentation","status":"publish","type":"product","link":"https:\/\/www.ocshop.ch\/fr\/produkt\/kit-de-service-et-de-reparation-egger-eled-lp3-avec-moteur-reversible-etm-ps3-avec-alimentation\/","title":{"rendered":"Kit de service et de r\u00e9paration egger eLED.LP3 avec moteur r\u00e9versible eTM.PS3 (avec alimentation)"},"content":{"rendered":"\n<p>Le kit de service et de r\u00e9paration \u00e9prouv\u00e9 eLED.LP3 d&rsquo;egger convient \u00e0 une utilisation polyvalente dans les magasins sp\u00e9cialis\u00e9s, pour les visites \u00e0 domicile et dans les laboratoires d&rsquo;otoplastie.\nLes travaux de service tels que<br\/>&#8211; vitrage avec effet antibact\u00e9rien,<br\/>&#8211; rev\u00eatements antid\u00e9rapants et<br\/>&#8211; r\u00e9parations et modifications des otoplastiques <\/p>\n\n<p>peuvent \u00eatre effectu\u00e9es imm\u00e9diatement sur place, sans grand effort, rapidement et efficacement.\nTu augmentes ainsi ton ind\u00e9pendance et tu offres le meilleur service possible \u00e0 ton client. <\/p>\n\n<p><\/p>\n\n<p>Contenu :<br\/>appareil d&rsquo;\u00e9clairage egger eLED.LP3 (100 &#8211; 240 V)<br\/>moteur r\u00e9versible eTM.PS3 (100 &#8211; 240 V, avec adaptateur secteur)<br\/>LP\/H P\u00e2tes \u00e0 modeler (transparent, beige, rouge, bleu)<br\/>LP\/H vernis antibac, 30 ml y compris 5 pinceaux jetables<br\/>LP\/W vernis, 30 ml y compris 5 pinceaux jetables<br\/>nettoyant de surface, 250 ml avec pompe de pulv\u00e9risation manuelle<br\/>LP-Cleaner, 100 ml<br\/>bo\u00eete, transparente<br\/>instrument de modelage<br\/>tube en nylon pour aider \u00e0 la peinture<br\/>minuteur num\u00e9rique<br\/>colle instantan\u00e9e Uniglue avec 5 petites et 5 grandes pointes de dosage<br\/>10 tubes sonores pr\u00e9-courb\u00e9s 2,0 x 3,1 mm<br\/>Bonus : DVD d&rsquo;instructions gratuit<\/p>\n","protected":false},"excerpt":{"rendered":"<p>Le kit de service et de r\u00e9paration \u00e9prouv\u00e9 eLED.LP3 d&rsquo;egger convient \u00e0 une utilisation polyvalente dans les magasins sp\u00e9cialis\u00e9s, pour les visites \u00e0 domicile et dans les laboratoires d&rsquo;otoplastie. Les travaux de service tels que&#8211; vitrage avec effet antibact\u00e9rien,&#8211; rev\u00eatements antid\u00e9rapants et&#8211; r\u00e9parations et modifications des otoplastiques peuvent \u00eatre effectu\u00e9es imm\u00e9diatement sur place, sans grand [&hellip;]<\/p>\n","protected":false},"featured_media":11532,"template":"","meta":[],"product_brand":[],"product_cat":[467],"product_tag":[],"class_list":{"0":"post-12154","1":"product","2":"type-product","3":"status-publish","4":"has-post-thumbnail","6":"product_cat-atelier-empreintes","7":"tm-no-options","9":"first","10":"instock","11":"taxable","12":"shipping-taxable","13":"product-type-simple"},"_links":{"self":[{"href":"https:\/\/www.ocshop.ch\/fr\/wp-json\/wp\/v2\/product\/12154","targetHints":{"allow":["GET"]}}],"collection":[{"href":"https:\/\/www.ocshop.ch\/fr\/wp-json\/wp\/v2\/product"}],"about":[{"href":"https:\/\/www.ocshop.ch\/fr\/wp-json\/wp\/v2\/types\/product"}],"wp:featuredmedia":[{"embeddable":true,"href":"https:\/\/www.ocshop.ch\/fr\/wp-json\/wp\/v2\/media\/11532"}],"wp:attachment":[{"href":"https:\/\/www.ocshop.ch\/fr\/wp-json\/wp\/v2\/media?parent=12154"}],"wp:term":[{"taxonomy":"product_brand","embeddable":true,"href":"https:\/\/www.ocshop.ch\/fr\/wp-json\/wp\/v2\/product_brand?post=12154"},{"taxonomy":"product_cat","embeddable":true,"href":"https:\/\/www.ocshop.ch\/fr\/wp-json\/wp\/v2\/product_cat?post=12154"},{"taxonomy":"product_tag","embeddable":true,"href":"https:\/\/www.ocshop.ch\/fr\/wp-json\/wp\/v2\/product_tag?post=12154"}],"curies":[{"name":"wp","href":"https:\/\/api.w.org\/{rel}","templated":true}]}}