{"id":12151,"date":"2022-08-26T19:46:00","date_gmt":"2022-08-26T17:46:00","guid":{"rendered":"https:\/\/www.ocshop.ch\/produkt\/cone-daspiration-r1200-complet-avec-tube-rectangulaire-extensible\/"},"modified":"2024-09-05T08:12:25","modified_gmt":"2024-09-05T06:12:25","slug":"cone-daspiration-r1200-complet-avec-tube-rectangulaire-extensible","status":"publish","type":"product","link":"https:\/\/www.ocshop.ch\/fr\/produkt\/cone-daspiration-r1200-complet-avec-tube-rectangulaire-extensible\/","title":{"rendered":"C\u00f4ne d&rsquo;aspiration R1200 complet avec tube rectangulaire extensible"},"content":{"rendered":"\n<p>Inclut le tube rectangulaire extensible.\nL&rsquo;entonnoir d&rsquo;aspiration enfichable R1200 s&rsquo;utilise avec le tube rectangulaire extensible.\nSa conception sp\u00e9ciale permet d&rsquo;obtenir une puissance d&rsquo;aspiration efficace tout en r\u00e9duisant le bruit.\nL&rsquo;entonnoir d&rsquo;aspiration est livr\u00e9 avec un tr\u00e8s grand disque de s\u00e9curit\u00e9 (H 250 mm x L 200 mm).\nLe tube rectangulaire se monte facilement et rapidement sous la table de travail (L 80 mm x H 30 mm, longueur extensible 430 &#8211; 540 mm).    <\/p>\n","protected":false},"excerpt":{"rendered":"<p>Inclut le tube rectangulaire extensible. L&rsquo;entonnoir d&rsquo;aspiration enfichable R1200 s&rsquo;utilise avec le tube rectangulaire extensible. Sa conception sp\u00e9ciale permet d&rsquo;obtenir une puissance d&rsquo;aspiration efficace tout en r\u00e9duisant le bruit. L&rsquo;entonnoir d&rsquo;aspiration est livr\u00e9 avec un tr\u00e8s grand disque de s\u00e9curit\u00e9 (H 250 mm x L 200 mm). Le tube rectangulaire se monte facilement et rapidement [&hellip;]<\/p>\n","protected":false},"featured_media":11912,"template":"","meta":[],"product_brand":[],"product_cat":[467],"product_tag":[],"class_list":{"0":"post-12151","1":"product","2":"type-product","3":"status-publish","4":"has-post-thumbnail","6":"product_cat-atelier-empreintes","7":"tm-no-options","9":"first","10":"instock","11":"taxable","12":"shipping-taxable","13":"product-type-simple"},"_links":{"self":[{"href":"https:\/\/www.ocshop.ch\/fr\/wp-json\/wp\/v2\/product\/12151","targetHints":{"allow":["GET"]}}],"collection":[{"href":"https:\/\/www.ocshop.ch\/fr\/wp-json\/wp\/v2\/product"}],"about":[{"href":"https:\/\/www.ocshop.ch\/fr\/wp-json\/wp\/v2\/types\/product"}],"wp:featuredmedia":[{"embeddable":true,"href":"https:\/\/www.ocshop.ch\/fr\/wp-json\/wp\/v2\/media\/11912"}],"wp:attachment":[{"href":"https:\/\/www.ocshop.ch\/fr\/wp-json\/wp\/v2\/media?parent=12151"}],"wp:term":[{"taxonomy":"product_brand","embeddable":true,"href":"https:\/\/www.ocshop.ch\/fr\/wp-json\/wp\/v2\/product_brand?post=12151"},{"taxonomy":"product_cat","embeddable":true,"href":"https:\/\/www.ocshop.ch\/fr\/wp-json\/wp\/v2\/product_cat?post=12151"},{"taxonomy":"product_tag","embeddable":true,"href":"https:\/\/www.ocshop.ch\/fr\/wp-json\/wp\/v2\/product_tag?post=12151"}],"curies":[{"name":"wp","href":"https:\/\/api.w.org\/{rel}","templated":true}]}}