{"id":12148,"date":"2022-08-18T21:17:00","date_gmt":"2022-08-18T19:17:00","guid":{"rendered":"https:\/\/www.ocshop.ch\/produkt\/moteur-reversible-etm-b03-alimente-par-batterie\/"},"modified":"2025-03-20T11:57:43","modified_gmt":"2025-03-20T09:57:43","slug":"moteur-reversible-etm-b03-alimente-par-batterie","status":"publish","type":"product","link":"https:\/\/www.ocshop.ch\/fr\/produkt\/moteur-reversible-etm-b03-alimente-par-batterie\/","title":{"rendered":"Moteur r\u00e9versible eTM.B03 (aliment\u00e9 par batterie)"},"content":{"rendered":"\n<pre class=\"wp-block-preformatted\">Pour les travaux de peinture et de rev\u00eatement ult\u00e9rieurs, la rotation permanente garantit que le mat\u00e9riau se r\u00e9partit uniform\u00e9ment sur la surface (pr\u00e9vient la formation de nez), la polym\u00e9risation se fait en douceur et de mani\u00e8re homog\u00e8ne.\nMoteur r\u00e9versible, piles incluses pour une utilisation sur batterie, adaptateur secteur disponible en option. \n\n\nCaract\u00e9ristiques techniques :\nPiles : 2x AA\nDimensions : L 80 x L 55 x H 95 mm\nPoids : 0,5 kg\nVitesse : environ 17 tr\/min<\/pre>\n","protected":false},"excerpt":{"rendered":"<p>Pour les travaux de peinture et de rev\u00eatement ult\u00e9rieurs, la rotation permanente garantit que le mat\u00e9riau se r\u00e9partit uniform\u00e9ment sur la surface (pr\u00e9vient la formation de nez), la polym\u00e9risation se fait en douceur et de mani\u00e8re homog\u00e8ne. Moteur r\u00e9versible, piles incluses pour une utilisation sur batterie, adaptateur secteur disponible en option. Caract\u00e9ristiques techniques : Piles [&hellip;]<\/p>\n","protected":false},"featured_media":11524,"template":"","meta":[],"product_brand":[],"product_cat":[467],"product_tag":[],"class_list":{"0":"post-12148","1":"product","2":"type-product","3":"status-publish","4":"has-post-thumbnail","6":"product_cat-atelier-empreintes","7":"tm-no-options","9":"first","10":"instock","11":"taxable","12":"shipping-taxable","13":"product-type-simple"},"_links":{"self":[{"href":"https:\/\/www.ocshop.ch\/fr\/wp-json\/wp\/v2\/product\/12148","targetHints":{"allow":["GET"]}}],"collection":[{"href":"https:\/\/www.ocshop.ch\/fr\/wp-json\/wp\/v2\/product"}],"about":[{"href":"https:\/\/www.ocshop.ch\/fr\/wp-json\/wp\/v2\/types\/product"}],"wp:featuredmedia":[{"embeddable":true,"href":"https:\/\/www.ocshop.ch\/fr\/wp-json\/wp\/v2\/media\/11524"}],"wp:attachment":[{"href":"https:\/\/www.ocshop.ch\/fr\/wp-json\/wp\/v2\/media?parent=12148"}],"wp:term":[{"taxonomy":"product_brand","embeddable":true,"href":"https:\/\/www.ocshop.ch\/fr\/wp-json\/wp\/v2\/product_brand?post=12148"},{"taxonomy":"product_cat","embeddable":true,"href":"https:\/\/www.ocshop.ch\/fr\/wp-json\/wp\/v2\/product_cat?post=12148"},{"taxonomy":"product_tag","embeddable":true,"href":"https:\/\/www.ocshop.ch\/fr\/wp-json\/wp\/v2\/product_tag?post=12148"}],"curies":[{"name":"wp","href":"https:\/\/api.w.org\/{rel}","templated":true}]}}