{"id":12146,"date":"2023-08-18T21:38:00","date_gmt":"2023-08-18T19:38:00","guid":{"rendered":"https:\/\/www.ocshop.ch\/produkt\/kit-de-service-et-de-reparation-eled-lp3-avec-moteur-reversible-etm-bo3-a-piles\/"},"modified":"2024-09-05T08:11:44","modified_gmt":"2024-09-05T06:11:44","slug":"kit-de-service-et-de-reparation-eled-lp3-avec-moteur-reversible-etm-bo3-a-piles","status":"publish","type":"product","link":"https:\/\/www.ocshop.ch\/fr\/produkt\/kit-de-service-et-de-reparation-eled-lp3-avec-moteur-reversible-etm-bo3-a-piles\/","title":{"rendered":"Kit de service et de r\u00e9paration eLED.LP3 avec moteur r\u00e9versible eTM.BO3 (\u00e0 piles)"},"content":{"rendered":"\n<p>Le kit de service et de r\u00e9paration eLED.LP3 d&rsquo;egger convient \u00e0 une utilisation polyvalente dans les magasins sp\u00e9cialis\u00e9s, pour les visites \u00e0 domicile et dans les laboratoires d&rsquo;otoplastie.\nLes travaux de service tels que<br\/>&#8211; vitrage avec effet antibact\u00e9rien,<br\/>&#8211; rev\u00eatements antid\u00e9rapants et<br\/>&#8211; r\u00e9parations et modifications des otoplastiques<br\/>peuvent \u00eatre effectu\u00e9s imm\u00e9diatement sur place, rapidement et efficacement, sans grand effort.\nTu augmentes ainsi ton ind\u00e9pendance et tu offres le meilleur service possible \u00e0 ton client.  <\/p>\n\n<p><\/p>\n\n<p>Contenu :<br\/>appareil d&rsquo;\u00e9clairage egger eLED.LP3 (100 &#8211; 240 V)<br\/>moteur r\u00e9versible eTM.BO3 (fonctionne sur piles)<br\/>LP\/H p\u00e2tes \u00e0 modeler (transparent, beige, rouge, bleu)<br\/>LP\/H vernis antibac, 30 ml y compris 5 pinceaux jetables<br\/>LP\/W vernis, 30 ml y compris 5 pinceaux jetables<br\/>nettoyant de surface, 250 ml avec pompe de pulv\u00e9risation manuelle<br\/>LP-Cleaner, 100 ml<br\/>bo\u00eete, transparente<br\/>instrument de modelage<br\/>tube en nylon pour aider \u00e0 la peinture<br\/>minuteur num\u00e9rique<br\/>colle instantan\u00e9e Uniglue avec 5 petites et 5 grandes pointes de dosage<br\/>10 tubes sonores pr\u00e9-courb\u00e9s 2,0 x 3,1 mm<\/p>\n","protected":false},"excerpt":{"rendered":"<p>Le kit de service et de r\u00e9paration eLED.LP3 d&rsquo;egger convient \u00e0 une utilisation polyvalente dans les magasins sp\u00e9cialis\u00e9s, pour les visites \u00e0 domicile et dans les laboratoires d&rsquo;otoplastie. Les travaux de service tels que&#8211; vitrage avec effet antibact\u00e9rien,&#8211; rev\u00eatements antid\u00e9rapants et&#8211; r\u00e9parations et modifications des otoplastiquespeuvent \u00eatre effectu\u00e9s imm\u00e9diatement sur place, rapidement et efficacement, sans [&hellip;]<\/p>\n","protected":false},"featured_media":11532,"template":"","meta":[],"product_brand":[],"product_cat":[467],"product_tag":[],"class_list":{"0":"post-12146","1":"product","2":"type-product","3":"status-publish","4":"has-post-thumbnail","6":"product_cat-atelier-empreintes","7":"tm-no-options","9":"first","10":"instock","11":"taxable","12":"shipping-taxable","13":"product-type-simple"},"_links":{"self":[{"href":"https:\/\/www.ocshop.ch\/fr\/wp-json\/wp\/v2\/product\/12146","targetHints":{"allow":["GET"]}}],"collection":[{"href":"https:\/\/www.ocshop.ch\/fr\/wp-json\/wp\/v2\/product"}],"about":[{"href":"https:\/\/www.ocshop.ch\/fr\/wp-json\/wp\/v2\/types\/product"}],"wp:featuredmedia":[{"embeddable":true,"href":"https:\/\/www.ocshop.ch\/fr\/wp-json\/wp\/v2\/media\/11532"}],"wp:attachment":[{"href":"https:\/\/www.ocshop.ch\/fr\/wp-json\/wp\/v2\/media?parent=12146"}],"wp:term":[{"taxonomy":"product_brand","embeddable":true,"href":"https:\/\/www.ocshop.ch\/fr\/wp-json\/wp\/v2\/product_brand?post=12146"},{"taxonomy":"product_cat","embeddable":true,"href":"https:\/\/www.ocshop.ch\/fr\/wp-json\/wp\/v2\/product_cat?post=12146"},{"taxonomy":"product_tag","embeddable":true,"href":"https:\/\/www.ocshop.ch\/fr\/wp-json\/wp\/v2\/product_tag?post=12146"}],"curies":[{"name":"wp","href":"https:\/\/api.w.org\/{rel}","templated":true}]}}