{"id":12143,"date":"2023-08-18T19:11:00","date_gmt":"2023-08-18T17:11:00","guid":{"rendered":"https:\/\/www.ocshop.ch\/produkt\/moteur-reversible-etm-ps3-avec-alimentation\/"},"modified":"2024-09-05T08:11:42","modified_gmt":"2024-09-05T06:11:42","slug":"moteur-reversible-etm-ps3-avec-alimentation","status":"publish","type":"product","link":"https:\/\/www.ocshop.ch\/fr\/produkt\/moteur-reversible-etm-ps3-avec-alimentation\/","title":{"rendered":"Moteur r\u00e9versible eTM.PS3 (avec alimentation)"},"content":{"rendered":"\n<p>Pour les travaux de peinture et de rev\u00eatement ult\u00e9rieurs, la rotation permanente garantit que le mat\u00e9riau se r\u00e9partit uniform\u00e9ment sur la surface (pr\u00e9vient la formation de nez), la polym\u00e9risation se fait en douceur et de mani\u00e8re homog\u00e8ne.<br\/>Moteur r\u00e9versible inclus.\nBloc d&rsquo;alimentation enfichable (peut \u00eatre aliment\u00e9 au choix par des piles, non incluses). <\/p>\n\n<p><\/p>\n\n<p>Alimentation : entr\u00e9e AC 100-240V ~ 50\/60 Hz ; 180 mA ; sortie : DC 5V ; 1000 mA<\/p>\n","protected":false},"excerpt":{"rendered":"<p>Pour les travaux de peinture et de rev\u00eatement ult\u00e9rieurs, la rotation permanente garantit que le mat\u00e9riau se r\u00e9partit uniform\u00e9ment sur la surface (pr\u00e9vient la formation de nez), la polym\u00e9risation se fait en douceur et de mani\u00e8re homog\u00e8ne.Moteur r\u00e9versible inclus. Bloc d&rsquo;alimentation enfichable (peut \u00eatre aliment\u00e9 au choix par des piles, non incluses). Alimentation : entr\u00e9e [&hellip;]<\/p>\n","protected":false},"featured_media":11520,"template":"","meta":[],"product_brand":[],"product_cat":[467],"product_tag":[],"class_list":{"0":"post-12143","1":"product","2":"type-product","3":"status-publish","4":"has-post-thumbnail","6":"product_cat-atelier-empreintes","7":"tm-no-options","9":"first","10":"instock","11":"taxable","12":"shipping-taxable","13":"product-type-simple"},"_links":{"self":[{"href":"https:\/\/www.ocshop.ch\/fr\/wp-json\/wp\/v2\/product\/12143","targetHints":{"allow":["GET"]}}],"collection":[{"href":"https:\/\/www.ocshop.ch\/fr\/wp-json\/wp\/v2\/product"}],"about":[{"href":"https:\/\/www.ocshop.ch\/fr\/wp-json\/wp\/v2\/types\/product"}],"wp:featuredmedia":[{"embeddable":true,"href":"https:\/\/www.ocshop.ch\/fr\/wp-json\/wp\/v2\/media\/11520"}],"wp:attachment":[{"href":"https:\/\/www.ocshop.ch\/fr\/wp-json\/wp\/v2\/media?parent=12143"}],"wp:term":[{"taxonomy":"product_brand","embeddable":true,"href":"https:\/\/www.ocshop.ch\/fr\/wp-json\/wp\/v2\/product_brand?post=12143"},{"taxonomy":"product_cat","embeddable":true,"href":"https:\/\/www.ocshop.ch\/fr\/wp-json\/wp\/v2\/product_cat?post=12143"},{"taxonomy":"product_tag","embeddable":true,"href":"https:\/\/www.ocshop.ch\/fr\/wp-json\/wp\/v2\/product_tag?post=12143"}],"curies":[{"name":"wp","href":"https:\/\/api.w.org\/{rel}","templated":true}]}}