{"id":12142,"date":"2023-08-18T21:24:00","date_gmt":"2023-08-18T19:24:00","guid":{"rendered":"https:\/\/www.ocshop.ch\/produkt\/minuteur-numerique\/"},"modified":"2025-09-23T11:40:41","modified_gmt":"2025-09-23T09:40:41","slug":"minuteur-numerique","status":"publish","type":"product","link":"https:\/\/www.ocshop.ch\/fr\/produkt\/minuteur-numerique\/","title":{"rendered":"Minuteur num\u00e9rique"},"content":{"rendered":"\n<p>Minuteur maniable pour respecter exactement les temps d&rsquo;arr\u00eat lors de la fabrication.<\/p>\n\n<p>&#8211; Suspension magn\u00e9tique<br\/>&#8211; corps en plastique ABS de haute qualit\u00e9<br\/>&#8211; grand \u00e9cran LCD, 82 x 32 mm<br\/>&#8211; affichage de l&rsquo;heure<br\/>&#8211; signal sonore apr\u00e8s \u00e9coulement du temps<br\/>&#8211; fonction chronom\u00e8tre<br\/>&#8211; fonction r\u00e9veil<\/p>\n\n<p>Affichage du temps\/unit\u00e9s : 99 min\/59 sec<br\/>Dimensions : 101 x 11 x 70 mm<br\/>Pile : 1x LR54<\/p>\n\n<p>Unit\u00e9 : min. \/ sec. <\/p>\n","protected":false},"excerpt":{"rendered":"<p>Minuteur maniable pour respecter exactement les temps d&rsquo;arr\u00eat lors de la fabrication. &#8211; Suspension magn\u00e9tique&#8211; corps en plastique ABS de haute qualit\u00e9&#8211; grand \u00e9cran LCD, 82 x 32 mm&#8211; affichage de l&rsquo;heure&#8211; signal sonore apr\u00e8s \u00e9coulement du temps&#8211; fonction chronom\u00e8tre&#8211; fonction r\u00e9veil Affichage du temps\/unit\u00e9s : 99 min\/59 secDimensions : 101 x 11 x 70 [&hellip;]<\/p>\n","protected":false},"featured_media":11528,"template":"","meta":[],"product_brand":[],"product_cat":[467],"product_tag":[],"class_list":{"0":"post-12142","1":"product","2":"type-product","3":"status-publish","4":"has-post-thumbnail","6":"product_cat-atelier-empreintes","7":"tm-no-options","9":"first","10":"instock","11":"taxable","12":"shipping-taxable","13":"product-type-simple"},"_links":{"self":[{"href":"https:\/\/www.ocshop.ch\/fr\/wp-json\/wp\/v2\/product\/12142","targetHints":{"allow":["GET"]}}],"collection":[{"href":"https:\/\/www.ocshop.ch\/fr\/wp-json\/wp\/v2\/product"}],"about":[{"href":"https:\/\/www.ocshop.ch\/fr\/wp-json\/wp\/v2\/types\/product"}],"wp:featuredmedia":[{"embeddable":true,"href":"https:\/\/www.ocshop.ch\/fr\/wp-json\/wp\/v2\/media\/11528"}],"wp:attachment":[{"href":"https:\/\/www.ocshop.ch\/fr\/wp-json\/wp\/v2\/media?parent=12142"}],"wp:term":[{"taxonomy":"product_brand","embeddable":true,"href":"https:\/\/www.ocshop.ch\/fr\/wp-json\/wp\/v2\/product_brand?post=12142"},{"taxonomy":"product_cat","embeddable":true,"href":"https:\/\/www.ocshop.ch\/fr\/wp-json\/wp\/v2\/product_cat?post=12142"},{"taxonomy":"product_tag","embeddable":true,"href":"https:\/\/www.ocshop.ch\/fr\/wp-json\/wp\/v2\/product_tag?post=12142"}],"curies":[{"name":"wp","href":"https:\/\/api.w.org\/{rel}","templated":true}]}}