{"id":12137,"date":"2023-08-18T20:47:00","date_gmt":"2023-08-18T18:47:00","guid":{"rendered":"https:\/\/www.ocshop.ch\/produkt\/set-appareil-declairage-eled-lp3-et-moteur-reversible-etm-bo3-a-piles\/"},"modified":"2023-08-18T20:47:00","modified_gmt":"2023-08-18T18:47:00","slug":"set-appareil-declairage-eled-lp3-et-moteur-reversible-etm-bo3-a-piles","status":"publish","type":"product","link":"https:\/\/www.ocshop.ch\/fr\/produkt\/set-appareil-declairage-eled-lp3-et-moteur-reversible-etm-bo3-a-piles\/","title":{"rendered":"SET appareil d&rsquo;\u00e9clairage eLED.LP3 et moteur r\u00e9versible eTM.BO3 (\u00e0 piles)"},"content":{"rendered":"","protected":false},"excerpt":{"rendered":"","protected":false},"featured_media":11516,"template":"","meta":[],"product_brand":[],"product_cat":[467],"product_tag":[],"class_list":{"0":"post-12137","1":"product","2":"type-product","3":"status-publish","4":"has-post-thumbnail","6":"product_cat-atelier-empreintes","7":"tm-no-options","9":"first","10":"instock","11":"taxable","12":"shipping-taxable","13":"product-type-simple"},"_links":{"self":[{"href":"https:\/\/www.ocshop.ch\/fr\/wp-json\/wp\/v2\/product\/12137","targetHints":{"allow":["GET"]}}],"collection":[{"href":"https:\/\/www.ocshop.ch\/fr\/wp-json\/wp\/v2\/product"}],"about":[{"href":"https:\/\/www.ocshop.ch\/fr\/wp-json\/wp\/v2\/types\/product"}],"wp:featuredmedia":[{"embeddable":true,"href":"https:\/\/www.ocshop.ch\/fr\/wp-json\/wp\/v2\/media\/11516"}],"wp:attachment":[{"href":"https:\/\/www.ocshop.ch\/fr\/wp-json\/wp\/v2\/media?parent=12137"}],"wp:term":[{"taxonomy":"product_brand","embeddable":true,"href":"https:\/\/www.ocshop.ch\/fr\/wp-json\/wp\/v2\/product_brand?post=12137"},{"taxonomy":"product_cat","embeddable":true,"href":"https:\/\/www.ocshop.ch\/fr\/wp-json\/wp\/v2\/product_cat?post=12137"},{"taxonomy":"product_tag","embeddable":true,"href":"https:\/\/www.ocshop.ch\/fr\/wp-json\/wp\/v2\/product_tag?post=12137"}],"curies":[{"name":"wp","href":"https:\/\/api.w.org\/{rel}","templated":true}]}}