{"id":12136,"date":"2023-08-18T16:08:00","date_gmt":"2023-08-18T14:08:00","guid":{"rendered":"https:\/\/www.ocshop.ch\/produkt\/bloc-de-dentition\/"},"modified":"2024-09-05T08:11:39","modified_gmt":"2024-09-05T06:11:39","slug":"bloc-de-dentition","status":"publish","type":"product","link":"https:\/\/www.ocshop.ch\/fr\/produkt\/bloc-de-dentition\/","title":{"rendered":"Bloc de dentition"},"content":{"rendered":"\n<p>Pour aider au moulage des oreilles pour la fabrication d&rsquo;otoplastiques hautement \u00e9tanches.\nNotamment en cas de besoin d&rsquo;amplification \u00e9lev\u00e9 ou de r\u00e9troaction acoustique pendant les mouvements de mastication. <\/p>\n","protected":false},"excerpt":{"rendered":"<p>Pour aider au moulage des oreilles pour la fabrication d&rsquo;otoplastiques hautement \u00e9tanches. Notamment en cas de besoin d&rsquo;amplification \u00e9lev\u00e9 ou de r\u00e9troaction acoustique pendant les mouvements de mastication.<\/p>\n","protected":false},"featured_media":11484,"template":"","meta":[],"product_brand":[],"product_cat":[467],"product_tag":[],"class_list":{"0":"post-12136","1":"product","2":"type-product","3":"status-publish","4":"has-post-thumbnail","6":"product_cat-atelier-empreintes","7":"tm-no-options","9":"first","10":"instock","11":"taxable","12":"shipping-taxable","13":"product-type-simple"},"_links":{"self":[{"href":"https:\/\/www.ocshop.ch\/fr\/wp-json\/wp\/v2\/product\/12136","targetHints":{"allow":["GET"]}}],"collection":[{"href":"https:\/\/www.ocshop.ch\/fr\/wp-json\/wp\/v2\/product"}],"about":[{"href":"https:\/\/www.ocshop.ch\/fr\/wp-json\/wp\/v2\/types\/product"}],"wp:featuredmedia":[{"embeddable":true,"href":"https:\/\/www.ocshop.ch\/fr\/wp-json\/wp\/v2\/media\/11484"}],"wp:attachment":[{"href":"https:\/\/www.ocshop.ch\/fr\/wp-json\/wp\/v2\/media?parent=12136"}],"wp:term":[{"taxonomy":"product_brand","embeddable":true,"href":"https:\/\/www.ocshop.ch\/fr\/wp-json\/wp\/v2\/product_brand?post=12136"},{"taxonomy":"product_cat","embeddable":true,"href":"https:\/\/www.ocshop.ch\/fr\/wp-json\/wp\/v2\/product_cat?post=12136"},{"taxonomy":"product_tag","embeddable":true,"href":"https:\/\/www.ocshop.ch\/fr\/wp-json\/wp\/v2\/product_tag?post=12136"}],"curies":[{"name":"wp","href":"https:\/\/api.w.org\/{rel}","templated":true}]}}