{"id":12134,"date":"2023-08-18T17:26:00","date_gmt":"2023-08-18T15:26:00","guid":{"rendered":"https:\/\/www.ocshop.ch\/produkt\/speculums-a-usage-unique-adult-8-pieces-pour-otoscope-video-ref-26636-26639\/"},"modified":"2023-08-18T17:26:00","modified_gmt":"2023-08-18T15:26:00","slug":"speculums-a-usage-unique-adult-8-pieces-pour-otoscope-video-ref-26636-26639","status":"publish","type":"product","link":"https:\/\/www.ocshop.ch\/fr\/produkt\/speculums-a-usage-unique-adult-8-pieces-pour-otoscope-video-ref-26636-26639\/","title":{"rendered":"Sp\u00e9culums \u00e0 usage unique ADULT (8 pi\u00e8ces) pour otoscope vid\u00e9o REF 26636 \/ 26639"},"content":{"rendered":"","protected":false},"excerpt":{"rendered":"<div class=\"specification-wrapper\"><span class=\"specification-name\">Taille de l&rsquo;entonnoir : <\/span><span class=\"specification-value\">5 mm<\/span><\/div>\n<div class=\"specification-wrapper\"><span class=\"specification-name\">Couleur de l&rsquo;entonnoir : <\/span><span class=\"specification-value\">noir<\/span><\/div>\n","protected":false},"featured_media":11666,"template":"","meta":[],"product_brand":[],"product_cat":[467],"product_tag":[],"class_list":{"0":"post-12134","1":"product","2":"type-product","3":"status-publish","4":"has-post-thumbnail","6":"product_cat-atelier-empreintes","7":"tm-no-options","9":"first","10":"instock","11":"taxable","12":"shipping-taxable","13":"product-type-simple"},"_links":{"self":[{"href":"https:\/\/www.ocshop.ch\/fr\/wp-json\/wp\/v2\/product\/12134","targetHints":{"allow":["GET"]}}],"collection":[{"href":"https:\/\/www.ocshop.ch\/fr\/wp-json\/wp\/v2\/product"}],"about":[{"href":"https:\/\/www.ocshop.ch\/fr\/wp-json\/wp\/v2\/types\/product"}],"wp:featuredmedia":[{"embeddable":true,"href":"https:\/\/www.ocshop.ch\/fr\/wp-json\/wp\/v2\/media\/11666"}],"wp:attachment":[{"href":"https:\/\/www.ocshop.ch\/fr\/wp-json\/wp\/v2\/media?parent=12134"}],"wp:term":[{"taxonomy":"product_brand","embeddable":true,"href":"https:\/\/www.ocshop.ch\/fr\/wp-json\/wp\/v2\/product_brand?post=12134"},{"taxonomy":"product_cat","embeddable":true,"href":"https:\/\/www.ocshop.ch\/fr\/wp-json\/wp\/v2\/product_cat?post=12134"},{"taxonomy":"product_tag","embeddable":true,"href":"https:\/\/www.ocshop.ch\/fr\/wp-json\/wp\/v2\/product_tag?post=12134"}],"curies":[{"name":"wp","href":"https:\/\/api.w.org\/{rel}","templated":true}]}}