{"id":12133,"date":"2022-08-26T23:02:00","date_gmt":"2022-08-26T21:02:00","guid":{"rendered":"https:\/\/www.ocshop.ch\/produkt\/tiroir-inclus-5-cartons-reflechissants-pour-eled-lp3\/"},"modified":"2024-09-05T08:11:39","modified_gmt":"2024-09-05T06:11:39","slug":"tiroir-inclus-5-cartons-reflechissants-pour-eled-lp3","status":"publish","type":"product","link":"https:\/\/www.ocshop.ch\/fr\/produkt\/tiroir-inclus-5-cartons-reflechissants-pour-eled-lp3\/","title":{"rendered":"Tiroir inclus.\n5 cartons r\u00e9fl\u00e9chissants pour eLED.LP3"},"content":{"rendered":"\n<pre class=\"wp-block-preformatted\">Avec son kit d'insertion \u00e0 miroirs sur tout le pourtour, l'eLED.LP3 est une belle machine \u00e0 tout faire : aide pratique au poste de service ou appareil de production \u00e0 part enti\u00e8re, par exemple pour la fabrication d'embouts auriculaires et de coques intra-auriculaires.<\/pre>\n","protected":false},"excerpt":{"rendered":"<p>Avec son kit d&rsquo;insertion \u00e0 miroirs sur tout le pourtour, l&rsquo;eLED.LP3 est une belle machine \u00e0 tout faire : aide pratique au poste de service ou appareil de production \u00e0 part enti\u00e8re, par exemple pour la fabrication d&#8217;embouts auriculaires et de coques intra-auriculaires.<\/p>\n","protected":false},"featured_media":11920,"template":"","meta":[],"product_brand":[],"product_cat":[467],"product_tag":[],"class_list":{"0":"post-12133","1":"product","2":"type-product","3":"status-publish","4":"has-post-thumbnail","6":"product_cat-atelier-empreintes","7":"tm-no-options","9":"first","10":"instock","11":"taxable","12":"shipping-taxable","13":"product-type-simple"},"_links":{"self":[{"href":"https:\/\/www.ocshop.ch\/fr\/wp-json\/wp\/v2\/product\/12133","targetHints":{"allow":["GET"]}}],"collection":[{"href":"https:\/\/www.ocshop.ch\/fr\/wp-json\/wp\/v2\/product"}],"about":[{"href":"https:\/\/www.ocshop.ch\/fr\/wp-json\/wp\/v2\/types\/product"}],"wp:featuredmedia":[{"embeddable":true,"href":"https:\/\/www.ocshop.ch\/fr\/wp-json\/wp\/v2\/media\/11920"}],"wp:attachment":[{"href":"https:\/\/www.ocshop.ch\/fr\/wp-json\/wp\/v2\/media?parent=12133"}],"wp:term":[{"taxonomy":"product_brand","embeddable":true,"href":"https:\/\/www.ocshop.ch\/fr\/wp-json\/wp\/v2\/product_brand?post=12133"},{"taxonomy":"product_cat","embeddable":true,"href":"https:\/\/www.ocshop.ch\/fr\/wp-json\/wp\/v2\/product_cat?post=12133"},{"taxonomy":"product_tag","embeddable":true,"href":"https:\/\/www.ocshop.ch\/fr\/wp-json\/wp\/v2\/product_tag?post=12133"}],"curies":[{"name":"wp","href":"https:\/\/api.w.org\/{rel}","templated":true}]}}