{"id":12119,"date":"2023-08-18T23:27:00","date_gmt":"2023-08-18T21:27:00","guid":{"rendered":"https:\/\/www.ocshop.ch\/produkt\/tuyau-acoustique-spirale-20-x-31mm-avec-clip-a-collerette\/"},"modified":"2024-09-05T08:09:48","modified_gmt":"2024-09-05T06:09:48","slug":"tuyau-acoustique-spirale-20-x-31mm-avec-clip-a-collerette","status":"publish","type":"product","link":"https:\/\/www.ocshop.ch\/fr\/produkt\/tuyau-acoustique-spirale-20-x-31mm-avec-clip-a-collerette\/","title":{"rendered":"Tuyau acoustique spiral\u00e9, 2,0 x 3,1mm avec clip \u00e0 collerette"},"content":{"rendered":"\n<p>Pour coupler les \u00e9couteurs de surveillance \u00e0 un embout auriculaire personnalis\u00e9.<\/p>\n","protected":false},"excerpt":{"rendered":"<p>Pour coupler les \u00e9couteurs de surveillance \u00e0 un embout auriculaire personnalis\u00e9.<\/p>\n","protected":false},"featured_media":11571,"template":"","meta":[],"product_brand":[],"product_cat":[493],"product_tag":[],"class_list":{"0":"post-12119","1":"product","2":"type-product","3":"status-publish","4":"has-post-thumbnail","6":"product_cat-accessoires-pour-embouts-auriculaires","7":"tm-no-options","9":"first","10":"instock","11":"taxable","12":"shipping-taxable","13":"product-type-simple"},"_links":{"self":[{"href":"https:\/\/www.ocshop.ch\/fr\/wp-json\/wp\/v2\/product\/12119","targetHints":{"allow":["GET"]}}],"collection":[{"href":"https:\/\/www.ocshop.ch\/fr\/wp-json\/wp\/v2\/product"}],"about":[{"href":"https:\/\/www.ocshop.ch\/fr\/wp-json\/wp\/v2\/types\/product"}],"wp:featuredmedia":[{"embeddable":true,"href":"https:\/\/www.ocshop.ch\/fr\/wp-json\/wp\/v2\/media\/11571"}],"wp:attachment":[{"href":"https:\/\/www.ocshop.ch\/fr\/wp-json\/wp\/v2\/media?parent=12119"}],"wp:term":[{"taxonomy":"product_brand","embeddable":true,"href":"https:\/\/www.ocshop.ch\/fr\/wp-json\/wp\/v2\/product_brand?post=12119"},{"taxonomy":"product_cat","embeddable":true,"href":"https:\/\/www.ocshop.ch\/fr\/wp-json\/wp\/v2\/product_cat?post=12119"},{"taxonomy":"product_tag","embeddable":true,"href":"https:\/\/www.ocshop.ch\/fr\/wp-json\/wp\/v2\/product_tag?post=12119"}],"curies":[{"name":"wp","href":"https:\/\/api.w.org\/{rel}","templated":true}]}}