{"id":12105,"date":"2024-08-18T19:11:13","date_gmt":"2024-08-18T17:11:13","guid":{"rendered":"https:\/\/www.ocshop.ch\/produkt\/appareil-declairage-eled-lp3\/"},"modified":"2024-08-18T19:11:13","modified_gmt":"2024-08-18T17:11:13","slug":"appareil-declairage-eled-lp3","status":"publish","type":"product","link":"https:\/\/www.ocshop.ch\/fr\/produkt\/appareil-declairage-eled-lp3\/","title":{"rendered":"Appareil d&rsquo;\u00e9clairage eLED.LP3"},"content":{"rendered":"","protected":false},"excerpt":{"rendered":"<p>&#8211; Technologie LED \u00e0 haut rendement, d\u00e9velopp\u00e9e pour la polym\u00e9risation en douceur des plastiques photopolym\u00e9risables, par exemple. Vernis LP\/H et LP-W &#8211; bouton tactile de pr\u00e9s\u00e9lection marche\/arr\u00eat\/temps, selon l&rsquo;application, le temps d&rsquo;exposition peut \u00eatre pr\u00e9s\u00e9lectionn\u00e9, puis l&rsquo;appareil s&rsquo;\u00e9teint automatiquement &#8211; des temps de polym\u00e9risation plus courts et plus respectueux du mat\u00e9riau contribuent \u00e0 un d\u00e9roulement efficace du travail ainsi qu&rsquo;\u00e0 des r\u00e9sultats impeccables lors des travaux de peinture, de rev\u00eatement, de modification ou de r\u00e9paration &#8211; exemples d&rsquo;applications ult\u00e9rieures sur des otoplastiques BTE et BTE fabriqu\u00e9s \u00e0 partir de photopolym\u00e8res ou d&rsquo;autres acryliques durs : &#8211; vitrage avec des vernis LP\/H, entre autres pour pr\u00e9venir les irritations de la peau &#8211; rev\u00eatement antid\u00e9rapant avec un vernis LP\/W, entre autres pour am\u00e9liorer le maintien dans l&rsquo;oreille &#8211; r\u00e9duction\/fermeture des trous d&rsquo;a\u00e9ration &#8211; application de supports avec de la p\u00e2te \u00e0 modeler &#8211; six LED au total garantissent un \u00e9clairage fiable et uniforme du champ d&rsquo;exposition &#8211; faibles co\u00fbts d&rsquo;exploitation et de suivi gr\u00e2ce \u00e0 une faible consommation d&rsquo;\u00e9nergie et une source lumineuse de longue dur\u00e9e (&gt;  20 000 h) &#8211; bo\u00eetier m\u00e9tallique robuste avec peinture de haute qualit\u00e9, facile \u00e0 nettoyer &#8211; l&rsquo;alimentation universelle permet une utilisation dans tous les pays Caract\u00e9ristiques techniques : Tension d&rsquo;entr\u00e9e : AC 100 &#8211; 240V Consommation d&rsquo;\u00e9nergie : 15W Temps d&rsquo;exposition : 3 temps Taille du champ d&rsquo;exposition : environ L 70 x L 110 mm Dimensions : environ L 80 x L 160 x 95 mm Poids : 0,8 kg Nombre de sources lumineuses : 6 LED R\u00e9partition spectrale : 375-405 nm <span class=\"specification-name\">Longueur d&rsquo;onde : <\/span><span class=\"specification-value\">375-405nm<\/span><\/p>\n","protected":false},"featured_media":11506,"template":"","meta":[],"product_brand":[],"product_cat":[467],"product_tag":[],"class_list":{"0":"post-12105","1":"product","2":"type-product","3":"status-publish","4":"has-post-thumbnail","6":"product_cat-atelier-empreintes","7":"tm-no-options","9":"first","10":"instock","11":"taxable","12":"shipping-taxable","13":"product-type-simple"},"_links":{"self":[{"href":"https:\/\/www.ocshop.ch\/fr\/wp-json\/wp\/v2\/product\/12105","targetHints":{"allow":["GET"]}}],"collection":[{"href":"https:\/\/www.ocshop.ch\/fr\/wp-json\/wp\/v2\/product"}],"about":[{"href":"https:\/\/www.ocshop.ch\/fr\/wp-json\/wp\/v2\/types\/product"}],"wp:featuredmedia":[{"embeddable":true,"href":"https:\/\/www.ocshop.ch\/fr\/wp-json\/wp\/v2\/media\/11506"}],"wp:attachment":[{"href":"https:\/\/www.ocshop.ch\/fr\/wp-json\/wp\/v2\/media?parent=12105"}],"wp:term":[{"taxonomy":"product_brand","embeddable":true,"href":"https:\/\/www.ocshop.ch\/fr\/wp-json\/wp\/v2\/product_brand?post=12105"},{"taxonomy":"product_cat","embeddable":true,"href":"https:\/\/www.ocshop.ch\/fr\/wp-json\/wp\/v2\/product_cat?post=12105"},{"taxonomy":"product_tag","embeddable":true,"href":"https:\/\/www.ocshop.ch\/fr\/wp-json\/wp\/v2\/product_tag?post=12105"}],"curies":[{"name":"wp","href":"https:\/\/api.w.org\/{rel}","templated":true}]}}