{"id":12087,"date":"2024-08-18T23:18:19","date_gmt":"2024-08-18T21:18:19","guid":{"rendered":"https:\/\/www.ocshop.ch\/produkt\/cire-de-correction-rouge-70-g\/"},"modified":"2024-09-05T08:05:55","modified_gmt":"2024-09-05T06:05:55","slug":"cire-de-correction-rouge-70-g","status":"publish","type":"product","link":"https:\/\/www.ocshop.ch\/fr\/produkt\/cire-de-correction-rouge-70-g\/","title":{"rendered":"Cire de correction rouge, 70 g"},"content":{"rendered":"\n<p>Pour les travaux de correction et de d\u00e9blocage des empreintes<br\/>par exemple. Par exemple, \u00e0 l&rsquo;aide du couteau \u00e0 cire \u00e9lectrique.<\/p>\n","protected":false},"excerpt":{"rendered":"<p>Pour les travaux de correction et de d\u00e9blocage des empreintespar exemple. Par exemple, \u00e0 l&rsquo;aide du couteau \u00e0 cire \u00e9lectrique.<\/p>\n","protected":false},"featured_media":11567,"template":"","meta":[],"product_brand":[],"product_cat":[467],"product_tag":[],"class_list":{"0":"post-12087","1":"product","2":"type-product","3":"status-publish","4":"has-post-thumbnail","6":"product_cat-atelier-empreintes","7":"tm-no-options","9":"first","10":"instock","11":"taxable","12":"shipping-taxable","13":"product-type-simple"},"_links":{"self":[{"href":"https:\/\/www.ocshop.ch\/fr\/wp-json\/wp\/v2\/product\/12087","targetHints":{"allow":["GET"]}}],"collection":[{"href":"https:\/\/www.ocshop.ch\/fr\/wp-json\/wp\/v2\/product"}],"about":[{"href":"https:\/\/www.ocshop.ch\/fr\/wp-json\/wp\/v2\/types\/product"}],"wp:featuredmedia":[{"embeddable":true,"href":"https:\/\/www.ocshop.ch\/fr\/wp-json\/wp\/v2\/media\/11567"}],"wp:attachment":[{"href":"https:\/\/www.ocshop.ch\/fr\/wp-json\/wp\/v2\/media?parent=12087"}],"wp:term":[{"taxonomy":"product_brand","embeddable":true,"href":"https:\/\/www.ocshop.ch\/fr\/wp-json\/wp\/v2\/product_brand?post=12087"},{"taxonomy":"product_cat","embeddable":true,"href":"https:\/\/www.ocshop.ch\/fr\/wp-json\/wp\/v2\/product_cat?post=12087"},{"taxonomy":"product_tag","embeddable":true,"href":"https:\/\/www.ocshop.ch\/fr\/wp-json\/wp\/v2\/product_tag?post=12087"}],"curies":[{"name":"wp","href":"https:\/\/api.w.org\/{rel}","templated":true}]}}