{"id":12080,"date":"2024-08-26T23:37:27","date_gmt":"2024-08-26T21:37:27","guid":{"rendered":"https:\/\/www.ocshop.ch\/produkt\/egger-lp-h-pate-a-modeler-20g\/"},"modified":"2024-09-05T08:05:39","modified_gmt":"2024-09-05T06:05:39","slug":"egger-lp-h-pate-a-modeler-20g","status":"publish","type":"product","link":"https:\/\/www.ocshop.ch\/fr\/produkt\/egger-lp-h-pate-a-modeler-20g\/","title":{"rendered":"egger LP\/H p\u00e2te \u00e0 modeler, 20g"},"content":{"rendered":"\n<pre class=\"wp-block-preformatted\">Consistance p\u00e2teuse stable pour la r\u00e9paration d'embouts en acrylates et en photopolym\u00e8res, pour la conception d'\u00e9vents sur les coques intra-auriculaires et pour la modification des embouts.\nCouleurs assorties aux mat\u00e9riaux de base des otoplastiques correspondants <\/pre>\n","protected":false},"excerpt":{"rendered":"<p>Consistance p\u00e2teuse stable pour la r\u00e9paration d&#8217;embouts en acrylates et en photopolym\u00e8res, pour la conception d&rsquo;\u00e9vents sur les coques intra-auriculaires et pour la modification des embouts. Couleurs assorties aux mat\u00e9riaux de base des otoplastiques correspondants<\/p>\n","protected":false},"featured_media":11932,"template":"","meta":[],"product_brand":[],"product_cat":[467],"product_tag":[],"class_list":{"0":"post-12080","1":"product","2":"type-product","3":"status-publish","4":"has-post-thumbnail","6":"product_cat-atelier-empreintes","7":"tm-no-options","9":"first","10":"instock","11":"taxable","12":"shipping-taxable","13":"product-type-variable"},"_links":{"self":[{"href":"https:\/\/www.ocshop.ch\/fr\/wp-json\/wp\/v2\/product\/12080","targetHints":{"allow":["GET"]}}],"collection":[{"href":"https:\/\/www.ocshop.ch\/fr\/wp-json\/wp\/v2\/product"}],"about":[{"href":"https:\/\/www.ocshop.ch\/fr\/wp-json\/wp\/v2\/types\/product"}],"wp:featuredmedia":[{"embeddable":true,"href":"https:\/\/www.ocshop.ch\/fr\/wp-json\/wp\/v2\/media\/11932"}],"wp:attachment":[{"href":"https:\/\/www.ocshop.ch\/fr\/wp-json\/wp\/v2\/media?parent=12080"}],"wp:term":[{"taxonomy":"product_brand","embeddable":true,"href":"https:\/\/www.ocshop.ch\/fr\/wp-json\/wp\/v2\/product_brand?post=12080"},{"taxonomy":"product_cat","embeddable":true,"href":"https:\/\/www.ocshop.ch\/fr\/wp-json\/wp\/v2\/product_cat?post=12080"},{"taxonomy":"product_tag","embeddable":true,"href":"https:\/\/www.ocshop.ch\/fr\/wp-json\/wp\/v2\/product_tag?post=12080"}],"curies":[{"name":"wp","href":"https:\/\/api.w.org\/{rel}","templated":true}]}}