{"id":12076,"date":"2024-08-26T23:29:22","date_gmt":"2024-08-26T21:29:22","guid":{"rendered":"https:\/\/www.ocshop.ch\/produkt\/egger-lp-h-pate-a-modeler-xpress-beige-20-g\/"},"modified":"2024-09-05T08:05:39","modified_gmt":"2024-09-05T06:05:39","slug":"egger-lp-h-pate-a-modeler-xpress-beige-20-g","status":"publish","type":"product","link":"https:\/\/www.ocshop.ch\/fr\/produkt\/egger-lp-h-pate-a-modeler-xpress-beige-20-g\/","title":{"rendered":"egger LP\/H p\u00e2te \u00e0 modeler Xpress, beige, 20 g"},"content":{"rendered":"\n<p>Avec la p\u00e2te \u00e0 modeler Xpress, tu peux fabriquer des ventings, effectuer des r\u00e9parations ou des modifications de la m\u00eame qualit\u00e9 et gagner jusqu&rsquo;\u00e0 50% de temps.\nLa p\u00e2te \u00e0 modeler Xpress a \u00e9t\u00e9 sp\u00e9cialement con\u00e7ue pour la plage de longueurs d&rsquo;onde des pistolets \u00e0 lumi\u00e8re, afin d&rsquo;obtenir un temps de polym\u00e9risation optimal. <\/p>\n\n<p><\/p>\n\n<p>Temp\u00e9rature de stockage : 2 &#8211; 25\u00b0C<\/p>\n","protected":false},"excerpt":{"rendered":"<p>Avec la p\u00e2te \u00e0 modeler Xpress, tu peux fabriquer des ventings, effectuer des r\u00e9parations ou des modifications de la m\u00eame qualit\u00e9 et gagner jusqu&rsquo;\u00e0 50% de temps. La p\u00e2te \u00e0 modeler Xpress a \u00e9t\u00e9 sp\u00e9cialement con\u00e7ue pour la plage de longueurs d&rsquo;onde des pistolets \u00e0 lumi\u00e8re, afin d&rsquo;obtenir un temps de polym\u00e9risation optimal. Temp\u00e9rature de [&hellip;]<\/p>\n","protected":false},"featured_media":11928,"template":"","meta":[],"product_brand":[],"product_cat":[467],"product_tag":[],"class_list":{"0":"post-12076","1":"product","2":"type-product","3":"status-publish","4":"has-post-thumbnail","6":"product_cat-atelier-empreintes","7":"tm-no-options","9":"first","10":"instock","11":"taxable","12":"shipping-taxable","13":"product-type-simple"},"_links":{"self":[{"href":"https:\/\/www.ocshop.ch\/fr\/wp-json\/wp\/v2\/product\/12076","targetHints":{"allow":["GET"]}}],"collection":[{"href":"https:\/\/www.ocshop.ch\/fr\/wp-json\/wp\/v2\/product"}],"about":[{"href":"https:\/\/www.ocshop.ch\/fr\/wp-json\/wp\/v2\/types\/product"}],"wp:featuredmedia":[{"embeddable":true,"href":"https:\/\/www.ocshop.ch\/fr\/wp-json\/wp\/v2\/media\/11928"}],"wp:attachment":[{"href":"https:\/\/www.ocshop.ch\/fr\/wp-json\/wp\/v2\/media?parent=12076"}],"wp:term":[{"taxonomy":"product_brand","embeddable":true,"href":"https:\/\/www.ocshop.ch\/fr\/wp-json\/wp\/v2\/product_brand?post=12076"},{"taxonomy":"product_cat","embeddable":true,"href":"https:\/\/www.ocshop.ch\/fr\/wp-json\/wp\/v2\/product_cat?post=12076"},{"taxonomy":"product_tag","embeddable":true,"href":"https:\/\/www.ocshop.ch\/fr\/wp-json\/wp\/v2\/product_tag?post=12076"}],"curies":[{"name":"wp","href":"https:\/\/api.w.org\/{rel}","templated":true}]}}