{"id":12073,"date":"2024-08-27T00:36:35","date_gmt":"2024-08-26T22:36:35","guid":{"rendered":"https:\/\/www.ocshop.ch\/produkt\/station-de-service-ewa-x3\/"},"modified":"2024-09-05T08:05:39","modified_gmt":"2024-09-05T06:05:39","slug":"station-de-service-ewa-x3","status":"publish","type":"product","link":"https:\/\/www.ocshop.ch\/fr\/produkt\/station-de-service-ewa-x3\/","title":{"rendered":"Station de service eWA.X3"},"content":{"rendered":"\n<p>D\u00e9velopp\u00e9 en collaboration avec des audioproth\u00e9sistes, l&rsquo;eWA.X3 devient rapidement indispensable lorsque les d\u00e9p\u00f4ts (notamment le c\u00e9rumen) ou l&rsquo;humidit\u00e9 sont difficiles \u00e0 atteindre et bloquent le passage du son.\nEn commen\u00e7ant par les ouvertures de l&rsquo;\u00e9couteur et du microphone, les tuyaux acoustiques et les tuyaux Slim, les tamis de protection contre le c\u00e9rumen, les trous suppl\u00e9mentaires, etc. Pour une utilisation s\u00fbre, efficace et en douceur, la fonction int\u00e9gr\u00e9e d&rsquo;aspiration et de soufflage d&rsquo;air a \u00e9t\u00e9 soumise \u00e0 des tests intensifs et adapt\u00e9e de mani\u00e8re optimale \u00e0 la vie quotidienne au poste de service.\nLe niveau sonore remarquablement bas<br\/>est le r\u00e9sultat d&rsquo;une s\u00e9lection minutieuse des composants, d&rsquo;une construction bien pens\u00e9e et d&rsquo;un stockage sp\u00e9cial de la puissante pompe.\nAvec son bo\u00eetier harmonieux et ses couleurs discr\u00e8tes, le eWA.X3 se place avec assurance dans le champ de vision du client.\nLe travail artisanal peut \u00eatre aussi beau que cela &#8211; dans un magasin sp\u00e9cialis\u00e9, lors de visites \u00e0 domicile ou sur ton stand d&rsquo;exposition promotionnel.    <\/p>\n\n<p>-d&rsquo;une forme \u00e9l\u00e9gante et peu encombrante<br\/>-utilisation simple et intuitive<br\/>-bruit de fonctionnement mod\u00e9r\u00e9<br\/>-fonction d&rsquo;aspiration, par exemple en cas d&rsquo;accumulation de salet\u00e9s dans l&rsquo;ouverture de l&rsquo;\u00e9couteur \/ du microphone<br\/>-fonction de soufflage d&rsquo;air, par exemple. en cas de formation d&rsquo;humidit\u00e9 dans le tube sonore \/ slim<br\/>-manom\u00e8tre comme indicateur de l&rsquo;efficacit\u00e9 parfaite de l&rsquo;aspiration<br\/>-filtre sp\u00e9cial facile \u00e0 nettoyer et rempla\u00e7able pour prot\u00e9ger la pompe de la salet\u00e9 et de l&rsquo;humidit\u00e9<br\/>-embouts de diff\u00e9rents diam\u00e8tres<br\/>-bo\u00eetier m\u00e9tallique avec rev\u00eatement de couleur de haute qualit\u00e9 (nettoyage facile)<br\/>-mallette pratique incluse, par ex. pour les visites \u00e0 domicile ou les journ\u00e9es d&rsquo;action<br\/>-l&rsquo;alimentation universelle permet une utilisation dans tous les pays<\/p>\n\n<p>Contenu :<br\/>eWA.X3, 1 jeu de tubes, 1 jeu d&#8217;embouts (violet, rose, vert et orange), 1 filtre fritt\u00e9<\/p>\n\n<p>Tension : AC 100-240V ; 50-60Hz ; 0,7A<\/p>\n\n<p>Puissance absorb\u00e9e : 12W<\/p>\n\n<p>Dimensions (environ) : L 178 x P 153 x H 70 mm<\/p>\n\n<p>Poids : 2,5 kg<\/p>\n","protected":false},"excerpt":{"rendered":"<p>D\u00e9velopp\u00e9 en collaboration avec des audioproth\u00e9sistes, l&rsquo;eWA.X3 devient rapidement indispensable lorsque les d\u00e9p\u00f4ts (notamment le c\u00e9rumen) ou l&rsquo;humidit\u00e9 sont difficiles \u00e0 atteindre et bloquent le passage du son. En commen\u00e7ant par les ouvertures de l&rsquo;\u00e9couteur et du microphone, les tuyaux acoustiques et les tuyaux Slim, les tamis de protection contre le c\u00e9rumen, les trous suppl\u00e9mentaires, [&hellip;]<\/p>\n","protected":false},"featured_media":11971,"template":"","meta":[],"product_brand":[],"product_cat":[467,491],"product_tag":[],"class_list":{"0":"post-12073","1":"product","2":"type-product","3":"status-publish","4":"has-post-thumbnail","6":"product_cat-atelier-empreintes","7":"product_cat-nettoyage-et-entretien","8":"tm-no-options","10":"first","11":"instock","12":"taxable","13":"shipping-taxable","14":"product-type-simple"},"_links":{"self":[{"href":"https:\/\/www.ocshop.ch\/fr\/wp-json\/wp\/v2\/product\/12073","targetHints":{"allow":["GET"]}}],"collection":[{"href":"https:\/\/www.ocshop.ch\/fr\/wp-json\/wp\/v2\/product"}],"about":[{"href":"https:\/\/www.ocshop.ch\/fr\/wp-json\/wp\/v2\/types\/product"}],"wp:featuredmedia":[{"embeddable":true,"href":"https:\/\/www.ocshop.ch\/fr\/wp-json\/wp\/v2\/media\/11971"}],"wp:attachment":[{"href":"https:\/\/www.ocshop.ch\/fr\/wp-json\/wp\/v2\/media?parent=12073"}],"wp:term":[{"taxonomy":"product_brand","embeddable":true,"href":"https:\/\/www.ocshop.ch\/fr\/wp-json\/wp\/v2\/product_brand?post=12073"},{"taxonomy":"product_cat","embeddable":true,"href":"https:\/\/www.ocshop.ch\/fr\/wp-json\/wp\/v2\/product_cat?post=12073"},{"taxonomy":"product_tag","embeddable":true,"href":"https:\/\/www.ocshop.ch\/fr\/wp-json\/wp\/v2\/product_tag?post=12073"}],"curies":[{"name":"wp","href":"https:\/\/api.w.org\/{rel}","templated":true}]}}