{"id":12072,"date":"2024-08-18T23:40:00","date_gmt":"2024-08-18T21:40:00","guid":{"rendered":"https:\/\/www.ocshop.ch\/produkt\/entonnoir-reutilisable-4-pieces-noir-24-30-40-50-mm\/"},"modified":"2024-09-05T08:05:39","modified_gmt":"2024-09-05T06:05:39","slug":"entonnoir-reutilisable-4-pieces-noir-24-30-40-50-mm","status":"publish","type":"product","link":"https:\/\/www.ocshop.ch\/fr\/produkt\/entonnoir-reutilisable-4-pieces-noir-24-30-40-50-mm\/","title":{"rendered":"Entonnoir r\u00e9utilisable, 4 pi\u00e8ces, noir 2,4\/3,0\/4,0\/5,0 mm"},"content":{"rendered":"\n<pre class=\"wp-block-preformatted\">Entonnoirs r\u00e9utilisables, 4 pi\u00e8ces, noirs, de diam\u00e8tre 2,4\/3,0\/4,0\/5,0 mm<\/pre>\n","protected":false},"excerpt":{"rendered":"<p>Entonnoirs r\u00e9utilisables, 4 pi\u00e8ces, noirs, de diam\u00e8tre 2,4\/3,0\/4,0\/5,0 mm<\/p>\n","protected":false},"featured_media":11575,"template":"","meta":[],"product_brand":[],"product_cat":[467],"product_tag":[],"class_list":{"0":"post-12072","1":"product","2":"type-product","3":"status-publish","4":"has-post-thumbnail","6":"product_cat-atelier-empreintes","7":"tm-no-options","9":"first","10":"instock","11":"taxable","12":"shipping-taxable","13":"product-type-simple"},"_links":{"self":[{"href":"https:\/\/www.ocshop.ch\/fr\/wp-json\/wp\/v2\/product\/12072","targetHints":{"allow":["GET"]}}],"collection":[{"href":"https:\/\/www.ocshop.ch\/fr\/wp-json\/wp\/v2\/product"}],"about":[{"href":"https:\/\/www.ocshop.ch\/fr\/wp-json\/wp\/v2\/types\/product"}],"wp:featuredmedia":[{"embeddable":true,"href":"https:\/\/www.ocshop.ch\/fr\/wp-json\/wp\/v2\/media\/11575"}],"wp:attachment":[{"href":"https:\/\/www.ocshop.ch\/fr\/wp-json\/wp\/v2\/media?parent=12072"}],"wp:term":[{"taxonomy":"product_brand","embeddable":true,"href":"https:\/\/www.ocshop.ch\/fr\/wp-json\/wp\/v2\/product_brand?post=12072"},{"taxonomy":"product_cat","embeddable":true,"href":"https:\/\/www.ocshop.ch\/fr\/wp-json\/wp\/v2\/product_cat?post=12072"},{"taxonomy":"product_tag","embeddable":true,"href":"https:\/\/www.ocshop.ch\/fr\/wp-json\/wp\/v2\/product_tag?post=12072"}],"curies":[{"name":"wp","href":"https:\/\/api.w.org\/{rel}","templated":true}]}}