{"id":11586,"date":"2024-08-18T23:58:24","date_gmt":"2024-08-18T21:58:24","guid":{"rendered":"https:\/\/www.ocshop.ch\/?post_type=product&#038;p=11586"},"modified":"2024-09-05T08:05:56","modified_gmt":"2024-09-05T06:05:56","slug":"latelier-mobile-avec-contenu-kopie","status":"publish","type":"product","link":"https:\/\/www.ocshop.ch\/fr\/produkt\/latelier-mobile-avec-contenu-kopie\/","title":{"rendered":"L&rsquo;atelier roulant (avec contenu) \/ Ma\u00eetre Kofer ME2"},"content":{"rendered":"<div class=\"variant-description\">Le trolley (aluminium noir) a l&rsquo;\u00e9quipement expert suivant (1 pi\u00e8ce de chaque) : Otoscope LED LuxaScope Auris (fonctionne sur piles) \/ B\u00e2ton lumineux LED avec pointe acrylique \/ Pointe acrylique avec \u00e9chelle pour b\u00e2ton lumineux LED \/ Pince \u00e0 \u00e9largir les tuyaux \/ Ciseaux &#8211; pointe arrondie \/ Pincette \u00e0 ba\u00efonnette \/ egger A\/ITE (8 cartouches doubles) \/ Pistolet \u00e0 injection \/ Aiguilles de m\u00e9lange, 25 pi\u00e8ces \/ Clear Former &#8211; feuille de moulage (2 x 10 pi\u00e8ces) \/ coton \/ fil \/ cedis spray d\u00e9sinfectant avec vaporisateur, 100 ml \/ forme de manchette, 40 mm, 2 pi\u00e8ces \/ pi\u00e8ce de base, 40 mm, 2 pi\u00e8ces \/ silicone de duplication transparent, 8 cartouches \/ bo\u00eete ronde, transparente, 50 mm (sans couvercle !)) \/ Moule d&rsquo;enrobage transparent, 50 mm, 2 pi\u00e8ces \/ Cuill\u00e8re de dosage \/ egger Acryl\/B monom\u00e8re (liquide), 250 ml \/ egger Acryl\/B polym\u00e8re (poudre), transparent, 0,5 kg \/ Bol de m\u00e9lange, 70 ml \/ Spatule de m\u00e9lange petite \/ Pique \u00e0 tremper pour cirer 1 empreinte \/ Plaque de cire \u00e0 tremper, verte, 167 g \/ Tuyau sonore, PVC 2,0 x 3,1 mm transparent \/ egger LP\/H transparent, 300-g \/ egger LP\/H p\u00e2te \u00e0 modeler transparente, 20 g \/ verre \u00e0 tremper, 60 ml \/ feuille noire ronde, 10 pi\u00e8ces, diam\u00e8tre 4,5 cm \/ LP Cleaner 250 ml \/ pincettes fines &#8211; courb\u00e9es \/ kit de m\u00e8ches pour mat\u00e9riaux otoplastiques durs \/ m\u00e8che rose, 3,5 mm \/ Tondeuse HM Face-Plate \/ Softrondell vert, non mont\u00e9, 10 pi\u00e8ces \/ Mandrin pour Softrondell \/ Pierre spongieuse, mont\u00e9e, pointue et \u00e9troite \/ Papier abrasif 180, grossier \/ Uniglue\/2, 10 g \/ Pointe de dosage petite pour Uniglue, 0,5 mm \/ Couteau de laboratoire \/ Lame de rechange pour couteau de laboratoire (1 pi\u00e8ce) \/ Scalpel avec 1 lame, manche plat \/ Lames de rechange pour scalpel \u00e0 manche plat (5 pi\u00e8ces) \/ Coton-tiges, 300 pi\u00e8ces \/ Visi\u00e8re de protection \/ Masque \u00e0 poussi\u00e8re fine, 5 pi\u00e8ces \/ Stetoclip, noir \/ Plaque de m\u00e9lange, plastique \/ Porte-m\u00e8ches rabattable \/ Bo\u00eete de mouchoirs en papier \/ 1 jeu d&rsquo;otoplastiques d&rsquo;enseignement y compris.<br \/>\nTuyaux acoustiques (dans le set 5 x \u00e0 droite\/5 x \u00e0 gauche) \/ eDAPT2go embout auriculaire (3 paires) \/ Edding noir &#8211; fin \/ Minuteur num\u00e9rique En plus : appareil d&rsquo;\u00e9clairage eLED.LP3 \/ Tiroir incl.<br \/>\n5 cartons miroir pour eLED.LP3 \/ Cire \u00e0 tremper plaque verte, 500 g \/ Appareil \u00e0 tremper et \u00e0 doubler la cire, 230 V \/ Tamis de trempage \/ Thermom\u00e8tre num\u00e9rique \/ Aquapress  <\/div>\n","protected":false},"excerpt":{"rendered":"<p>Le trolley (aluminium noir) a l&rsquo;\u00e9quipement expert suivant (1 pi\u00e8ce de chaque) : Otoscope LED LuxaScope Auris (fonctionne sur piles) \/ B\u00e2ton lumineux LED avec pointe acrylique \/ Pointe acrylique avec \u00e9chelle pour b\u00e2ton lumineux LED \/ Pince \u00e0 \u00e9largir les tuyaux \/ Ciseaux &#8211; pointe arrondie \/ Pincette \u00e0 ba\u00efonnette \/ egger A\/ITE (8 [&hellip;]<\/p>\n","protected":false},"featured_media":11579,"template":"","meta":[],"product_brand":[],"product_cat":[467],"product_tag":[],"class_list":{"0":"post-11586","1":"product","2":"type-product","3":"status-publish","4":"has-post-thumbnail","6":"product_cat-atelier-empreintes","7":"tm-no-options","9":"first","10":"instock","11":"taxable","12":"shipping-taxable","13":"product-type-simple"},"_links":{"self":[{"href":"https:\/\/www.ocshop.ch\/fr\/wp-json\/wp\/v2\/product\/11586","targetHints":{"allow":["GET"]}}],"collection":[{"href":"https:\/\/www.ocshop.ch\/fr\/wp-json\/wp\/v2\/product"}],"about":[{"href":"https:\/\/www.ocshop.ch\/fr\/wp-json\/wp\/v2\/types\/product"}],"wp:featuredmedia":[{"embeddable":true,"href":"https:\/\/www.ocshop.ch\/fr\/wp-json\/wp\/v2\/media\/11579"}],"wp:attachment":[{"href":"https:\/\/www.ocshop.ch\/fr\/wp-json\/wp\/v2\/media?parent=11586"}],"wp:term":[{"taxonomy":"product_brand","embeddable":true,"href":"https:\/\/www.ocshop.ch\/fr\/wp-json\/wp\/v2\/product_brand?post=11586"},{"taxonomy":"product_cat","embeddable":true,"href":"https:\/\/www.ocshop.ch\/fr\/wp-json\/wp\/v2\/product_cat?post=11586"},{"taxonomy":"product_tag","embeddable":true,"href":"https:\/\/www.ocshop.ch\/fr\/wp-json\/wp\/v2\/product_tag?post=11586"}],"curies":[{"name":"wp","href":"https:\/\/api.w.org\/{rel}","templated":true}]}}