{"id":11475,"date":"2011-03-17T11:09:17","date_gmt":"2011-03-17T09:09:17","guid":{"rendered":"https:\/\/www.ocshop.ch\/shop\/non%20class\u00e9\/fraises-cylindriques-ef-oe-60-mm\/"},"modified":"2024-08-18T01:08:17","modified_gmt":"2024-08-17T23:08:17","slug":"fraises-cylindriques-ef-oe-60-mm","status":"publish","type":"product","link":"https:\/\/www.ocshop.ch\/fr\/produkt\/fraises-cylindriques-ef-oe-60-mm\/","title":{"rendered":"Fraises cylindriques EF, \u00d8 6,0 mm"},"content":{"rendered":"<p>Pour le traitement d&rsquo;otoplastiques en silicone.par ex. fabriqu\u00e9s \u00e0 partir de silicones egger flex (EF), mais convient \u00e9galement aux photopolym\u00e8res souples (LP\/W).<br \/>\nVeuillez respecter la vitesse maximale de 40.000 tr\/min. <\/p>\n","protected":false},"excerpt":{"rendered":"<p>Pour le traitement d&rsquo;otoplastiques en silicone.par ex. fabriqu\u00e9s \u00e0 partir de silicones egger flex (EF), mais convient \u00e9galement aux photopolym\u00e8res souples (LP\/W). Veuillez respecter la vitesse maximale de 40.000 tr\/min.<\/p>\n","protected":false},"featured_media":7482,"template":"","meta":[],"product_brand":[],"product_cat":[467],"product_tag":[],"class_list":{"0":"post-11475","1":"product","2":"type-product","3":"status-publish","4":"has-post-thumbnail","6":"product_cat-atelier-empreintes","7":"tm-no-options","9":"first","10":"instock","11":"taxable","12":"shipping-taxable","13":"product-type-simple"},"_links":{"self":[{"href":"https:\/\/www.ocshop.ch\/fr\/wp-json\/wp\/v2\/product\/11475","targetHints":{"allow":["GET"]}}],"collection":[{"href":"https:\/\/www.ocshop.ch\/fr\/wp-json\/wp\/v2\/product"}],"about":[{"href":"https:\/\/www.ocshop.ch\/fr\/wp-json\/wp\/v2\/types\/product"}],"wp:featuredmedia":[{"embeddable":true,"href":"https:\/\/www.ocshop.ch\/fr\/wp-json\/wp\/v2\/media\/7482"}],"wp:attachment":[{"href":"https:\/\/www.ocshop.ch\/fr\/wp-json\/wp\/v2\/media?parent=11475"}],"wp:term":[{"taxonomy":"product_brand","embeddable":true,"href":"https:\/\/www.ocshop.ch\/fr\/wp-json\/wp\/v2\/product_brand?post=11475"},{"taxonomy":"product_cat","embeddable":true,"href":"https:\/\/www.ocshop.ch\/fr\/wp-json\/wp\/v2\/product_cat?post=11475"},{"taxonomy":"product_tag","embeddable":true,"href":"https:\/\/www.ocshop.ch\/fr\/wp-json\/wp\/v2\/product_tag?post=11475"}],"curies":[{"name":"wp","href":"https:\/\/api.w.org\/{rel}","templated":true}]}}