{"id":11474,"date":"2011-03-17T11:09:16","date_gmt":"2011-03-17T09:09:16","guid":{"rendered":"https:\/\/www.ocshop.ch\/shop\/non%20class\u00e9\/fraise-a-bille-70-mm\/"},"modified":"2024-08-18T01:06:23","modified_gmt":"2024-08-17T23:06:23","slug":"fraise-a-bille-70-mm","status":"publish","type":"product","link":"https:\/\/www.ocshop.ch\/fr\/produkt\/fraise-a-bille-70-mm\/","title":{"rendered":"Fraise \u00e0 bille 7,0 mm"},"content":{"rendered":"<div class=\"variant-description\">Pour le traitement des otoplastiques en silicone, fabriqu\u00e9s par exemple \u00e0 partir de silicones egger flex (EF), mais convient \u00e9galement aux photopolym\u00e8res souples (LP\/W).<br \/>\nVeuillez respecter la vitesse maximale de 40 000 tr\/min. <\/div>\n<div><\/div>\n<div class=\"variant-name\">Fraise EF \u00e0 bille, 7,0 mm<\/div>\n","protected":false},"excerpt":{"rendered":"<p>Pour le traitement des otoplastiques en silicone, fabriqu\u00e9s par exemple \u00e0 partir de silicones egger flex (EF), mais convient \u00e9galement aux photopolym\u00e8res souples (LP\/W). Veuillez respecter la vitesse maximale de 40 000 tr\/min. Fraise EF \u00e0 bille, 7,0 mm<\/p>\n","protected":false},"featured_media":7141,"template":"","meta":[],"product_brand":[],"product_cat":[467],"product_tag":[],"class_list":{"0":"post-11474","1":"product","2":"type-product","3":"status-publish","4":"has-post-thumbnail","6":"product_cat-atelier-empreintes","7":"tm-no-options","9":"first","10":"instock","11":"taxable","12":"shipping-taxable","13":"product-type-simple"},"_links":{"self":[{"href":"https:\/\/www.ocshop.ch\/fr\/wp-json\/wp\/v2\/product\/11474","targetHints":{"allow":["GET"]}}],"collection":[{"href":"https:\/\/www.ocshop.ch\/fr\/wp-json\/wp\/v2\/product"}],"about":[{"href":"https:\/\/www.ocshop.ch\/fr\/wp-json\/wp\/v2\/types\/product"}],"wp:featuredmedia":[{"embeddable":true,"href":"https:\/\/www.ocshop.ch\/fr\/wp-json\/wp\/v2\/media\/7141"}],"wp:attachment":[{"href":"https:\/\/www.ocshop.ch\/fr\/wp-json\/wp\/v2\/media?parent=11474"}],"wp:term":[{"taxonomy":"product_brand","embeddable":true,"href":"https:\/\/www.ocshop.ch\/fr\/wp-json\/wp\/v2\/product_brand?post=11474"},{"taxonomy":"product_cat","embeddable":true,"href":"https:\/\/www.ocshop.ch\/fr\/wp-json\/wp\/v2\/product_cat?post=11474"},{"taxonomy":"product_tag","embeddable":true,"href":"https:\/\/www.ocshop.ch\/fr\/wp-json\/wp\/v2\/product_tag?post=11474"}],"curies":[{"name":"wp","href":"https:\/\/api.w.org\/{rel}","templated":true}]}}