{"id":11466,"date":"2011-03-17T11:05:53","date_gmt":"2011-03-17T11:05:53","guid":{"rendered":"https:\/\/www.ocshop.ch\/shop\/non%20class\u00e9\/gants-jetables-en-nitrile-moyen-m-7-8-100-pieces\/"},"modified":"2025-09-23T11:35:34","modified_gmt":"2025-09-23T09:35:34","slug":"gants-jetables-en-nitrile-moyen-m-7-8-100-pieces","status":"publish","type":"product","link":"https:\/\/www.ocshop.ch\/fr\/produkt\/gants-jetables-en-nitrile-moyen-m-7-8-100-pieces\/","title":{"rendered":"Gants jetables en nitrile, moyen M 7-8, 100 pi\u00e8ces"},"content":{"rendered":"<p>Id\u00e9al pour la pratique quotidienne dans les magasins sp\u00e9cialis\u00e9s et les laboratoires d&rsquo;otoplastie. Non-poudr\u00e9s, longueur d&rsquo;environ 245 mm. Conforme \u00e0 la norme EN 455 <\/p>\n","protected":false},"excerpt":{"rendered":"<p>Id\u00e9al pour la pratique quotidienne dans les magasins sp\u00e9cialis\u00e9s et les laboratoires d&rsquo;otoplastie. Non-poudr\u00e9s, longueur d&rsquo;environ 245 mm. Conforme \u00e0 la norme EN 455<\/p>\n","protected":false},"featured_media":9743,"template":"","meta":[],"product_brand":[],"product_cat":[467],"product_tag":[],"class_list":{"0":"post-11466","1":"product","2":"type-product","3":"status-publish","4":"has-post-thumbnail","6":"product_cat-atelier-empreintes","7":"tm-no-options","9":"first","10":"instock","11":"taxable","12":"shipping-taxable","13":"product-type-simple"},"_links":{"self":[{"href":"https:\/\/www.ocshop.ch\/fr\/wp-json\/wp\/v2\/product\/11466","targetHints":{"allow":["GET"]}}],"collection":[{"href":"https:\/\/www.ocshop.ch\/fr\/wp-json\/wp\/v2\/product"}],"about":[{"href":"https:\/\/www.ocshop.ch\/fr\/wp-json\/wp\/v2\/types\/product"}],"wp:featuredmedia":[{"embeddable":true,"href":"https:\/\/www.ocshop.ch\/fr\/wp-json\/wp\/v2\/media\/9743"}],"wp:attachment":[{"href":"https:\/\/www.ocshop.ch\/fr\/wp-json\/wp\/v2\/media?parent=11466"}],"wp:term":[{"taxonomy":"product_brand","embeddable":true,"href":"https:\/\/www.ocshop.ch\/fr\/wp-json\/wp\/v2\/product_brand?post=11466"},{"taxonomy":"product_cat","embeddable":true,"href":"https:\/\/www.ocshop.ch\/fr\/wp-json\/wp\/v2\/product_cat?post=11466"},{"taxonomy":"product_tag","embeddable":true,"href":"https:\/\/www.ocshop.ch\/fr\/wp-json\/wp\/v2\/product_tag?post=11466"}],"curies":[{"name":"wp","href":"https:\/\/api.w.org\/{rel}","templated":true}]}}