{"id":11462,"date":"2011-03-17T11:09:29","date_gmt":"2011-03-17T09:09:29","guid":{"rendered":"https:\/\/www.ocshop.ch\/shop\/non%20class\u00e9\/foret-helicoidal-cylindrique-oe-16-mm\/"},"modified":"2024-08-18T00:44:25","modified_gmt":"2024-08-17T22:44:25","slug":"foret-helicoidal-cylindrique-oe-16-mm","status":"publish","type":"product","link":"https:\/\/www.ocshop.ch\/fr\/produkt\/foret-helicoidal-cylindrique-oe-16-mm\/","title":{"rendered":"Foret h\u00e9lico\u00efdal, cylindrique, \u00d8 1,6 mm"},"content":{"rendered":"<div class=\"overview\">\n<div class=\"overview-inner\">\n<div class=\"product-name\">\n<p><span style=\"font-size: 16px;\">Respectez la vitesse de rotation maximale de 30.000 tours\/min.<\/span><\/p>\n<\/div>\n<div class=\"egger-product-variant-line\" data-productid=\"359\">\n<div class=\"variant-overview\">\n<div class=\"variant-name\">Foret h\u00e9lico\u00efdal, cylindrique, 1,6 mm<\/div>\n<\/div>\n<\/div>\n<\/div>\n<\/div>\n","protected":false},"excerpt":{"rendered":"<p>Respectez la vitesse de rotation maximale de 30.000 tours\/min. Foret h\u00e9lico\u00efdal, cylindrique, 1,6 mm<\/p>\n","protected":false},"featured_media":7124,"template":"","meta":[],"product_brand":[],"product_cat":[467],"product_tag":[],"class_list":{"0":"post-11462","1":"product","2":"type-product","3":"status-publish","4":"has-post-thumbnail","6":"product_cat-atelier-empreintes","7":"tm-no-options","9":"first","10":"instock","11":"taxable","12":"shipping-taxable","13":"product-type-simple"},"_links":{"self":[{"href":"https:\/\/www.ocshop.ch\/fr\/wp-json\/wp\/v2\/product\/11462","targetHints":{"allow":["GET"]}}],"collection":[{"href":"https:\/\/www.ocshop.ch\/fr\/wp-json\/wp\/v2\/product"}],"about":[{"href":"https:\/\/www.ocshop.ch\/fr\/wp-json\/wp\/v2\/types\/product"}],"wp:featuredmedia":[{"embeddable":true,"href":"https:\/\/www.ocshop.ch\/fr\/wp-json\/wp\/v2\/media\/7124"}],"wp:attachment":[{"href":"https:\/\/www.ocshop.ch\/fr\/wp-json\/wp\/v2\/media?parent=11462"}],"wp:term":[{"taxonomy":"product_brand","embeddable":true,"href":"https:\/\/www.ocshop.ch\/fr\/wp-json\/wp\/v2\/product_brand?post=11462"},{"taxonomy":"product_cat","embeddable":true,"href":"https:\/\/www.ocshop.ch\/fr\/wp-json\/wp\/v2\/product_cat?post=11462"},{"taxonomy":"product_tag","embeddable":true,"href":"https:\/\/www.ocshop.ch\/fr\/wp-json\/wp\/v2\/product_tag?post=11462"}],"curies":[{"name":"wp","href":"https:\/\/api.w.org\/{rel}","templated":true}]}}