{"id":11459,"date":"2011-03-17T11:09:27","date_gmt":"2011-03-17T09:09:27","guid":{"rendered":"https:\/\/www.ocshop.ch\/shop\/non%20class\u00e9\/foret-helicoidal-cylindrique-oe-08-mm\/"},"modified":"2024-08-18T00:40:04","modified_gmt":"2024-08-17T22:40:04","slug":"foret-helicoidal-cylindrique-oe-08-mm","status":"publish","type":"product","link":"https:\/\/www.ocshop.ch\/fr\/produkt\/foret-helicoidal-cylindrique-oe-08-mm\/","title":{"rendered":"Foret h\u00e9lico\u00efdal, cylindrique, \u00d8 0,8 mm"},"content":{"rendered":"<p>Veuillez respecter la vitesse maximale de 30 000 tr\/min<\/p>\n","protected":false},"excerpt":{"rendered":"<p>Veuillez respecter la vitesse maximale de 30 000 tr\/min<\/p>\n","protected":false},"featured_media":7168,"template":"","meta":[],"product_brand":[],"product_cat":[467],"product_tag":[],"class_list":{"0":"post-11459","1":"product","2":"type-product","3":"status-publish","4":"has-post-thumbnail","6":"product_cat-atelier-empreintes","7":"tm-no-options","9":"first","10":"instock","11":"taxable","12":"shipping-taxable","13":"product-type-simple"},"_links":{"self":[{"href":"https:\/\/www.ocshop.ch\/fr\/wp-json\/wp\/v2\/product\/11459","targetHints":{"allow":["GET"]}}],"collection":[{"href":"https:\/\/www.ocshop.ch\/fr\/wp-json\/wp\/v2\/product"}],"about":[{"href":"https:\/\/www.ocshop.ch\/fr\/wp-json\/wp\/v2\/types\/product"}],"wp:featuredmedia":[{"embeddable":true,"href":"https:\/\/www.ocshop.ch\/fr\/wp-json\/wp\/v2\/media\/7168"}],"wp:attachment":[{"href":"https:\/\/www.ocshop.ch\/fr\/wp-json\/wp\/v2\/media?parent=11459"}],"wp:term":[{"taxonomy":"product_brand","embeddable":true,"href":"https:\/\/www.ocshop.ch\/fr\/wp-json\/wp\/v2\/product_brand?post=11459"},{"taxonomy":"product_cat","embeddable":true,"href":"https:\/\/www.ocshop.ch\/fr\/wp-json\/wp\/v2\/product_cat?post=11459"},{"taxonomy":"product_tag","embeddable":true,"href":"https:\/\/www.ocshop.ch\/fr\/wp-json\/wp\/v2\/product_tag?post=11459"}],"curies":[{"name":"wp","href":"https:\/\/api.w.org\/{rel}","templated":true}]}}