{"id":11458,"date":"2011-03-17T11:09:20","date_gmt":"2011-03-17T09:09:20","guid":{"rendered":"https:\/\/www.ocshop.ch\/shop\/non class\u00e9\/fraises-ef-meche-a-rosier-oe-14-mm\/"},"modified":"2011-03-17T11:09:20","modified_gmt":"2011-03-17T09:09:20","slug":"fraises-ef-meche-a-rosier-oe-14-mm","status":"publish","type":"product","link":"https:\/\/www.ocshop.ch\/fr\/produkt\/fraises-ef-meche-a-rosier-oe-14-mm\/","title":{"rendered":"Fraises EF M\u00e8che \u00e0 rosier, \u00d8 1,4 mm"},"content":{"rendered":"<div class=\"variant-description\">Pour le traitement des otoplastiques en silicone, fabriqu\u00e9s par exemple \u00e0 partir de silicones egger flex (EF), mais convient \u00e9galement aux photopolym\u00e8res souples (LP\/W).<br \/>\nVeuillez respecter la vitesse maximale de 40 000 tr\/min. <\/div>\n<div><\/div>\n<div class=\"variant-name\">Fraises EF M\u00e8che \u00e0 rosier, 1,4 mm<\/div>\n","protected":false},"excerpt":{"rendered":"<p>Pour le traitement des otoplastiques en silicone, fabriqu\u00e9s par exemple \u00e0 partir de silicones egger flex (EF), mais convient \u00e9galement aux photopolym\u00e8res souples (LP\/W). Veuillez respecter la vitesse maximale de 40 000 tr\/min. Fraises EF M\u00e8che \u00e0 rosier, 1,4 mm<\/p>\n","protected":false},"featured_media":7131,"template":"","meta":[],"product_brand":[],"product_cat":[467],"product_tag":[],"class_list":{"0":"post-11458","1":"product","2":"type-product","3":"status-publish","4":"has-post-thumbnail","6":"product_cat-atelier-empreintes","7":"tm-no-options","9":"first","10":"instock","11":"taxable","12":"shipping-taxable","13":"product-type-simple"},"_links":{"self":[{"href":"https:\/\/www.ocshop.ch\/fr\/wp-json\/wp\/v2\/product\/11458","targetHints":{"allow":["GET"]}}],"collection":[{"href":"https:\/\/www.ocshop.ch\/fr\/wp-json\/wp\/v2\/product"}],"about":[{"href":"https:\/\/www.ocshop.ch\/fr\/wp-json\/wp\/v2\/types\/product"}],"wp:featuredmedia":[{"embeddable":true,"href":"https:\/\/www.ocshop.ch\/fr\/wp-json\/wp\/v2\/media\/7131"}],"wp:attachment":[{"href":"https:\/\/www.ocshop.ch\/fr\/wp-json\/wp\/v2\/media?parent=11458"}],"wp:term":[{"taxonomy":"product_brand","embeddable":true,"href":"https:\/\/www.ocshop.ch\/fr\/wp-json\/wp\/v2\/product_brand?post=11458"},{"taxonomy":"product_cat","embeddable":true,"href":"https:\/\/www.ocshop.ch\/fr\/wp-json\/wp\/v2\/product_cat?post=11458"},{"taxonomy":"product_tag","embeddable":true,"href":"https:\/\/www.ocshop.ch\/fr\/wp-json\/wp\/v2\/product_tag?post=11458"}],"curies":[{"name":"wp","href":"https:\/\/api.w.org\/{rel}","templated":true}]}}