{"id":11450,"date":"2011-03-17T11:11:28","date_gmt":"2011-03-17T09:11:28","guid":{"rendered":"https:\/\/www.ocshop.ch\/shop\/non%20class\u00e9\/fraise-hm-72-60-mm\/"},"modified":"2024-08-18T00:21:37","modified_gmt":"2024-08-17T22:21:37","slug":"fraise-hm-72-60-mm","status":"publish","type":"product","link":"https:\/\/www.ocshop.ch\/fr\/produkt\/fraise-hm-72-60-mm\/","title":{"rendered":"Fraise HM\/72, 6,0 mm"},"content":{"rendered":"<div class=\"short-description\">Fraises \u00e0 denture crois\u00e9e pour l&rsquo;usinage de plastiques durs, convient \u00e9galement pour les polym\u00e8res \u00e0 chaud mous. Les outils en carbure de tungst\u00e8ne se distinguent particuli\u00e8rement en laboratoire par leur longue dur\u00e9e de vie, leur stabilit\u00e9 et leur capacit\u00e9 de travail efficace. <\/div>\n<div class=\"additional-details\"><\/div>\n<div class=\"product-collateral\">\n<div class=\"product-specs-box\">\n<div class=\"specification-wrapper\"><span class=\"specification-name\">Vitesse de rotation maximale : <\/span><span class=\"specification-value\">30.000<\/span><\/div>\n<\/div>\n<\/div>\n","protected":false},"excerpt":{"rendered":"<p>Fraises \u00e0 denture crois\u00e9e pour l&rsquo;usinage de plastiques durs, convient \u00e9galement pour les polym\u00e8res \u00e0 chaud mous. Les outils en carbure de tungst\u00e8ne se distinguent particuli\u00e8rement en laboratoire par leur longue dur\u00e9e de vie, leur stabilit\u00e9 et leur capacit\u00e9 de travail efficace. Vitesse de rotation maximale : 30.000<\/p>\n","protected":false},"featured_media":7000,"template":"","meta":[],"product_brand":[],"product_cat":[467],"product_tag":[],"class_list":{"0":"post-11450","1":"product","2":"type-product","3":"status-publish","4":"has-post-thumbnail","6":"product_cat-atelier-empreintes","7":"tm-no-options","9":"first","10":"instock","11":"taxable","12":"shipping-taxable","13":"product-type-simple"},"_links":{"self":[{"href":"https:\/\/www.ocshop.ch\/fr\/wp-json\/wp\/v2\/product\/11450","targetHints":{"allow":["GET"]}}],"collection":[{"href":"https:\/\/www.ocshop.ch\/fr\/wp-json\/wp\/v2\/product"}],"about":[{"href":"https:\/\/www.ocshop.ch\/fr\/wp-json\/wp\/v2\/types\/product"}],"wp:featuredmedia":[{"embeddable":true,"href":"https:\/\/www.ocshop.ch\/fr\/wp-json\/wp\/v2\/media\/7000"}],"wp:attachment":[{"href":"https:\/\/www.ocshop.ch\/fr\/wp-json\/wp\/v2\/media?parent=11450"}],"wp:term":[{"taxonomy":"product_brand","embeddable":true,"href":"https:\/\/www.ocshop.ch\/fr\/wp-json\/wp\/v2\/product_brand?post=11450"},{"taxonomy":"product_cat","embeddable":true,"href":"https:\/\/www.ocshop.ch\/fr\/wp-json\/wp\/v2\/product_cat?post=11450"},{"taxonomy":"product_tag","embeddable":true,"href":"https:\/\/www.ocshop.ch\/fr\/wp-json\/wp\/v2\/product_tag?post=11450"}],"curies":[{"name":"wp","href":"https:\/\/api.w.org\/{rel}","templated":true}]}}