{"id":11449,"date":"2011-03-17T11:11:30","date_gmt":"2011-03-17T09:11:30","guid":{"rendered":"https:\/\/www.ocshop.ch\/shop\/non%20class\u00e9\/trimmer-a-plaque-frontale-en-carbure-de-tungstene-oe-23-mm\/"},"modified":"2024-08-18T00:17:43","modified_gmt":"2024-08-17T22:17:43","slug":"trimmer-a-plaque-frontale-en-carbure-de-tungstene-oe-23-mm","status":"publish","type":"product","link":"https:\/\/www.ocshop.ch\/fr\/produkt\/trimmer-a-plaque-frontale-en-carbure-de-tungstene-oe-23-mm\/","title":{"rendered":"Trimmer \u00e0 plaque frontale en carbure de tungst\u00e8ne, \u00d8 2,3 mm"},"content":{"rendered":"<div class=\"short-description\">Le HM Face-Plate Trimmer sert \u00e0 travailler les plaques frontales, par exemple lors du montage de syst\u00e8mes auditifs intra-auriculaires.Les outils en carbure de tungst\u00e8ne se distinguent particuli\u00e8rement en laboratoire par leur grande dur\u00e9e de vie, leur stabilit\u00e9 et leur efficacit\u00e9 de travail. Vitesse maximale : 40 000 tr\/min <\/div>\n","protected":false},"excerpt":{"rendered":"<p>Le HM Face-Plate Trimmer sert \u00e0 travailler les plaques frontales, par exemple lors du montage de syst\u00e8mes auditifs intra-auriculaires.Les outils en carbure de tungst\u00e8ne se distinguent particuli\u00e8rement en laboratoire par leur grande dur\u00e9e de vie, leur stabilit\u00e9 et leur efficacit\u00e9 de travail. Vitesse maximale : 40 000 tr\/min<\/p>\n","protected":false},"featured_media":6988,"template":"","meta":[],"product_brand":[],"product_cat":[467],"product_tag":[],"class_list":{"0":"post-11449","1":"product","2":"type-product","3":"status-publish","4":"has-post-thumbnail","6":"product_cat-atelier-empreintes","7":"tm-no-options","9":"first","10":"instock","11":"taxable","12":"shipping-taxable","13":"product-type-simple"},"_links":{"self":[{"href":"https:\/\/www.ocshop.ch\/fr\/wp-json\/wp\/v2\/product\/11449","targetHints":{"allow":["GET"]}}],"collection":[{"href":"https:\/\/www.ocshop.ch\/fr\/wp-json\/wp\/v2\/product"}],"about":[{"href":"https:\/\/www.ocshop.ch\/fr\/wp-json\/wp\/v2\/types\/product"}],"wp:featuredmedia":[{"embeddable":true,"href":"https:\/\/www.ocshop.ch\/fr\/wp-json\/wp\/v2\/media\/6988"}],"wp:attachment":[{"href":"https:\/\/www.ocshop.ch\/fr\/wp-json\/wp\/v2\/media?parent=11449"}],"wp:term":[{"taxonomy":"product_brand","embeddable":true,"href":"https:\/\/www.ocshop.ch\/fr\/wp-json\/wp\/v2\/product_brand?post=11449"},{"taxonomy":"product_cat","embeddable":true,"href":"https:\/\/www.ocshop.ch\/fr\/wp-json\/wp\/v2\/product_cat?post=11449"},{"taxonomy":"product_tag","embeddable":true,"href":"https:\/\/www.ocshop.ch\/fr\/wp-json\/wp\/v2\/product_tag?post=11449"}],"curies":[{"name":"wp","href":"https:\/\/api.w.org\/{rel}","templated":true}]}}