{"id":11250,"date":"2023-08-11T21:04:00","date_gmt":"2023-08-11T19:04:00","guid":{"rendered":"https:\/\/www.ocshop.ch\/produkt\/kit-de-demarrage-bte-edition-fielmann\/"},"modified":"2026-03-24T20:22:34","modified_gmt":"2026-03-24T18:22:34","slug":"kit-de-demarrage-bte-edition-fielmann","status":"publish","type":"product","link":"https:\/\/www.ocshop.ch\/fr\/produkt\/kit-de-demarrage-bte-edition-fielmann\/","title":{"rendered":"Kit de d\u00e9marrage BTE (\u00e9dition Fielmann)"},"content":{"rendered":"&#13;\n<p>cedis kit de nettoyage et de s\u00e9chage Fielmann Edition pour contours d&rsquo;oreille<\/p>&#13;\n&#13;\n<p>\u00a0<\/p>&#13;\n&#13;\n<p>Le multitalent pour le nettoyage des contours d&rsquo;oreille\/\/BTE et le s\u00e9chage des aides auditives. M\u00eame contenu que le kit de nettoyage, mais avec en plus des capsules d\u00e9shydratantes (avec indicateur de couleur) et un gobelet de s\u00e9chage pour un s\u00e9chage fiable des aides auditives pendant la nuit. <\/p>&#13;\n&#13;\n<p>\u00a0<\/p>&#13;\n&#13;\n<p>Contenu :<br\/>4 tablettes de nettoyage eC5.3<br\/>1 godet de nettoyage eC5.11 avec tamis<br\/>4 pi\u00e8ces de capsules s\u00e8ches eD2.3<br\/>1 godet de s\u00e9chage eD2.11<br\/>1 souffleur eT2.3<\/p>&#13;\n&#13;\n<p>Instructions<\/p>&#13;\n","protected":false},"excerpt":{"rendered":"<p>&#13; cedis kit de nettoyage et de s\u00e9chage Fielmann Edition pour contours d&rsquo;oreille &#13; &#13; \u00a0 &#13; &#13; Le multitalent pour le nettoyage des contours d&rsquo;oreille\/\/BTE et le s\u00e9chage des aides auditives. M\u00eame contenu que le kit de nettoyage, mais avec en plus des capsules d\u00e9shydratantes (avec indicateur de couleur) et un gobelet de s\u00e9chage [&hellip;]<\/p>\n","protected":false},"featured_media":15745,"template":"","meta":[],"product_brand":[],"product_cat":[491],"product_tag":[],"class_list":{"0":"post-11250","1":"product","2":"type-product","3":"status-publish","4":"has-post-thumbnail","6":"product_cat-nettoyage-et-entretien","7":"tm-no-options","9":"first","10":"instock","11":"taxable","12":"shipping-taxable","13":"product-type-simple"},"_links":{"self":[{"href":"https:\/\/www.ocshop.ch\/fr\/wp-json\/wp\/v2\/product\/11250","targetHints":{"allow":["GET"]}}],"collection":[{"href":"https:\/\/www.ocshop.ch\/fr\/wp-json\/wp\/v2\/product"}],"about":[{"href":"https:\/\/www.ocshop.ch\/fr\/wp-json\/wp\/v2\/types\/product"}],"wp:featuredmedia":[{"embeddable":true,"href":"https:\/\/www.ocshop.ch\/fr\/wp-json\/wp\/v2\/media\/15745"}],"wp:attachment":[{"href":"https:\/\/www.ocshop.ch\/fr\/wp-json\/wp\/v2\/media?parent=11250"}],"wp:term":[{"taxonomy":"product_brand","embeddable":true,"href":"https:\/\/www.ocshop.ch\/fr\/wp-json\/wp\/v2\/product_brand?post=11250"},{"taxonomy":"product_cat","embeddable":true,"href":"https:\/\/www.ocshop.ch\/fr\/wp-json\/wp\/v2\/product_cat?post=11250"},{"taxonomy":"product_tag","embeddable":true,"href":"https:\/\/www.ocshop.ch\/fr\/wp-json\/wp\/v2\/product_tag?post=11250"}],"curies":[{"name":"wp","href":"https:\/\/api.w.org\/{rel}","templated":true}]}}