{"id":11247,"date":"2024-01-08T13:13:00","date_gmt":"2024-01-08T11:13:00","guid":{"rendered":"https:\/\/www.ocshop.ch\/produkt\/nettoyant-de-surface\/"},"modified":"2024-08-13T08:14:35","modified_gmt":"2024-08-13T06:14:35","slug":"nettoyant-de-surface","status":"publish","type":"product","link":"https:\/\/www.ocshop.ch\/fr\/produkt\/nettoyant-de-surface\/","title":{"rendered":"Nettoyant de surface"},"content":{"rendered":"\n<p>Pour nettoyer la surface de la poussi\u00e8re, de la graisse, etc. avant d&rsquo;appliquer les p\u00e2tes \u00e0 modeler et les vernis.\nConvient \u00e9galement pour nettoyer le pinceau \u00e0 peinture. <\/p>\n\n<p><\/p>\n\n<p>Nettoyant pour surfaces, 250 ml en bouteille plastique<\/p>\n\n<p>Temp\u00e9rature de stockage : 15 &#8211; 25\u00b0C<\/p>\n\n<p>Contenu : 250 ml<\/p>\n","protected":false},"excerpt":{"rendered":"<p>Pour nettoyer la surface de la poussi\u00e8re, de la graisse, etc. avant d&rsquo;appliquer les p\u00e2tes \u00e0 modeler et les vernis. Convient \u00e9galement pour nettoyer le pinceau \u00e0 peinture. Nettoyant pour surfaces, 250 ml en bouteille plastique Temp\u00e9rature de stockage : 15 &#8211; 25\u00b0C Contenu : 250 ml<\/p>\n","protected":false},"featured_media":10991,"template":"","meta":[],"product_brand":[],"product_cat":[467,491],"product_tag":[],"class_list":{"0":"post-11247","1":"product","2":"type-product","3":"status-publish","4":"has-post-thumbnail","6":"product_cat-atelier-empreintes","7":"product_cat-nettoyage-et-entretien","8":"tm-no-options","10":"first","11":"instock","12":"taxable","13":"shipping-taxable","14":"product-type-simple"},"_links":{"self":[{"href":"https:\/\/www.ocshop.ch\/fr\/wp-json\/wp\/v2\/product\/11247","targetHints":{"allow":["GET"]}}],"collection":[{"href":"https:\/\/www.ocshop.ch\/fr\/wp-json\/wp\/v2\/product"}],"about":[{"href":"https:\/\/www.ocshop.ch\/fr\/wp-json\/wp\/v2\/types\/product"}],"wp:featuredmedia":[{"embeddable":true,"href":"https:\/\/www.ocshop.ch\/fr\/wp-json\/wp\/v2\/media\/10991"}],"wp:attachment":[{"href":"https:\/\/www.ocshop.ch\/fr\/wp-json\/wp\/v2\/media?parent=11247"}],"wp:term":[{"taxonomy":"product_brand","embeddable":true,"href":"https:\/\/www.ocshop.ch\/fr\/wp-json\/wp\/v2\/product_brand?post=11247"},{"taxonomy":"product_cat","embeddable":true,"href":"https:\/\/www.ocshop.ch\/fr\/wp-json\/wp\/v2\/product_cat?post=11247"},{"taxonomy":"product_tag","embeddable":true,"href":"https:\/\/www.ocshop.ch\/fr\/wp-json\/wp\/v2\/product_tag?post=11247"}],"curies":[{"name":"wp","href":"https:\/\/api.w.org\/{rel}","templated":true}]}}