{"id":11219,"date":"2024-08-09T14:48:26","date_gmt":"2024-08-09T12:48:26","guid":{"rendered":"https:\/\/www.ocshop.ch\/produkt\/heine-xhl-xenon-107-ampoule-halogene-de-rechange\/"},"modified":"2024-09-05T08:06:59","modified_gmt":"2024-09-05T06:06:59","slug":"heine-xhl-xenon-107-ampoule-halogene-de-rechange","status":"publish","type":"product","link":"https:\/\/www.ocshop.ch\/fr\/produkt\/heine-xhl-xenon-107-ampoule-halogene-de-rechange\/","title":{"rendered":"Heine XHL Xenon #107 lampe halog\u00e8ne de rechange pour lampe \u00e0 clip mini3000 et lampe combin\u00e9e mini3000"},"content":{"rendered":"\n<ul class=\"wp-block-list\">\n<li>Haute qualit\u00e9 optique<\/li>\n\n\n\n<li>Lumineuse<\/li>\n\n\n\n<li>Durable<\/li>\n<\/ul>\n","protected":false},"excerpt":{"rendered":"","protected":false},"featured_media":11632,"template":"","meta":[],"product_brand":[],"product_cat":[467],"product_tag":[],"class_list":{"0":"post-11219","1":"product","2":"type-product","3":"status-publish","4":"has-post-thumbnail","6":"product_cat-atelier-empreintes","7":"tm-no-options","9":"first","10":"instock","11":"taxable","12":"shipping-taxable","13":"product-type-simple"},"_links":{"self":[{"href":"https:\/\/www.ocshop.ch\/fr\/wp-json\/wp\/v2\/product\/11219","targetHints":{"allow":["GET"]}}],"collection":[{"href":"https:\/\/www.ocshop.ch\/fr\/wp-json\/wp\/v2\/product"}],"about":[{"href":"https:\/\/www.ocshop.ch\/fr\/wp-json\/wp\/v2\/types\/product"}],"wp:featuredmedia":[{"embeddable":true,"href":"https:\/\/www.ocshop.ch\/fr\/wp-json\/wp\/v2\/media\/11632"}],"wp:attachment":[{"href":"https:\/\/www.ocshop.ch\/fr\/wp-json\/wp\/v2\/media?parent=11219"}],"wp:term":[{"taxonomy":"product_brand","embeddable":true,"href":"https:\/\/www.ocshop.ch\/fr\/wp-json\/wp\/v2\/product_brand?post=11219"},{"taxonomy":"product_cat","embeddable":true,"href":"https:\/\/www.ocshop.ch\/fr\/wp-json\/wp\/v2\/product_cat?post=11219"},{"taxonomy":"product_tag","embeddable":true,"href":"https:\/\/www.ocshop.ch\/fr\/wp-json\/wp\/v2\/product_tag?post=11219"}],"curies":[{"name":"wp","href":"https:\/\/api.w.org\/{rel}","templated":true}]}}