{"id":11217,"date":"2024-08-12T13:59:53","date_gmt":"2024-08-12T11:59:53","guid":{"rendered":"https:\/\/www.ocshop.ch\/produkt\/speculums-a-usage-unique-heine-unispec-4-0mm-noir-pour-otoscopes\/"},"modified":"2024-08-12T13:59:53","modified_gmt":"2024-08-12T11:59:53","slug":"speculums-a-usage-unique-heine-unispec-4-0mm-noir-pour-otoscopes","status":"publish","type":"product","link":"https:\/\/www.ocshop.ch\/fr\/produkt\/speculums-a-usage-unique-heine-unispec-4-0mm-noir-pour-otoscopes\/","title":{"rendered":"Sp\u00e9culums \u00e0 usage unique HEINE UniSpec 4.0mm, noir, pour otoscopes"},"content":{"rendered":"","protected":false},"excerpt":{"rendered":"<h4 id=\"product-title\">Entonnoir jetable HEINE UniSpec, 4.0mm de diam\u00e8tre<\/h4>\n<div id=\"product-info-section-text\" class=\"product-info-section noborder\">Pour un usage unique.<br \/>\nHygi\u00e9nique et s\u00fbr. <\/div>\n<div class=\"product-info-section noborder\">Design original HEINE.<br \/>\nFixation solide sur l&rsquo;otoscope. <\/div>\n<div class=\"product-info-section noborder\">Qualit\u00e9 contr\u00f4l\u00e9e.<br \/>\nSans bords tranchants. <\/div>\n<div class=\"product-info-section noborder\">La bonne taille est facile \u00e0 pr\u00e9lever.<br \/>\nUn entonnoir neuf et propre pour chaque patient. <\/div>\n","protected":false},"featured_media":11629,"template":"","meta":[],"product_brand":[],"product_cat":[467],"product_tag":[],"class_list":{"0":"post-11217","1":"product","2":"type-product","3":"status-publish","4":"has-post-thumbnail","6":"product_cat-atelier-empreintes","7":"pa_einheit-boite-de-1000-pieces","8":"pa_einheit-paquet-de-50-pieces","9":"tm-no-options","11":"first","12":"instock","13":"taxable","14":"shipping-taxable","15":"product-type-variable"},"_links":{"self":[{"href":"https:\/\/www.ocshop.ch\/fr\/wp-json\/wp\/v2\/product\/11217","targetHints":{"allow":["GET"]}}],"collection":[{"href":"https:\/\/www.ocshop.ch\/fr\/wp-json\/wp\/v2\/product"}],"about":[{"href":"https:\/\/www.ocshop.ch\/fr\/wp-json\/wp\/v2\/types\/product"}],"wp:featuredmedia":[{"embeddable":true,"href":"https:\/\/www.ocshop.ch\/fr\/wp-json\/wp\/v2\/media\/11629"}],"wp:attachment":[{"href":"https:\/\/www.ocshop.ch\/fr\/wp-json\/wp\/v2\/media?parent=11217"}],"wp:term":[{"taxonomy":"product_brand","embeddable":true,"href":"https:\/\/www.ocshop.ch\/fr\/wp-json\/wp\/v2\/product_brand?post=11217"},{"taxonomy":"product_cat","embeddable":true,"href":"https:\/\/www.ocshop.ch\/fr\/wp-json\/wp\/v2\/product_cat?post=11217"},{"taxonomy":"product_tag","embeddable":true,"href":"https:\/\/www.ocshop.ch\/fr\/wp-json\/wp\/v2\/product_tag?post=11217"}],"curies":[{"name":"wp","href":"https:\/\/api.w.org\/{rel}","templated":true}]}}