{"id":10757,"date":"2011-03-17T11:09:24","date_gmt":"2011-03-17T09:09:24","guid":{"rendered":"https:\/\/www.ocshop.ch\/produkt\/meche-a-rosier-31-mm\/"},"modified":"2025-09-23T11:33:36","modified_gmt":"2025-09-23T09:33:36","slug":"meche-a-rosier-31-mm","status":"publish","type":"product","link":"https:\/\/www.ocshop.ch\/fr\/produkt\/meche-a-rosier-31-mm\/","title":{"rendered":"M\u00e8che \u00e0 rosier 3,1 mm"},"content":{"rendered":"<div class=\"variant-description\">Convient pour le traitement des embouts auriculaires en silicone, par exemple fabriqu\u00e9s \u00e0 partir de silicones egger flex (EF), mais aussi pour les photopolym\u00e9risables souples (LP\/W).<br \/>\nVeuillez respecter la vitesse maximale de 40 000 tr\/min.<\/div>\n<div><\/div>\n<div class=\"variant-name\">EF-Fraise M\u00e8che \u00e0 rosier, 3,1 mm<\/div>\n","protected":false},"excerpt":{"rendered":"<p>Convient pour le traitement des embouts auriculaires en silicone, par exemple fabriqu\u00e9s \u00e0 partir de silicones egger flex (EF), mais aussi pour les photopolym\u00e9risables souples (LP\/W). Veuillez respecter la vitesse maximale de 40 000 tr\/min. EF-Fraise M\u00e8che \u00e0 rosier, 3,1 mm<\/p>\n","protected":false},"featured_media":7131,"template":"","meta":[],"product_brand":[],"product_cat":[467],"product_tag":[],"class_list":{"0":"post-10757","1":"product","2":"type-product","3":"status-publish","4":"has-post-thumbnail","6":"product_cat-atelier-empreintes","7":"tm-no-options","9":"first","10":"instock","11":"taxable","12":"shipping-taxable","13":"product-type-simple"},"_links":{"self":[{"href":"https:\/\/www.ocshop.ch\/fr\/wp-json\/wp\/v2\/product\/10757","targetHints":{"allow":["GET"]}}],"collection":[{"href":"https:\/\/www.ocshop.ch\/fr\/wp-json\/wp\/v2\/product"}],"about":[{"href":"https:\/\/www.ocshop.ch\/fr\/wp-json\/wp\/v2\/types\/product"}],"wp:featuredmedia":[{"embeddable":true,"href":"https:\/\/www.ocshop.ch\/fr\/wp-json\/wp\/v2\/media\/7131"}],"wp:attachment":[{"href":"https:\/\/www.ocshop.ch\/fr\/wp-json\/wp\/v2\/media?parent=10757"}],"wp:term":[{"taxonomy":"product_brand","embeddable":true,"href":"https:\/\/www.ocshop.ch\/fr\/wp-json\/wp\/v2\/product_brand?post=10757"},{"taxonomy":"product_cat","embeddable":true,"href":"https:\/\/www.ocshop.ch\/fr\/wp-json\/wp\/v2\/product_cat?post=10757"},{"taxonomy":"product_tag","embeddable":true,"href":"https:\/\/www.ocshop.ch\/fr\/wp-json\/wp\/v2\/product_tag?post=10757"}],"curies":[{"name":"wp","href":"https:\/\/api.w.org\/{rel}","templated":true}]}}