{"id":10138,"date":"2011-03-17T11:06:32","date_gmt":"2011-03-17T11:06:32","guid":{"rendered":"https:\/\/shoptest.ocshop.ch\/produkt\/tube-corne-a-paroi-fine-diametre-interieur-30-mm-transparent\/"},"modified":"2025-09-26T13:34:41","modified_gmt":"2025-09-26T11:34:41","slug":"tube-corne-a-paroi-fine-diametre-interieur-30-mm-transparent","status":"publish","type":"product","link":"https:\/\/www.ocshop.ch\/fr\/produkt\/tube-corne-a-paroi-fine-diametre-interieur-30-mm-transparent\/","title":{"rendered":"Tube acoustique, paroi mince, transparent, 1 pc."},"content":{"rendered":"<div class=\"variant-description\">La transmission des composantes sonores \u00e0 haute fr\u00e9quence, importantes pour l&rsquo;intelligibilit\u00e9, est soutenue sur le transport sonore par l&rsquo;utilisation de syst\u00e8mes de corne.<\/div>\n","protected":false},"excerpt":{"rendered":"<p>La transmission des composantes sonores \u00e0 haute fr\u00e9quence, importantes pour l&rsquo;intelligibilit\u00e9, est soutenue sur le transport sonore par l&rsquo;utilisation de syst\u00e8mes de corne.<\/p>\n","protected":false},"featured_media":6925,"template":"","meta":[],"product_brand":[],"product_cat":[467],"product_tag":[],"class_list":{"0":"post-10138","1":"product","2":"type-product","3":"status-publish","4":"has-post-thumbnail","6":"product_cat-atelier-empreintes","7":"tm-no-options","9":"first","10":"instock","11":"taxable","12":"shipping-taxable","13":"product-type-variable"},"_links":{"self":[{"href":"https:\/\/www.ocshop.ch\/fr\/wp-json\/wp\/v2\/product\/10138","targetHints":{"allow":["GET"]}}],"collection":[{"href":"https:\/\/www.ocshop.ch\/fr\/wp-json\/wp\/v2\/product"}],"about":[{"href":"https:\/\/www.ocshop.ch\/fr\/wp-json\/wp\/v2\/types\/product"}],"wp:featuredmedia":[{"embeddable":true,"href":"https:\/\/www.ocshop.ch\/fr\/wp-json\/wp\/v2\/media\/6925"}],"wp:attachment":[{"href":"https:\/\/www.ocshop.ch\/fr\/wp-json\/wp\/v2\/media?parent=10138"}],"wp:term":[{"taxonomy":"product_brand","embeddable":true,"href":"https:\/\/www.ocshop.ch\/fr\/wp-json\/wp\/v2\/product_brand?post=10138"},{"taxonomy":"product_cat","embeddable":true,"href":"https:\/\/www.ocshop.ch\/fr\/wp-json\/wp\/v2\/product_cat?post=10138"},{"taxonomy":"product_tag","embeddable":true,"href":"https:\/\/www.ocshop.ch\/fr\/wp-json\/wp\/v2\/product_tag?post=10138"}],"curies":[{"name":"wp","href":"https:\/\/api.w.org\/{rel}","templated":true}]}}