{"id":10134,"date":"2011-03-17T11:06:35","date_gmt":"2011-03-17T11:06:35","guid":{"rendered":"https:\/\/shoptest.ocshop.ch\/produkt\/tube-corne-pp-a-paroi-epaisse-diametre-interieur-23-mm-transparent\/"},"modified":"2024-07-22T11:57:00","modified_gmt":"2024-07-22T09:57:00","slug":"tube-corne-pp-a-paroi-epaisse-diametre-interieur-23-mm-transparent","status":"publish","type":"product","link":"https:\/\/www.ocshop.ch\/fr\/produkt\/tube-corne-pp-a-paroi-epaisse-diametre-interieur-23-mm-transparent\/","title":{"rendered":"Tube \u00ab\u00a0corne\u00a0\u00bb PP, \u00e0 paroi \u00e9paisse, diam\u00e8tre int\u00e9rieur 4.0 mm, transparent"},"content":{"rendered":"<div class=\"variant-description\">L&rsquo;utilisation de tubes \u00ab\u00a0corne\u00a0\u00bb facilite le transport des sons \u00e0 haute fr\u00e9quence, qui sont importants pour la compr\u00e9hension.<br \/>\nVendu \u00e0 l&rsquo;unit\u00e9.<\/div>\n<div><\/div>\n<div class=\"variant-name\">Tube \u00ab\u00a0corne\u00a0\u00bb PP, \u00e0 paroi \u00e9paisse, diam\u00e8tre int\u00e9rieur 4,0 mm, transparent<\/div>\n<div class=\"product-specs-box\">\n<div class=\"specification-wrapper\"><span class=\"specification-name\">Diam\u00e8tre int\u00e9rieur :\u00a0<\/span><span class=\"specification-value\">4,0 mm<\/span><\/div>\n<\/div>\n","protected":false},"excerpt":{"rendered":"<p>L&rsquo;utilisation de tubes \u00ab\u00a0corne\u00a0\u00bb facilite le transport des sons \u00e0 haute fr\u00e9quence, qui sont importants pour la compr\u00e9hension. Vendu \u00e0 l&rsquo;unit\u00e9. Tube \u00ab\u00a0corne\u00a0\u00bb PP, \u00e0 paroi \u00e9paisse, diam\u00e8tre int\u00e9rieur 4,0 mm, transparent Diam\u00e8tre int\u00e9rieur :\u00a04,0 mm<\/p>\n","protected":false},"featured_media":6933,"template":"","meta":[],"product_brand":[],"product_cat":[467],"product_tag":[],"class_list":{"0":"post-10134","1":"product","2":"type-product","3":"status-publish","4":"has-post-thumbnail","6":"product_cat-atelier-empreintes","7":"tm-no-options","9":"first","10":"instock","11":"taxable","12":"shipping-taxable","13":"product-type-variable"},"_links":{"self":[{"href":"https:\/\/www.ocshop.ch\/fr\/wp-json\/wp\/v2\/product\/10134","targetHints":{"allow":["GET"]}}],"collection":[{"href":"https:\/\/www.ocshop.ch\/fr\/wp-json\/wp\/v2\/product"}],"about":[{"href":"https:\/\/www.ocshop.ch\/fr\/wp-json\/wp\/v2\/types\/product"}],"wp:featuredmedia":[{"embeddable":true,"href":"https:\/\/www.ocshop.ch\/fr\/wp-json\/wp\/v2\/media\/6933"}],"wp:attachment":[{"href":"https:\/\/www.ocshop.ch\/fr\/wp-json\/wp\/v2\/media?parent=10134"}],"wp:term":[{"taxonomy":"product_brand","embeddable":true,"href":"https:\/\/www.ocshop.ch\/fr\/wp-json\/wp\/v2\/product_brand?post=10134"},{"taxonomy":"product_cat","embeddable":true,"href":"https:\/\/www.ocshop.ch\/fr\/wp-json\/wp\/v2\/product_cat?post=10134"},{"taxonomy":"product_tag","embeddable":true,"href":"https:\/\/www.ocshop.ch\/fr\/wp-json\/wp\/v2\/product_tag?post=10134"}],"curies":[{"name":"wp","href":"https:\/\/api.w.org\/{rel}","templated":true}]}}