{"id":10133,"date":"2011-03-17T11:06:36","date_gmt":"2011-03-17T09:06:36","guid":{"rendered":"https:\/\/shoptest.ocshop.ch\/produkt\/ancrage-connecteur-en-metal-dore-court\/"},"modified":"2011-03-17T11:06:36","modified_gmt":"2011-03-17T09:06:36","slug":"ancrage-connecteur-en-metal-dore-court","status":"publish","type":"product","link":"https:\/\/www.ocshop.ch\/fr\/produkt\/ancrage-connecteur-en-metal-dore-court\/","title":{"rendered":"Ancrage\/connecteur en m\u00e9tal, dor\u00e9, court"},"content":{"rendered":"<p>\u00c9l\u00e9ment de fixation sp\u00e9cial pour tubes acoustiques destin\u00e9 \u00e0 une utilisation dans des otoplasties en silicone. Aucun collage n\u00e9cessaire.<\/p>\n<p>Longueur : 5 mm<\/p>\n","protected":false},"excerpt":{"rendered":"<p>\u00c9l\u00e9ment de fixation sp\u00e9cial pour tubes acoustiques destin\u00e9 \u00e0 une utilisation dans des otoplasties en silicone. Aucun collage n\u00e9cessaire. Longueur : 5 mm<\/p>\n","protected":false},"featured_media":1020,"template":"","meta":[],"product_brand":[],"product_cat":[467],"product_tag":[],"class_list":{"0":"post-10133","1":"product","2":"type-product","3":"status-publish","4":"has-post-thumbnail","6":"product_cat-atelier-empreintes","7":"tm-no-options","9":"first","10":"instock","11":"taxable","12":"shipping-taxable","13":"product-type-simple"},"_links":{"self":[{"href":"https:\/\/www.ocshop.ch\/fr\/wp-json\/wp\/v2\/product\/10133","targetHints":{"allow":["GET"]}}],"collection":[{"href":"https:\/\/www.ocshop.ch\/fr\/wp-json\/wp\/v2\/product"}],"about":[{"href":"https:\/\/www.ocshop.ch\/fr\/wp-json\/wp\/v2\/types\/product"}],"wp:featuredmedia":[{"embeddable":true,"href":"https:\/\/www.ocshop.ch\/fr\/wp-json\/wp\/v2\/media\/1020"}],"wp:attachment":[{"href":"https:\/\/www.ocshop.ch\/fr\/wp-json\/wp\/v2\/media?parent=10133"}],"wp:term":[{"taxonomy":"product_brand","embeddable":true,"href":"https:\/\/www.ocshop.ch\/fr\/wp-json\/wp\/v2\/product_brand?post=10133"},{"taxonomy":"product_cat","embeddable":true,"href":"https:\/\/www.ocshop.ch\/fr\/wp-json\/wp\/v2\/product_cat?post=10133"},{"taxonomy":"product_tag","embeddable":true,"href":"https:\/\/www.ocshop.ch\/fr\/wp-json\/wp\/v2\/product_tag?post=10133"}],"curies":[{"name":"wp","href":"https:\/\/api.w.org\/{rel}","templated":true}]}}