{"id":10131,"date":"2011-03-17T11:06:51","date_gmt":"2011-03-17T09:06:51","guid":{"rendered":"https:\/\/shoptest.ocshop.ch\/produkt\/equerres-etroites-coudees-oe-15-x-25-mm\/"},"modified":"2025-03-13T15:23:13","modified_gmt":"2025-03-13T13:23:13","slug":"equerres-etroites-coudees-oe-15-x-25-mm","status":"publish","type":"product","link":"https:\/\/www.ocshop.ch\/fr\/produkt\/equerres-etroites-coudees-oe-15-x-25-mm\/","title":{"rendered":"Contre-angle, pr\u00e9-courb\u00e9 \u00e9troit, \u00d8 1,5 x 2,5 mm, transparent, paquet &#8211; 10 pi\u00e8ces"},"content":{"rendered":"<div class=\"variant-description\">Avec cette version sp\u00e9ciale de l&rsquo;angle de l&rsquo;appareil auditif, les exigences pour une adaptation otoplastique exigeante peuvent \u00eatre encore mieux satisfaites. (L&rsquo;angle est de 60\u00b0 +\/-10\u00b0) <\/div>\n<div><\/div>\n<div class=\"variant-name\">Contre-angle, 1,5 x 2,5 mm, pr\u00e9-courb\u00e9 \u00e9troit, transparent<\/div>\n<div>Paquet &#8211; 10 pi\u00e8ces<\/div>\n<div class=\"product-specs-box\"><\/div>\n","protected":false},"excerpt":{"rendered":"<p>Avec cette version sp\u00e9ciale de l&rsquo;angle de l&rsquo;appareil auditif, les exigences pour une adaptation otoplastique exigeante peuvent \u00eatre encore mieux satisfaites. (L&rsquo;angle est de 60\u00b0 +\/-10\u00b0) Contre-angle, 1,5 x 2,5 mm, pr\u00e9-courb\u00e9 \u00e9troit, transparent Paquet &#8211; 10 pi\u00e8ces<\/p>\n","protected":false},"featured_media":7354,"template":"","meta":[],"product_brand":[],"product_cat":[467],"product_tag":[],"class_list":{"0":"post-10131","1":"product","2":"type-product","3":"status-publish","4":"has-post-thumbnail","6":"product_cat-atelier-empreintes","7":"tm-no-options","9":"first","10":"instock","11":"taxable","12":"shipping-taxable","13":"product-type-simple"},"_links":{"self":[{"href":"https:\/\/www.ocshop.ch\/fr\/wp-json\/wp\/v2\/product\/10131","targetHints":{"allow":["GET"]}}],"collection":[{"href":"https:\/\/www.ocshop.ch\/fr\/wp-json\/wp\/v2\/product"}],"about":[{"href":"https:\/\/www.ocshop.ch\/fr\/wp-json\/wp\/v2\/types\/product"}],"wp:featuredmedia":[{"embeddable":true,"href":"https:\/\/www.ocshop.ch\/fr\/wp-json\/wp\/v2\/media\/7354"}],"wp:attachment":[{"href":"https:\/\/www.ocshop.ch\/fr\/wp-json\/wp\/v2\/media?parent=10131"}],"wp:term":[{"taxonomy":"product_brand","embeddable":true,"href":"https:\/\/www.ocshop.ch\/fr\/wp-json\/wp\/v2\/product_brand?post=10131"},{"taxonomy":"product_cat","embeddable":true,"href":"https:\/\/www.ocshop.ch\/fr\/wp-json\/wp\/v2\/product_cat?post=10131"},{"taxonomy":"product_tag","embeddable":true,"href":"https:\/\/www.ocshop.ch\/fr\/wp-json\/wp\/v2\/product_tag?post=10131"}],"curies":[{"name":"wp","href":"https:\/\/api.w.org\/{rel}","templated":true}]}}