{"id":10130,"date":"2011-03-17T11:06:53","date_gmt":"2011-03-17T09:06:53","guid":{"rendered":"https:\/\/shoptest.ocshop.ch\/produkt\/equerres-etroites-coudees-20-x-30-mm\/"},"modified":"2025-03-13T15:23:00","modified_gmt":"2025-03-13T13:23:00","slug":"equerres-etroites-coudees-20-x-30-mm","status":"publish","type":"product","link":"https:\/\/www.ocshop.ch\/fr\/produkt\/equerres-etroites-coudees-20-x-30-mm\/","title":{"rendered":"Contre-angle, 2,0 x 3,0 mm, pr\u00e9-courb\u00e9 \u00e9troit, paquet &#8211; 10 pi\u00e8ces"},"content":{"rendered":"<p>Avec cette version sp\u00e9ciale de l&rsquo;angle de l&rsquo;appareil auditif, les exigences pour une adaptation otoplastique exigeante peuvent \u00eatre encore mieux satisfaites. (L&rsquo;angle est de 60\u00b0 +\/-10\u00b0) <\/p>\n<p>Contre-angle, 2,0 x 3,0 mm, pr\u00e9-courb\u00e9 \u00e9troit, transparent<\/p>\n<p>Paquet &#8211; 10 pi\u00e8ces<\/p>\n","protected":false},"excerpt":{"rendered":"<p>Avec cette version sp\u00e9ciale de l&rsquo;angle de l&rsquo;appareil auditif, les exigences pour une adaptation otoplastique exigeante peuvent \u00eatre encore mieux satisfaites. (L&rsquo;angle est de 60\u00b0 +\/-10\u00b0) Contre-angle, 2,0 x 3,0 mm, pr\u00e9-courb\u00e9 \u00e9troit, transparent Paquet &#8211; 10 pi\u00e8ces<\/p>\n","protected":false},"featured_media":7354,"template":"","meta":[],"product_brand":[],"product_cat":[467],"product_tag":[],"class_list":{"0":"post-10130","1":"product","2":"type-product","3":"status-publish","4":"has-post-thumbnail","6":"product_cat-atelier-empreintes","7":"tm-no-options","9":"first","10":"instock","11":"taxable","12":"shipping-taxable","13":"product-type-simple"},"_links":{"self":[{"href":"https:\/\/www.ocshop.ch\/fr\/wp-json\/wp\/v2\/product\/10130","targetHints":{"allow":["GET"]}}],"collection":[{"href":"https:\/\/www.ocshop.ch\/fr\/wp-json\/wp\/v2\/product"}],"about":[{"href":"https:\/\/www.ocshop.ch\/fr\/wp-json\/wp\/v2\/types\/product"}],"wp:featuredmedia":[{"embeddable":true,"href":"https:\/\/www.ocshop.ch\/fr\/wp-json\/wp\/v2\/media\/7354"}],"wp:attachment":[{"href":"https:\/\/www.ocshop.ch\/fr\/wp-json\/wp\/v2\/media?parent=10130"}],"wp:term":[{"taxonomy":"product_brand","embeddable":true,"href":"https:\/\/www.ocshop.ch\/fr\/wp-json\/wp\/v2\/product_brand?post=10130"},{"taxonomy":"product_cat","embeddable":true,"href":"https:\/\/www.ocshop.ch\/fr\/wp-json\/wp\/v2\/product_cat?post=10130"},{"taxonomy":"product_tag","embeddable":true,"href":"https:\/\/www.ocshop.ch\/fr\/wp-json\/wp\/v2\/product_tag?post=10130"}],"curies":[{"name":"wp","href":"https:\/\/api.w.org\/{rel}","templated":true}]}}