{"id":10119,"date":"2011-03-17T11:07:29","date_gmt":"2011-03-17T09:07:29","guid":{"rendered":"https:\/\/shoptest.ocshop.ch\/produkt\/latelier-mobile-sans-contenu\/"},"modified":"2025-01-07T15:37:15","modified_gmt":"2025-01-07T13:37:15","slug":"latelier-mobile-sans-contenu","status":"publish","type":"product","link":"https:\/\/www.ocshop.ch\/fr\/produkt\/latelier-mobile-sans-contenu\/","title":{"rendered":"L&rsquo;atelier roulant (sans contenu)"},"content":{"rendered":"<p>Pour une utilisation lors de visites \u00e0 domicile, d&rsquo;interventions \u00e0 l&rsquo;ext\u00e9rieur, d&rsquo;examens finaux, etc. <br \/>Tout peut \u00eatre rang\u00e9 de mani\u00e8re claire et compacte. <br \/>Aluminium noir<\/p>\n","protected":false},"excerpt":{"rendered":"<p>Pour une utilisation lors de visites \u00e0 domicile, d&rsquo;interventions \u00e0 l&rsquo;ext\u00e9rieur, d&rsquo;examens finaux, etc. Tout peut \u00eatre rang\u00e9 de mani\u00e8re claire et compacte. Aluminium noir<\/p>\n","protected":false},"featured_media":11583,"template":"","meta":[],"product_brand":[],"product_cat":[467],"product_tag":[],"class_list":{"0":"post-10119","1":"product","2":"type-product","3":"status-publish","4":"has-post-thumbnail","6":"product_cat-atelier-empreintes","7":"tm-no-options","9":"first","10":"instock","11":"taxable","12":"shipping-taxable","13":"product-type-simple"},"_links":{"self":[{"href":"https:\/\/www.ocshop.ch\/fr\/wp-json\/wp\/v2\/product\/10119","targetHints":{"allow":["GET"]}}],"collection":[{"href":"https:\/\/www.ocshop.ch\/fr\/wp-json\/wp\/v2\/product"}],"about":[{"href":"https:\/\/www.ocshop.ch\/fr\/wp-json\/wp\/v2\/types\/product"}],"wp:featuredmedia":[{"embeddable":true,"href":"https:\/\/www.ocshop.ch\/fr\/wp-json\/wp\/v2\/media\/11583"}],"wp:attachment":[{"href":"https:\/\/www.ocshop.ch\/fr\/wp-json\/wp\/v2\/media?parent=10119"}],"wp:term":[{"taxonomy":"product_brand","embeddable":true,"href":"https:\/\/www.ocshop.ch\/fr\/wp-json\/wp\/v2\/product_brand?post=10119"},{"taxonomy":"product_cat","embeddable":true,"href":"https:\/\/www.ocshop.ch\/fr\/wp-json\/wp\/v2\/product_cat?post=10119"},{"taxonomy":"product_tag","embeddable":true,"href":"https:\/\/www.ocshop.ch\/fr\/wp-json\/wp\/v2\/product_tag?post=10119"}],"curies":[{"name":"wp","href":"https:\/\/api.w.org\/{rel}","templated":true}]}}