{"id":10117,"date":"2011-03-17T11:06:25","date_gmt":"2011-03-17T09:06:25","guid":{"rendered":"https:\/\/shoptest.ocshop.ch\/produkt\/stethoclip-premium-bleu\/"},"modified":"2011-03-17T11:06:25","modified_gmt":"2011-03-17T09:06:25","slug":"stethoclip-premium-bleu","status":"publish","type":"product","link":"https:\/\/www.ocshop.ch\/fr\/produkt\/stethoclip-premium-bleu\/","title":{"rendered":"St\u00e9thoclip premium, bleu"},"content":{"rendered":"<p>La version premium, tout en un seul kit.<br \/>\nSt\u00e9thoclip avec embouts auriculaires rotatifs en plastique souple, y compris tube d&rsquo;\u00e9coute avec cloche d&rsquo;\u00e9coute. Pour faciliter l&rsquo;identification, chaque st\u00e9thoclip est \u00e9quip\u00e9 d&rsquo;une \u00e9tiquette nominative. Personnalisation parfaite pour l&rsquo;utilisateur.<\/p>\n","protected":false},"excerpt":{"rendered":"<p>La version premium, tout en un seul kit. St\u00e9thoclip avec embouts auriculaires rotatifs en plastique souple, y compris tube d&rsquo;\u00e9coute avec cloche d&rsquo;\u00e9coute. Pour faciliter l&rsquo;identification, chaque st\u00e9thoclip est \u00e9quip\u00e9 d&rsquo;une \u00e9tiquette nominative. Personnalisation parfaite pour l&rsquo;utilisateur.<\/p>\n","protected":false},"featured_media":7350,"template":"","meta":[],"product_brand":[],"product_cat":[467],"product_tag":[],"class_list":{"0":"post-10117","1":"product","2":"type-product","3":"status-publish","4":"has-post-thumbnail","6":"product_cat-atelier-empreintes","7":"tm-no-options","9":"first","10":"instock","11":"taxable","12":"shipping-taxable","13":"product-type-simple"},"_links":{"self":[{"href":"https:\/\/www.ocshop.ch\/fr\/wp-json\/wp\/v2\/product\/10117","targetHints":{"allow":["GET"]}}],"collection":[{"href":"https:\/\/www.ocshop.ch\/fr\/wp-json\/wp\/v2\/product"}],"about":[{"href":"https:\/\/www.ocshop.ch\/fr\/wp-json\/wp\/v2\/types\/product"}],"wp:featuredmedia":[{"embeddable":true,"href":"https:\/\/www.ocshop.ch\/fr\/wp-json\/wp\/v2\/media\/7350"}],"wp:attachment":[{"href":"https:\/\/www.ocshop.ch\/fr\/wp-json\/wp\/v2\/media?parent=10117"}],"wp:term":[{"taxonomy":"product_brand","embeddable":true,"href":"https:\/\/www.ocshop.ch\/fr\/wp-json\/wp\/v2\/product_brand?post=10117"},{"taxonomy":"product_cat","embeddable":true,"href":"https:\/\/www.ocshop.ch\/fr\/wp-json\/wp\/v2\/product_cat?post=10117"},{"taxonomy":"product_tag","embeddable":true,"href":"https:\/\/www.ocshop.ch\/fr\/wp-json\/wp\/v2\/product_tag?post=10117"}],"curies":[{"name":"wp","href":"https:\/\/api.w.org\/{rel}","templated":true}]}}