{"id":10116,"date":"2011-03-17T11:06:20","date_gmt":"2011-03-17T09:06:20","guid":{"rendered":"https:\/\/shoptest.ocshop.ch\/produkt\/tube-decoute-avec-cloche-beige-et-dispositif-de-connexion\/"},"modified":"2011-03-17T11:06:20","modified_gmt":"2011-03-17T09:06:20","slug":"tube-decoute-avec-cloche-beige-et-dispositif-de-connexion","status":"publish","type":"product","link":"https:\/\/www.ocshop.ch\/fr\/produkt\/tube-decoute-avec-cloche-beige-et-dispositif-de-connexion\/","title":{"rendered":"Tube d&rsquo;\u00e9coute avec cloche (beige) et dispositif de connexion"},"content":{"rendered":"<div class=\"overview\">\n<div class=\"overview-inner\">\n<div class=\"short-description\">\u00c0 raccorder \u00e0 un st\u00e9thoclip &#8211; r\u00e9f. 97000 ou r\u00e9f. 97006<\/div>\n<\/div>\n<\/div>\n","protected":false},"excerpt":{"rendered":"<p>\u00c0 raccorder \u00e0 un st\u00e9thoclip &#8211; r\u00e9f. 97000 ou r\u00e9f. 97006<\/p>\n","protected":false},"featured_media":6854,"template":"","meta":[],"product_brand":[],"product_cat":[467],"product_tag":[],"class_list":{"0":"post-10116","1":"product","2":"type-product","3":"status-publish","4":"has-post-thumbnail","6":"product_cat-atelier-empreintes","7":"tm-no-options","9":"first","10":"instock","11":"taxable","12":"shipping-taxable","13":"product-type-simple"},"_links":{"self":[{"href":"https:\/\/www.ocshop.ch\/fr\/wp-json\/wp\/v2\/product\/10116","targetHints":{"allow":["GET"]}}],"collection":[{"href":"https:\/\/www.ocshop.ch\/fr\/wp-json\/wp\/v2\/product"}],"about":[{"href":"https:\/\/www.ocshop.ch\/fr\/wp-json\/wp\/v2\/types\/product"}],"wp:featuredmedia":[{"embeddable":true,"href":"https:\/\/www.ocshop.ch\/fr\/wp-json\/wp\/v2\/media\/6854"}],"wp:attachment":[{"href":"https:\/\/www.ocshop.ch\/fr\/wp-json\/wp\/v2\/media?parent=10116"}],"wp:term":[{"taxonomy":"product_brand","embeddable":true,"href":"https:\/\/www.ocshop.ch\/fr\/wp-json\/wp\/v2\/product_brand?post=10116"},{"taxonomy":"product_cat","embeddable":true,"href":"https:\/\/www.ocshop.ch\/fr\/wp-json\/wp\/v2\/product_cat?post=10116"},{"taxonomy":"product_tag","embeddable":true,"href":"https:\/\/www.ocshop.ch\/fr\/wp-json\/wp\/v2\/product_tag?post=10116"}],"curies":[{"name":"wp","href":"https:\/\/api.w.org\/{rel}","templated":true}]}}